{"id":997,"date":"2020-01-15T19:22:52","date_gmt":"2020-01-15T19:22:52","guid":{"rendered":"http:\/\/medivoucher.com\/?page_id=997"},"modified":"2020-01-20T18:24:16","modified_gmt":"2020-01-20T15:24:16","slug":"medikal-turizm-destinasyonu","status":"publish","type":"page","link":"https:\/\/www.medivoucher.com\/TR\/medikal-turizm-destinasyonu\/","title":{"rendered":"Medikal Turizm Destinasyonu"},"content":{"rendered":"\n<style type=\"text\/css\" data-created_by=\"avia_inline_auto\" id=\"style-css-av-k5f0bhjg-5d94983c22256dcf4e05fae31eee000a\">\n.avia-section.av-k5f0bhjg-5d94983c22256dcf4e05fae31eee000a{\nbackground-repeat:no-repeat;\nbackground-image:url(https:\/\/www.medivoucher.com\/TR\/wp-content\/uploads\/2020\/01\/1-1.jpg);\nbackground-position:50% 50%;\nbackground-attachment:fixed;\n}\n.avia-section.av-k5f0bhjg-5d94983c22256dcf4e05fae31eee000a .av-section-color-overlay{\nopacity:0.5;\nbackground-color:#7bb0e7;\nbackground-image:url(https:\/\/www.medivoucher.com\/TR\/wp-content\/themes\/enfold\/enfold\/images\/background-images\/dots-for-light-background.png);\nbackground-repeat:repeat;\n}\n<\/style>\n<div id='av_section_1'  class='avia-section av-k5f0bhjg-5d94983c22256dcf4e05fae31eee000a main_color avia-section-default avia-shadow  avia-builder-el-0  el_before_av_layout_row  avia-builder-el-first  avia-full-stretch avia-bg-style-fixed av-section-color-overlay-active av-minimum-height av-minimum-height-custom  container_wrap fullsize'  data-section-bg-repeat='stretch'><div class=\"av-section-color-overlay-wrap\"><div class=\"av-section-color-overlay\"><\/div><a href='#next-section' title='' class='scroll-down-link ' aria-hidden='true' data-av_icon='\ue877' data-av_iconfont='entypo-fontello'><\/a><div class='container av-section-cont-open' style='height:400px'><main  role=\"main\" itemprop=\"mainContentOfPage\"  class='template-page content  av-content-full alpha units'><div class='post-entry post-entry-type-page post-entry-997'><div class='entry-content-wrapper clearfix'>\n\n<style type=\"text\/css\" data-created_by=\"avia_inline_auto\" id=\"style-css-av-k5i4c0tp-5a1a288aa0d6ffd8752098e108ff6710\">\n#top .av-special-heading.av-k5i4c0tp-5a1a288aa0d6ffd8752098e108ff6710{\npadding-bottom:10px;\ncolor:#ffffff;\nfont-size:35px;\n}\nbody .av-special-heading.av-k5i4c0tp-5a1a288aa0d6ffd8752098e108ff6710 .av-special-heading-tag .heading-char{\nfont-size:25px;\n}\n#top #wrap_all .av-special-heading.av-k5i4c0tp-5a1a288aa0d6ffd8752098e108ff6710 .av-special-heading-tag{\nfont-size:35px;\n}\n.av-special-heading.av-k5i4c0tp-5a1a288aa0d6ffd8752098e108ff6710 .special-heading-inner-border{\nborder-color:#ffffff;\n}\n.av-special-heading.av-k5i4c0tp-5a1a288aa0d6ffd8752098e108ff6710 .av-subheading{\nfont-size:15px;\n}\n<\/style>\n<div  class='av-special-heading av-k5i4c0tp-5a1a288aa0d6ffd8752098e108ff6710 av-special-heading-h2 custom-color-heading blockquote modern-quote modern-centered  avia-builder-el-1  avia-builder-el-no-sibling  av-inherit-size'><h2 class='av-special-heading-tag'  itemprop=\"headline\"  >Medikal Turizm Destinasyonu<\/h2><div class=\"special-heading-border\"><div class=\"special-heading-inner-border\"><\/div><\/div><\/div>\n\n<\/div><\/div><\/main><!-- close content main element --><\/div><\/div><\/div><div id='sirket'  class='av-layout-grid-container av-k5f0wqi2-956288f907f8e5a0fbb75643733e1eb7 entry-content-wrapper main_color av-flex-cells  avia-builder-el-2  el_after_av_section  el_before_av_layout_row  grid-row-not-first  container_wrap fullsize'  >\n\n<style type=\"text\/css\" data-created_by=\"avia_inline_auto\" id=\"style-css-av-k5f10rcl-6c84e31bc0dbc10c5c4b8f1f057e11b7\">\n.flex_cell.av-k5f10rcl-6c84e31bc0dbc10c5c4b8f1f057e11b7{\nvertical-align:middle;\nheight:500px;\nmin-height:500px;\npadding:30px 30px 30px 30px;\n}\n<\/style>\n<div class='flex_cell av_one_half av-k5f10rcl-6c84e31bc0dbc10c5c4b8f1f057e11b7 no_margin  avia-builder-el-3  el_before_av_cell_one_half  avia-builder-el-first ' ><div class='flex_cell_inner'>\n<style type=\"text\/css\" data-created_by=\"avia_inline_auto\" id=\"style-css-av-k5for34q-bc4fda29ccd383c270d3206e792f9667\">\n.flex_column.av-k5for34q-bc4fda29ccd383c270d3206e792f9667{\nborder-radius:0px 0px 0px 0px;\n-webkit-border-radius:0px 0px 0px 0px;\n-moz-border-radius:0px 0px 0px 0px;\n}\n<\/style>\n<div class='flex_column av-k5for34q-bc4fda29ccd383c270d3206e792f9667 av_one_full  avia-builder-el-4  avia-builder-el-no-sibling  first flex_column_div  av-animated-generic left-to-right av-zero-column-padding '   ><p>\n<style type=\"text\/css\" data-created_by=\"avia_inline_auto\" id=\"style-css-av-98r5x-dfeeec95fca6e545becc6c848a8329c0\">\n#top .av-special-heading.av-98r5x-dfeeec95fca6e545becc6c848a8329c0{\npadding-bottom:10px;\ncolor:#007da5;\n}\nbody .av-special-heading.av-98r5x-dfeeec95fca6e545becc6c848a8329c0 .av-special-heading-tag .heading-char{\nfont-size:25px;\n}\n.av-special-heading.av-98r5x-dfeeec95fca6e545becc6c848a8329c0 .special-heading-inner-border{\nborder-color:#007da5;\n}\n.av-special-heading.av-98r5x-dfeeec95fca6e545becc6c848a8329c0 .av-subheading{\nfont-size:15px;\n}\n<\/style>\n<div  class='av-special-heading av-98r5x-dfeeec95fca6e545becc6c848a8329c0 av-special-heading-h3 custom-color-heading  avia-builder-el-5  el_before_av_textblock  avia-builder-el-first '><h3 class='av-special-heading-tag'  itemprop=\"headline\"  >Sa\u011fl\u0131k Hizmeti Merkeziniz T\u00fcrkiye<\/h3><div class=\"special-heading-border\"><div class=\"special-heading-inner-border\"><\/div><\/div><\/div><br \/>\n<section  class='av_textblock_section av-k5f0cozc-952e157776842d4c8019a693fe5260dc'  itemscope=\"itemscope\" itemtype=\"https:\/\/schema.org\/CreativeWork\" ><div class='avia_textblock'  itemprop=\"text\" ><p>Avrupa Birli\u011fine uyum yasalar\u0131 s\u00fcrecinde T\u00fcrkiye\u2019de sa\u011fl\u0131k sekt\u00f6r\u00fcnde, son y\u0131llarda b\u00fcy\u00fck reformlar ve yat\u0131r\u0131mlar ger\u00e7ekle\u015ftirilmi\u015ftir. Sa\u011fl\u0131k Bakanl\u0131\u011f\u0131 taraf\u0131ndan ger\u00e7ekle\u015ftirilen bir dizi reform sayesinde, \u00fclkemizdeki y\u00fcksek doktor kalitesine ilaveten, sa\u011fl\u0131k sisteminin kalitesi ve verimlili\u011fi ve teknolojik imkanlar\u0131 da \u00fcst seviyelere y\u00fckselmi\u015ftir.<\/p>\n<p>\u00dclkemiz, geli\u015fmi\u015f teknolojik alt yap\u0131l\u0131 modern hastaneleri, yeti\u015fmi\u015f insan g\u00fcc\u00fc, alan\u0131nda tecr\u00fcbeli uzman doktorlar\u0131 ile ve co\u011frafi konumu nedeniyle de b\u00fct\u00fcn d\u00fcnya \u00fclkeleri vatanda\u015flar\u0131na Avrupa standartlar\u0131nda olduk\u00e7a makul fiyatlarda hizmet vermektedir.<\/p>\n<\/div><\/section><\/p><\/div>\n<\/div><\/div>\n<style type=\"text\/css\" data-created_by=\"avia_inline_auto\" id=\"style-css-av-k5f0sol0-7b95ebe6eea57e5cb230e66a8878e27a\">\n.flex_cell.av-k5f0sol0-7b95ebe6eea57e5cb230e66a8878e27a{\nvertical-align:top;\nheight:500px;\nmin-height:500px;\npadding:30px 30px 30px 30px;\nbackground:url(https:\/\/www.medivoucher.com\/TR\/wp-content\/uploads\/2020\/01\/Medikal-Turizm-Destinasyonu1-1.jpg) 50% 50% no-repeat scroll ;\n}\n<\/style>\n<div class='flex_cell av_one_half av-k5f0sol0-7b95ebe6eea57e5cb230e66a8878e27a no_margin  avia-builder-el-7  el_after_av_cell_one_half  avia-builder-el-last  avia-full-stretch' ><div class='flex_cell_inner'><\/div><\/div>\n<\/div>\n<div id='kurumsal'  class='av-layout-grid-container av-k5f0wwfl-40c053c253512f23c7c216a43a087f65 entry-content-wrapper main_color av-flex-cells  avia-builder-el-8  el_after_av_layout_row  el_before_av_layout_row  grid-row-not-first  container_wrap fullsize'  >\n\n<style type=\"text\/css\" data-created_by=\"avia_inline_auto\" id=\"style-css-av-k5f0t9fj-01d9508a1a8d9c21ccd07075fd6b16db\">\n.flex_cell.av-k5f0t9fj-01d9508a1a8d9c21ccd07075fd6b16db{\nvertical-align:middle;\nheight:500px;\nmin-height:500px;\npadding:30px 30px 30px 30px;\nbackground:url(https:\/\/www.medivoucher.com\/TR\/wp-content\/uploads\/2020\/01\/Medikal-Turizm-Destinasyonu2-1.jpg) 50% 50% no-repeat scroll ;\n}\n<\/style>\n<div class='flex_cell av_one_half av-k5f0t9fj-01d9508a1a8d9c21ccd07075fd6b16db no_margin  avia-builder-el-9  el_before_av_cell_one_half  avia-builder-el-first  avia-full-stretch' ><div class='flex_cell_inner'><\/div><\/div>\n<style type=\"text\/css\" data-created_by=\"avia_inline_auto\" id=\"style-css-av-k5f0ti2g-582786707ff135205b7fb5e515bba196\">\n.flex_cell.av-k5f0ti2g-582786707ff135205b7fb5e515bba196{\nvertical-align:middle;\nheight:500px;\nmin-height:500px;\npadding:30px 30px 30px 30px;\n}\n<\/style>\n<div class='flex_cell av_one_half av-k5f0ti2g-582786707ff135205b7fb5e515bba196 no_margin  avia-builder-el-10  el_after_av_cell_one_half  avia-builder-el-last ' ><div class='flex_cell_inner'>\n<style type=\"text\/css\" data-created_by=\"avia_inline_auto\" id=\"style-css-av-k5formpj-399f3f05d281bdfb315329f0d30c66f6\">\n.flex_column.av-k5formpj-399f3f05d281bdfb315329f0d30c66f6{\nborder-radius:0px 0px 0px 0px;\n-webkit-border-radius:0px 0px 0px 0px;\n-moz-border-radius:0px 0px 0px 0px;\n}\n<\/style>\n<div class='flex_column av-k5formpj-399f3f05d281bdfb315329f0d30c66f6 av_one_full  avia-builder-el-11  avia-builder-el-no-sibling  first flex_column_div  av-animated-generic right-to-left av-zero-column-padding '   ><section  class='av_textblock_section av-k5f0cozc-94a69ae196a0a7a0778fcccdbf428bc1'  itemscope=\"itemscope\" itemtype=\"https:\/\/schema.org\/CreativeWork\" ><div class='avia_textblock'  itemprop=\"text\" ><p>Ayr\u0131ca, sa\u011fl\u0131k turizmi ile ilgili olarak 2017 y\u0131l\u0131ndan itibaren devlet taraf\u0131ndan getirilen y\u00fcksek kalite ve hizmet standartlar\u0131n\u0131 sa\u011flayan kriterler, T\u00fcrkiye\u2019yi sa\u011fl\u0131k turizmi i\u00e7in tercih eden hastalar\u0131n beklenti ve ihtiya\u00e7lar\u0131n\u0131n \u00fcst seviyede kar\u015f\u0131lanmas\u0131nda \u00f6nemli rol oynayacakt\u0131r.<\/p>\n<p>Hem tarihi ve k\u00fclt\u00fcrel zenginli\u011fi, hem de sa\u011fl\u0131k alan\u0131ndaki geli\u015fmi\u015flik seviyesi ile T\u00fcrkiye, her bak\u0131mdan d\u00fcnyan\u0131n en g\u00f6zde \u00fclkelerinden biridir. \u00dclkemizin her k\u00f6\u015fesinin bir cennet niteli\u011fi ta\u015f\u0131d\u0131\u011f\u0131 t\u00fcm d\u00fcnya \u00fclkeleri taraf\u0131ndan bilinmekle birlikte \u00f6zellikle \u0130stanbul ve Antalya yabanc\u0131lar\u0131n en fazla ziyaret etti\u011fi \u015fehirler olup, sa\u011fl\u0131k turizmi i\u00e7in de \u015firketimizin a\u011f\u0131rl\u0131kl\u0131 olarak bu iki pop\u00fcler \u015fehirdeki hastanelerle anla\u015fmalar\u0131 bulunmaktad\u0131r.\u00a0 Her y\u0131l 30-40 milyon yabanc\u0131 turist say\u0131s\u0131na ula\u015fan T\u00fcrkiye, ileri teknoloji kullanan ve d\u00fcnya genelindeki \u00f6rneklerine oranla \u00f6nemli fiyat avantajlar\u0131 sunan sa\u011fl\u0131k tesisleri ile Sa\u011fl\u0131k Turizm\u2019inde olduk\u00e7a ilerlemi\u015ftir.<\/p>\n<\/div><\/section><\/div>\n<\/div><\/div>\n<\/div>\n<div id='sirket'  class='av-layout-grid-container av-k5f0wqi2-956288f907f8e5a0fbb75643733e1eb7 entry-content-wrapper main_color av-flex-cells  avia-builder-el-13  el_after_av_layout_row  avia-builder-el-last  grid-row-not-first  container_wrap fullsize'  >\n\n<style type=\"text\/css\" data-created_by=\"avia_inline_auto\" id=\"style-css-av-k5f10rcl-6c84e31bc0dbc10c5c4b8f1f057e11b7\">\n.flex_cell.av-k5f10rcl-6c84e31bc0dbc10c5c4b8f1f057e11b7{\nvertical-align:middle;\nheight:500px;\nmin-height:500px;\npadding:30px 30px 30px 30px;\n}\n<\/style>\n<div class='flex_cell av_one_half av-k5f10rcl-6c84e31bc0dbc10c5c4b8f1f057e11b7 no_margin  avia-builder-el-14  el_before_av_cell_one_half  avia-builder-el-first ' ><div class='flex_cell_inner'>\n<style type=\"text\/css\" data-created_by=\"avia_inline_auto\" id=\"style-css-av-k5for34q-bc4fda29ccd383c270d3206e792f9667\">\n.flex_column.av-k5for34q-bc4fda29ccd383c270d3206e792f9667{\nborder-radius:0px 0px 0px 0px;\n-webkit-border-radius:0px 0px 0px 0px;\n-moz-border-radius:0px 0px 0px 0px;\n}\n<\/style>\n<div class='flex_column av-k5for34q-bc4fda29ccd383c270d3206e792f9667 av_one_full  avia-builder-el-15  avia-builder-el-no-sibling  first flex_column_div  av-animated-generic left-to-right av-zero-column-padding '   ><section  class='av_textblock_section av-k5f0cozc-952e157776842d4c8019a693fe5260dc'  itemscope=\"itemscope\" itemtype=\"https:\/\/schema.org\/CreativeWork\" ><div class='avia_textblock'  itemprop=\"text\" ><p>T\u00fcrkiye\u2019de bir\u00e7ok \u00f6zel hastanenin sa\u011fl\u0131k hizmetleri kalitesi d\u00fcnyaca \u00fcnl\u00fc akreditasyon kurulu\u015flar\u0131 taraf\u0131ndan onaylanm\u0131\u015f bulunmaktad\u0131r. T\u00fcrkiye, JCI (Joint Comissions International\/Uluslararas\u0131 Birle\u015fik Komisyonu)\u00a0 taraf\u0131ndan onaylanm\u0131\u015f toplam 42 sa\u011fl\u0131k kurulu\u015fuyla d\u00fcnya genelinde ikinci s\u0131radad\u0131r. T\u00fcrkiye, ayr\u0131ca sahip oldu\u011fu termal kapl\u0131calar\u0131 ve do\u011fal g\u00fczellikleri ile de Sa\u011fl\u0131k Turizmi a\u00e7\u0131s\u0131ndan e\u015fsiz bir sa\u011fl\u0131k hizmetleri merkezidir.<\/p>\n<\/div><\/section><\/div>\n<\/div><\/div>\n<style type=\"text\/css\" data-created_by=\"avia_inline_auto\" id=\"style-css-av-k5f0sol0-4e6a30f541c6525083a56a93aa2c3c45\">\n.flex_cell.av-k5f0sol0-4e6a30f541c6525083a56a93aa2c3c45{\nvertical-align:top;\nheight:500px;\nmin-height:500px;\npadding:30px 30px 30px 30px;\nbackground:url(https:\/\/www.medivoucher.com\/TR\/wp-content\/uploads\/2020\/01\/Medikal-Turizm-Destinasyonu3-1.jpg) 50% 50% no-repeat scroll ;\n}\n<\/style>\n<div class='flex_cell av_one_half av-k5f0sol0-4e6a30f541c6525083a56a93aa2c3c45 no_margin  avia-builder-el-17  el_after_av_cell_one_half  avia-builder-el-last  avia-full-stretch' ><div class='flex_cell_inner'><\/div><\/div>\n<\/div>\n","protected":false},"excerpt":{"rendered":"","protected":false},"author":1,"featured_media":0,"parent":0,"menu_order":0,"comment_status":"closed","ping_status":"closed","template":"","meta":{"footnotes":""},"_links":{"self":[{"href":"https:\/\/www.medivoucher.com\/TR\/wp-json\/wp\/v2\/pages\/997"}],"collection":[{"href":"https:\/\/www.medivoucher.com\/TR\/wp-json\/wp\/v2\/pages"}],"about":[{"href":"https:\/\/www.medivoucher.com\/TR\/wp-json\/wp\/v2\/types\/page"}],"author":[{"embeddable":true,"href":"https:\/\/www.medivoucher.com\/TR\/wp-json\/wp\/v2\/users\/1"}],"replies":[{"embeddable":true,"href":"https:\/\/www.medivoucher.com\/TR\/wp-json\/wp\/v2\/comments?post=997"}],"version-history":[{"count":6,"href":"https:\/\/www.medivoucher.com\/TR\/wp-json\/wp\/v2\/pages\/997\/revisions"}],"predecessor-version":[{"id":1251,"href":"https:\/\/www.medivoucher.com\/TR\/wp-json\/wp\/v2\/pages\/997\/revisions\/1251"}],"wp:attachment":[{"href":"https:\/\/www.medivoucher.com\/TR\/wp-json\/wp\/v2\/media?parent=997"}],"curies":[{"name":"wp","href":"https:\/\/api.w.org\/{rel}","templated":true}]}}