{"id":987,"date":"2020-01-15T19:21:48","date_gmt":"2020-01-15T19:21:48","guid":{"rendered":"http:\/\/medivoucher.com\/?page_id=987"},"modified":"2020-02-24T16:11:20","modified_gmt":"2020-02-24T13:11:20","slug":"ucak-biletleri","status":"publish","type":"page","link":"https:\/\/www.medivoucher.com\/TR\/ucak-biletleri\/","title":{"rendered":"U\u00e7ak Biletleri"},"content":{"rendered":"\n<style type=\"text\/css\" data-created_by=\"avia_inline_auto\" id=\"style-css-av-k5f0bhjg-5d94983c22256dcf4e05fae31eee000a\">\n.avia-section.av-k5f0bhjg-5d94983c22256dcf4e05fae31eee000a{\nbackground-repeat:no-repeat;\nbackground-image:url(https:\/\/www.medivoucher.com\/TR\/wp-content\/uploads\/2020\/01\/1-1.jpg);\nbackground-position:50% 50%;\nbackground-attachment:fixed;\n}\n.avia-section.av-k5f0bhjg-5d94983c22256dcf4e05fae31eee000a .av-section-color-overlay{\nopacity:0.5;\nbackground-color:#7bb0e7;\nbackground-image:url(https:\/\/www.medivoucher.com\/TR\/wp-content\/themes\/enfold\/enfold\/images\/background-images\/dots-for-light-background.png);\nbackground-repeat:repeat;\n}\n<\/style>\n<div id='av_section_1'  class='avia-section av-k5f0bhjg-5d94983c22256dcf4e05fae31eee000a main_color avia-section-default avia-shadow  avia-builder-el-0  el_before_av_layout_row  avia-builder-el-first  avia-full-stretch avia-bg-style-fixed av-section-color-overlay-active av-minimum-height av-minimum-height-custom  container_wrap fullsize'  data-section-bg-repeat='stretch'><div class=\"av-section-color-overlay-wrap\"><div class=\"av-section-color-overlay\"><\/div><a href='#next-section' title='' class='scroll-down-link ' aria-hidden='true' data-av_icon='\ue877' data-av_iconfont='entypo-fontello'><\/a><div class='container av-section-cont-open' style='height:400px'><main  role=\"main\" itemprop=\"mainContentOfPage\"  class='template-page content  av-content-full alpha units'><div class='post-entry post-entry-type-page post-entry-987'><div class='entry-content-wrapper clearfix'>\n\n<style type=\"text\/css\" data-created_by=\"avia_inline_auto\" id=\"style-css-av-k70hc27m-986a2c48fe3e8724b1bce4be63872862\">\n#top .av-special-heading.av-k70hc27m-986a2c48fe3e8724b1bce4be63872862{\npadding-bottom:10px;\ncolor:#ffffff;\nfont-size:35px;\n}\nbody .av-special-heading.av-k70hc27m-986a2c48fe3e8724b1bce4be63872862 .av-special-heading-tag .heading-char{\nfont-size:25px;\n}\n#top #wrap_all .av-special-heading.av-k70hc27m-986a2c48fe3e8724b1bce4be63872862 .av-special-heading-tag{\nfont-size:35px;\n}\n.av-special-heading.av-k70hc27m-986a2c48fe3e8724b1bce4be63872862 .special-heading-inner-border{\nborder-color:#ffffff;\n}\n.av-special-heading.av-k70hc27m-986a2c48fe3e8724b1bce4be63872862 .av-subheading{\nfont-size:15px;\n}\n<\/style>\n<div  class='av-special-heading av-k70hc27m-986a2c48fe3e8724b1bce4be63872862 av-special-heading-h2 custom-color-heading blockquote modern-quote modern-centered  avia-builder-el-1  avia-builder-el-no-sibling  av-inherit-size'><h2 class='av-special-heading-tag'  itemprop=\"headline\"  >U\u00e7ak Biletleri<\/h2><div class=\"special-heading-border\"><div class=\"special-heading-inner-border\"><\/div><\/div><\/div>\n<\/div><\/div><\/main><!-- close content main element --><\/div><\/div><\/div><div id='sirket'  class='av-layout-grid-container av-k5f0wqi2-956288f907f8e5a0fbb75643733e1eb7 entry-content-wrapper main_color av-flex-cells  avia-builder-el-2  el_after_av_section  avia-builder-el-last  grid-row-not-first  container_wrap fullsize'  >\n\n<style type=\"text\/css\" data-created_by=\"avia_inline_auto\" id=\"style-css-av-k5f10rcl-6c84e31bc0dbc10c5c4b8f1f057e11b7\">\n.flex_cell.av-k5f10rcl-6c84e31bc0dbc10c5c4b8f1f057e11b7{\nvertical-align:middle;\nheight:500px;\nmin-height:500px;\npadding:30px 30px 30px 30px;\n}\n<\/style>\n<div class='flex_cell av_one_half av-k5f10rcl-6c84e31bc0dbc10c5c4b8f1f057e11b7 no_margin  avia-builder-el-3  el_before_av_cell_one_half  avia-builder-el-first ' ><div class='flex_cell_inner'>\n<style type=\"text\/css\" data-created_by=\"avia_inline_auto\" id=\"style-css-av-k5for34q-bc4fda29ccd383c270d3206e792f9667\">\n.flex_column.av-k5for34q-bc4fda29ccd383c270d3206e792f9667{\nborder-radius:0px 0px 0px 0px;\n-webkit-border-radius:0px 0px 0px 0px;\n-moz-border-radius:0px 0px 0px 0px;\n}\n<\/style>\n<div class='flex_column av-k5for34q-bc4fda29ccd383c270d3206e792f9667 av_one_full  avia-builder-el-4  avia-builder-el-no-sibling  first flex_column_div  av-animated-generic left-to-right av-zero-column-padding '   ><section  class='av_textblock_section av-k5f0cozc-952e157776842d4c8019a693fe5260dc'  itemscope=\"itemscope\" itemtype=\"https:\/\/schema.org\/CreativeWork\" ><div class='avia_textblock'  itemprop=\"text\" ><p>\u015eirketimiz\u00a0 A s\u0131n\u0131f\u0131 bir \u00a0seyahat acentesi olup, yerli ve yabanc\u0131 t\u00fcm hava yolu \u015firketlerinin biletlerini, b\u00fct\u00e7enize ve seyahat plan\u0131n\u0131za uygun olabilecek en iyi fiyatl\u0131 u\u00e7ak bileti alternatiflerini size sunarak biletlerinizi sizin i\u00e7in temin edebilir.<\/p>\n<p>\u00c7a\u011fr\u0131 merkezimize ula\u015farak t\u00fcm hava yolu \u015firketlerinin en ekonomik u\u00e7ak biletlerini g\u00fcvenle ve zahmetsizce sat\u0131n alabilirsiniz. MediVoucher Ekibi size \u00f6zel dan\u0131\u015fmanl\u0131k hizmeti, rezervasyon de\u011fi\u015fiklik ve iptal taleplerinizde m\u00fcmk\u00fcn olan kolayl\u0131klarla size h\u0131zla destek sa\u011flar.<\/p>\n<\/div><\/section><\/div>\n<\/div><\/div>\n<style type=\"text\/css\" data-created_by=\"avia_inline_auto\" id=\"style-css-av-k5f0sol0-a9cc11671f1c23022e1aef931f26f1c0\">\n.flex_cell.av-k5f0sol0-a9cc11671f1c23022e1aef931f26f1c0{\nvertical-align:top;\nheight:500px;\nmin-height:500px;\npadding:30px 30px 30px 30px;\nbackground:url(https:\/\/www.medivoucher.com\/TR\/wp-content\/uploads\/2020\/01\/ucus.jpg) 50% 50% no-repeat scroll ;\n}\n<\/style>\n<div class='flex_cell av_one_half av-k5f0sol0-a9cc11671f1c23022e1aef931f26f1c0 no_margin  avia-builder-el-6  el_after_av_cell_one_half  avia-builder-el-last  avia-full-stretch' ><div class='flex_cell_inner'><\/div><\/div>\n<\/div><\/p>\n","protected":false},"excerpt":{"rendered":"","protected":false},"author":1,"featured_media":0,"parent":0,"menu_order":0,"comment_status":"closed","ping_status":"closed","template":"","meta":{"footnotes":""},"_links":{"self":[{"href":"https:\/\/www.medivoucher.com\/TR\/wp-json\/wp\/v2\/pages\/987"}],"collection":[{"href":"https:\/\/www.medivoucher.com\/TR\/wp-json\/wp\/v2\/pages"}],"about":[{"href":"https:\/\/www.medivoucher.com\/TR\/wp-json\/wp\/v2\/types\/page"}],"author":[{"embeddable":true,"href":"https:\/\/www.medivoucher.com\/TR\/wp-json\/wp\/v2\/users\/1"}],"replies":[{"embeddable":true,"href":"https:\/\/www.medivoucher.com\/TR\/wp-json\/wp\/v2\/comments?post=987"}],"version-history":[{"count":8,"href":"https:\/\/www.medivoucher.com\/TR\/wp-json\/wp\/v2\/pages\/987\/revisions"}],"predecessor-version":[{"id":1362,"href":"https:\/\/www.medivoucher.com\/TR\/wp-json\/wp\/v2\/pages\/987\/revisions\/1362"}],"wp:attachment":[{"href":"https:\/\/www.medivoucher.com\/TR\/wp-json\/wp\/v2\/media?parent=987"}],"curies":[{"name":"wp","href":"https:\/\/api.w.org\/{rel}","templated":true}]}}