{"id":980,"date":"2020-01-15T19:20:53","date_gmt":"2020-01-15T19:20:53","guid":{"rendered":"http:\/\/medivoucher.com\/?page_id=980"},"modified":"2020-01-28T15:46:44","modified_gmt":"2020-01-28T12:46:44","slug":"vize-bilgisi","status":"publish","type":"page","link":"https:\/\/www.medivoucher.com\/TR\/vize-bilgisi\/","title":{"rendered":"Vize Bilgisi"},"content":{"rendered":"\n<style type=\"text\/css\" data-created_by=\"avia_inline_auto\" id=\"style-css-av-k5f0bhjg-5d94983c22256dcf4e05fae31eee000a\">\n.avia-section.av-k5f0bhjg-5d94983c22256dcf4e05fae31eee000a{\nbackground-repeat:no-repeat;\nbackground-image:url(https:\/\/www.medivoucher.com\/TR\/wp-content\/uploads\/2020\/01\/1-1.jpg);\nbackground-position:50% 50%;\nbackground-attachment:fixed;\n}\n.avia-section.av-k5f0bhjg-5d94983c22256dcf4e05fae31eee000a .av-section-color-overlay{\nopacity:0.5;\nbackground-color:#7bb0e7;\nbackground-image:url(https:\/\/www.medivoucher.com\/TR\/wp-content\/themes\/enfold\/enfold\/images\/background-images\/dots-for-light-background.png);\nbackground-repeat:repeat;\n}\n<\/style>\n<div id='av_section_1'  class='avia-section av-k5f0bhjg-5d94983c22256dcf4e05fae31eee000a main_color avia-section-default avia-shadow  avia-builder-el-0  el_before_av_layout_row  avia-builder-el-first  avia-full-stretch avia-bg-style-fixed av-section-color-overlay-active av-minimum-height av-minimum-height-custom  container_wrap fullsize'  data-section-bg-repeat='stretch'><div class=\"av-section-color-overlay-wrap\"><div class=\"av-section-color-overlay\"><\/div><a href='#next-section' title='' class='scroll-down-link ' aria-hidden='true' data-av_icon='\ue877' data-av_iconfont='entypo-fontello'><\/a><div class='container av-section-cont-open' style='height:400px'><main  role=\"main\" itemprop=\"mainContentOfPage\"  class='template-page content  av-content-full alpha units'><div class='post-entry post-entry-type-page post-entry-980'><div class='entry-content-wrapper clearfix'>\n\n<style type=\"text\/css\" data-created_by=\"avia_inline_auto\" id=\"style-css-av-k5xvkcrv-8a136d6a3459985115d79eef21766a59\">\n#top .av-special-heading.av-k5xvkcrv-8a136d6a3459985115d79eef21766a59{\npadding-bottom:10px;\ncolor:#ffffff;\nfont-size:35px;\n}\nbody .av-special-heading.av-k5xvkcrv-8a136d6a3459985115d79eef21766a59 .av-special-heading-tag .heading-char{\nfont-size:25px;\n}\n#top #wrap_all .av-special-heading.av-k5xvkcrv-8a136d6a3459985115d79eef21766a59 .av-special-heading-tag{\nfont-size:35px;\n}\n.av-special-heading.av-k5xvkcrv-8a136d6a3459985115d79eef21766a59 .special-heading-inner-border{\nborder-color:#ffffff;\n}\n.av-special-heading.av-k5xvkcrv-8a136d6a3459985115d79eef21766a59 .av-subheading{\nfont-size:15px;\n}\n<\/style>\n<div  class='av-special-heading av-k5xvkcrv-8a136d6a3459985115d79eef21766a59 av-special-heading-h2 custom-color-heading blockquote modern-quote modern-centered  avia-builder-el-1  avia-builder-el-no-sibling  av-inherit-size'><h2 class='av-special-heading-tag'  itemprop=\"headline\"  >Vize Bilgisi<\/h2><div class=\"special-heading-border\"><div class=\"special-heading-inner-border\"><\/div><\/div><\/div>\n<\/div><\/div><\/main><!-- close content main element --><\/div><\/div><\/div><div id='sirket'  class='av-layout-grid-container av-k5f0wqi2-956288f907f8e5a0fbb75643733e1eb7 entry-content-wrapper main_color av-flex-cells  avia-builder-el-2  el_after_av_section  el_before_av_layout_row  grid-row-not-first  container_wrap fullsize'  >\n\n<style type=\"text\/css\" data-created_by=\"avia_inline_auto\" id=\"style-css-av-k5f10rcl-6c84e31bc0dbc10c5c4b8f1f057e11b7\">\n.flex_cell.av-k5f10rcl-6c84e31bc0dbc10c5c4b8f1f057e11b7{\nvertical-align:middle;\nheight:500px;\nmin-height:500px;\npadding:30px 30px 30px 30px;\n}\n<\/style>\n<div class='flex_cell av_one_half av-k5f10rcl-6c84e31bc0dbc10c5c4b8f1f057e11b7 no_margin  avia-builder-el-3  el_before_av_cell_one_half  avia-builder-el-first ' ><div class='flex_cell_inner'>\n<style type=\"text\/css\" data-created_by=\"avia_inline_auto\" id=\"style-css-av-k5for34q-bc4fda29ccd383c270d3206e792f9667\">\n.flex_column.av-k5for34q-bc4fda29ccd383c270d3206e792f9667{\nborder-radius:0px 0px 0px 0px;\n-webkit-border-radius:0px 0px 0px 0px;\n-moz-border-radius:0px 0px 0px 0px;\n}\n<\/style>\n<div class='flex_column av-k5for34q-bc4fda29ccd383c270d3206e792f9667 av_one_full  avia-builder-el-4  avia-builder-el-no-sibling  first flex_column_div  av-animated-generic left-to-right av-zero-column-padding '   ><section  class='av_textblock_section av-k5f0cozc-952e157776842d4c8019a693fe5260dc'  itemscope=\"itemscope\" itemtype=\"https:\/\/schema.org\/CreativeWork\" ><div class='avia_textblock'  itemprop=\"text\" ><p>\u00dclkemize seyahat edecek yabanc\u0131 hasta ve hasta yak\u0131nlar\u0131n\u0131n vizelerini T\u00fcrkiye\u2019de yapt\u0131racaklar\u0131 tedavinin randevusundan \u00f6nce almalar\u0131 \u00f6nem arz etmektedir.<\/p>\n<p>Vize i\u015flemleri hakk\u0131nda gerekli bilgiye ula\u015fabilmek i\u00e7in a\u015fa\u011f\u0131daki linke t\u0131klay\u0131n\u0131z.<\/p>\n<p><a href=\"http:\/\/www.mfa.gov.tr\/consular-info.en.mfa\">http:\/\/www.mfa.gov.tr\/consular-info.en.mfa<\/a><\/p>\n<\/div><\/section><\/div>\n<\/div><\/div>\n<style type=\"text\/css\" data-created_by=\"avia_inline_auto\" id=\"style-css-av-k5f0sol0-50f6c8e220cb4735e7c024b41a1feab8\">\n.flex_cell.av-k5f0sol0-50f6c8e220cb4735e7c024b41a1feab8{\nvertical-align:top;\nheight:500px;\nmin-height:500px;\npadding:30px 30px 30px 30px;\nbackground:url(https:\/\/www.medivoucher.com\/TR\/wp-content\/uploads\/2020\/01\/Vize-Bilgisi1.jpg) 50% 50% no-repeat scroll ;\n}\n<\/style>\n<div class='flex_cell av_one_half av-k5f0sol0-50f6c8e220cb4735e7c024b41a1feab8 no_margin  avia-builder-el-6  el_after_av_cell_one_half  avia-builder-el-last  avia-full-stretch' ><div class='flex_cell_inner'><\/div><\/div><\/div><div id='kurumsal'  class='av-layout-grid-container av-k5f0wwfl-40c053c253512f23c7c216a43a087f65 entry-content-wrapper main_color av-flex-cells  avia-builder-el-7  el_after_av_layout_row  el_before_av_one_full  grid-row-not-first  container_wrap fullsize'  >\n\n<style type=\"text\/css\" data-created_by=\"avia_inline_auto\" id=\"style-css-av-k5f0t9fj-5442b34f6cfee8a19359faa36310036d\">\n.flex_cell.av-k5f0t9fj-5442b34f6cfee8a19359faa36310036d{\nvertical-align:middle;\nheight:500px;\nmin-height:500px;\npadding:30px 30px 30px 30px;\nbackground:url(https:\/\/www.medivoucher.com\/TR\/wp-content\/uploads\/2020\/01\/Vize-Bilgisi2.jpg) 50% 50% no-repeat scroll ;\n}\n<\/style>\n<div class='flex_cell av_one_half av-k5f0t9fj-5442b34f6cfee8a19359faa36310036d no_margin  avia-builder-el-8  el_before_av_cell_one_half  avia-builder-el-first  avia-full-stretch' ><div class='flex_cell_inner'><\/div><\/div>\n<style type=\"text\/css\" data-created_by=\"avia_inline_auto\" id=\"style-css-av-k5f0ti2g-582786707ff135205b7fb5e515bba196\">\n.flex_cell.av-k5f0ti2g-582786707ff135205b7fb5e515bba196{\nvertical-align:middle;\nheight:500px;\nmin-height:500px;\npadding:30px 30px 30px 30px;\n}\n<\/style>\n<div class='flex_cell av_one_half av-k5f0ti2g-582786707ff135205b7fb5e515bba196 no_margin  avia-builder-el-9  el_after_av_cell_one_half  avia-builder-el-last ' ><div class='flex_cell_inner'>\n<style type=\"text\/css\" data-created_by=\"avia_inline_auto\" id=\"style-css-av-k5formpj-399f3f05d281bdfb315329f0d30c66f6\">\n.flex_column.av-k5formpj-399f3f05d281bdfb315329f0d30c66f6{\nborder-radius:0px 0px 0px 0px;\n-webkit-border-radius:0px 0px 0px 0px;\n-moz-border-radius:0px 0px 0px 0px;\n}\n<\/style>\n<div class='flex_column av-k5formpj-399f3f05d281bdfb315329f0d30c66f6 av_one_full  avia-builder-el-10  avia-builder-el-no-sibling  first flex_column_div  av-animated-generic right-to-left av-zero-column-padding '   ><section  class='av_textblock_section av-k5f0cozc-94a69ae196a0a7a0778fcccdbf428bc1'  itemscope=\"itemscope\" itemtype=\"https:\/\/schema.org\/CreativeWork\" ><div class='avia_textblock'  itemprop=\"text\" ><p>Seyahatinizin planlanan takvime uygun \u015fekilde sorunsuz olarak tamamlanmas\u0131 i\u00e7in vize i\u015flemlerinde ya\u015fanabilecek gecikmelere kar\u015f\u0131 vize ba\u015fvurunuzun m\u00fcmk\u00fcn oldu\u011funca planlanan seyahat tarihinden en az bir ay \u00f6nce yap\u0131lmas\u0131 ve seyahat tarihinden itibaren en az 6 ay ge\u00e7erli bir seyahat belgesi\/pasaport sahibi olman\u0131z gerekmektedir.<\/p>\n<\/div><\/section><\/div>\n<\/div><\/div>\n<\/div><div id='after_grid_row_2'  class='main_color av_default_container_wrap container_wrap fullsize'  ><div class='container av-section-cont-open' ><div class='template-page content  av-content-full alpha units'><div class='post-entry post-entry-type-page post-entry-980'><div class='entry-content-wrapper clearfix'><\/p>\n\n<style type=\"text\/css\" data-created_by=\"avia_inline_auto\" id=\"style-css-av-k5formpj-399f3f05d281bdfb315329f0d30c66f6\">\n.flex_column.av-k5formpj-399f3f05d281bdfb315329f0d30c66f6{\nborder-radius:0px 0px 0px 0px;\n-webkit-border-radius:0px 0px 0px 0px;\n-moz-border-radius:0px 0px 0px 0px;\n}\n<\/style>\n<div class='flex_column av-k5formpj-399f3f05d281bdfb315329f0d30c66f6 av_one_full  avia-builder-el-12  el_after_av_layout_row  avia-builder-el-no-sibling  first flex_column_div  av-animated-generic right-to-left av-zero-column-padding '   ><section  class='av_textblock_section av-k5f0cozc-94a69ae196a0a7a0778fcccdbf428bc1'  itemscope=\"itemscope\" itemtype=\"https:\/\/schema.org\/CreativeWork\" ><div class='avia_textblock'  itemprop=\"text\" ><p><strong>A\u015fa\u011f\u0131daki \u00fclke vatanda\u015flar\u0131 ulusal kimlik belgesi ile \u00fclkemize seyahat edebilmektedir.<\/strong><\/p>\n<table width=\"464\">\n<tbody>\n<tr>\n<td width=\"150\">1- Almanya<\/td>\n<td width=\"150\">6- \u0130spanya<\/td>\n<td width=\"150\">11- L\u00fcksemburg<\/td>\n<\/tr>\n<tr>\n<td>2- Bel\u00e7ika<\/td>\n<td>7- \u0130svi\u00e7re<\/td>\n<td>12- Malta<\/td>\n<\/tr>\n<tr>\n<td>3- Fransa<\/td>\n<td>8- \u0130talya<\/td>\n<td>13- Portekiz<\/td>\n<\/tr>\n<tr>\n<td>4- G\u00fcrcistan<\/td>\n<td>9- KKTC<\/td>\n<td>14- Ukrayna<\/td>\n<\/tr>\n<tr>\n<td>5- Hollanda<\/td>\n<td>10- Lihten\u015ftayn<\/td>\n<td>15- Yunanistan<\/td>\n<\/tr>\n<\/tbody>\n<\/table>\n<p>\u00d6NEML\u0130 NOT :\u00a0Yabanc\u0131lar ve Uluslararas\u0131 Koruma Kanunu\u2019nun 7. maddesinin (b) f\u0131kras\u0131na g\u00f6re, 1 Ocak 2015 tarihinden itibaren T\u00fcrkiye\u2019ye giri\u015f yapmak \u00fczere gelen yabanc\u0131lar\u0131n \u201cvize, vize muafiyeti veya ikamet izin s\u00fcresinin bitiminden itibaren en az 60 g\u00fcn ge\u00e7erli pasaport veya pasaport yerine ge\u00e7en belge\u201d ta\u015f\u0131malar\u0131 zorunludur. S\u00f6z konusu kanun maddesi ile ilgili daha detayl\u0131 bilgi almak ve istisnai durumlar\u0131 \u00f6\u011frenmek i\u00e7in Antlink Turizm Ticaret A.\u015e ile <a href=\"mailto:info@antlink.com.tr\">info@antlink.com.tr<\/a> ya da <a href=\"mailto:appointment@medivoucher.com\">appointment@medivoucher.com<\/a> e-posta adreslerinden ileti\u015fime ge\u00e7menizi rica ederiz.<\/p>\n<\/div><\/section><\/div>\n","protected":false},"excerpt":{"rendered":"","protected":false},"author":1,"featured_media":0,"parent":0,"menu_order":0,"comment_status":"closed","ping_status":"closed","template":"","meta":{"footnotes":""},"_links":{"self":[{"href":"https:\/\/www.medivoucher.com\/TR\/wp-json\/wp\/v2\/pages\/980"}],"collection":[{"href":"https:\/\/www.medivoucher.com\/TR\/wp-json\/wp\/v2\/pages"}],"about":[{"href":"https:\/\/www.medivoucher.com\/TR\/wp-json\/wp\/v2\/types\/page"}],"author":[{"embeddable":true,"href":"https:\/\/www.medivoucher.com\/TR\/wp-json\/wp\/v2\/users\/1"}],"replies":[{"embeddable":true,"href":"https:\/\/www.medivoucher.com\/TR\/wp-json\/wp\/v2\/comments?post=980"}],"version-history":[{"count":11,"href":"https:\/\/www.medivoucher.com\/TR\/wp-json\/wp\/v2\/pages\/980\/revisions"}],"predecessor-version":[{"id":1331,"href":"https:\/\/www.medivoucher.com\/TR\/wp-json\/wp\/v2\/pages\/980\/revisions\/1331"}],"wp:attachment":[{"href":"https:\/\/www.medivoucher.com\/TR\/wp-json\/wp\/v2\/media?parent=980"}],"curies":[{"name":"wp","href":"https:\/\/api.w.org\/{rel}","templated":true}]}}