{"id":978,"date":"2020-01-15T19:20:27","date_gmt":"2020-01-15T19:20:27","guid":{"rendered":"http:\/\/medivoucher.com\/?page_id=978"},"modified":"2020-01-28T15:46:00","modified_gmt":"2020-01-28T12:46:00","slug":"medivoucher","status":"publish","type":"page","link":"https:\/\/www.medivoucher.com\/TR\/medivoucher\/","title":{"rendered":"Medivoucher"},"content":{"rendered":"\n<style type=\"text\/css\" data-created_by=\"avia_inline_auto\" id=\"style-css-av-k5f0bhjg-5d94983c22256dcf4e05fae31eee000a\">\n.avia-section.av-k5f0bhjg-5d94983c22256dcf4e05fae31eee000a{\nbackground-repeat:no-repeat;\nbackground-image:url(https:\/\/www.medivoucher.com\/TR\/wp-content\/uploads\/2020\/01\/1-1.jpg);\nbackground-position:50% 50%;\nbackground-attachment:fixed;\n}\n.avia-section.av-k5f0bhjg-5d94983c22256dcf4e05fae31eee000a .av-section-color-overlay{\nopacity:0.5;\nbackground-color:#7bb0e7;\nbackground-image:url(https:\/\/www.medivoucher.com\/TR\/wp-content\/themes\/enfold\/enfold\/images\/background-images\/dots-for-light-background.png);\nbackground-repeat:repeat;\n}\n<\/style>\n<div id='av_section_1'  class='avia-section av-k5f0bhjg-5d94983c22256dcf4e05fae31eee000a main_color avia-section-default avia-shadow  avia-builder-el-0  el_before_av_layout_row  avia-builder-el-first  avia-full-stretch avia-bg-style-fixed av-section-color-overlay-active av-minimum-height av-minimum-height-custom  container_wrap fullsize'  data-section-bg-repeat='stretch'><div class=\"av-section-color-overlay-wrap\"><div class=\"av-section-color-overlay\"><\/div><a href='#next-section' title='' class='scroll-down-link ' aria-hidden='true' data-av_icon='\ue877' data-av_iconfont='entypo-fontello'><\/a><div class='container av-section-cont-open' style='height:400px'><main  role=\"main\" itemprop=\"mainContentOfPage\"  class='template-page content  av-content-full alpha units'><div class='post-entry post-entry-type-page post-entry-978'><div class='entry-content-wrapper clearfix'>\n\n<style type=\"text\/css\" data-created_by=\"avia_inline_auto\" id=\"style-css-av-k5fq5dc3-0b3c1f5f91cd691973c20070b7361a9d\">\n#top .av-special-heading.av-k5fq5dc3-0b3c1f5f91cd691973c20070b7361a9d{\npadding-bottom:10px;\ncolor:#ffffff;\nfont-size:35px;\n}\nbody .av-special-heading.av-k5fq5dc3-0b3c1f5f91cd691973c20070b7361a9d .av-special-heading-tag .heading-char{\nfont-size:25px;\n}\n#top #wrap_all .av-special-heading.av-k5fq5dc3-0b3c1f5f91cd691973c20070b7361a9d .av-special-heading-tag{\nfont-size:35px;\n}\n.av-special-heading.av-k5fq5dc3-0b3c1f5f91cd691973c20070b7361a9d .special-heading-inner-border{\nborder-color:#ffffff;\n}\n.av-special-heading.av-k5fq5dc3-0b3c1f5f91cd691973c20070b7361a9d .av-subheading{\nfont-size:15px;\n}\n<\/style>\n<div  class='av-special-heading av-k5fq5dc3-0b3c1f5f91cd691973c20070b7361a9d av-special-heading-h2 custom-color-heading blockquote modern-quote modern-centered  avia-builder-el-1  avia-builder-el-no-sibling  av-inherit-size'><h2 class='av-special-heading-tag'  itemprop=\"headline\"  >MediVoucher<\/h2><div class=\"special-heading-border\"><div class=\"special-heading-inner-border\"><\/div><\/div><\/div>\n\n<\/div><\/div><\/main><!-- close content main element --><\/div><\/div><\/div><div id='sirket'  class='av-layout-grid-container av-k5f0wqi2-956288f907f8e5a0fbb75643733e1eb7 entry-content-wrapper main_color av-flex-cells  avia-builder-el-2  el_after_av_section  avia-builder-el-last  grid-row-not-first  container_wrap fullsize'  >\n\n<style type=\"text\/css\" data-created_by=\"avia_inline_auto\" id=\"style-css-av-k5f10rcl-6c84e31bc0dbc10c5c4b8f1f057e11b7\">\n.flex_cell.av-k5f10rcl-6c84e31bc0dbc10c5c4b8f1f057e11b7{\nvertical-align:middle;\nheight:500px;\nmin-height:500px;\npadding:30px 30px 30px 30px;\n}\n<\/style>\n<div class='flex_cell av_one_half av-k5f10rcl-6c84e31bc0dbc10c5c4b8f1f057e11b7 no_margin  avia-builder-el-3  el_before_av_cell_one_half  avia-builder-el-first ' ><div class='flex_cell_inner'>\n<style type=\"text\/css\" data-created_by=\"avia_inline_auto\" id=\"style-css-av-k5for34q-bc4fda29ccd383c270d3206e792f9667\">\n.flex_column.av-k5for34q-bc4fda29ccd383c270d3206e792f9667{\nborder-radius:0px 0px 0px 0px;\n-webkit-border-radius:0px 0px 0px 0px;\n-moz-border-radius:0px 0px 0px 0px;\n}\n<\/style>\n<div class='flex_column av-k5for34q-bc4fda29ccd383c270d3206e792f9667 av_one_full  avia-builder-el-4  avia-builder-el-no-sibling  first flex_column_div  av-animated-generic left-to-right av-zero-column-padding '   ><p>\n<style type=\"text\/css\" data-created_by=\"avia_inline_auto\" id=\"style-css-av-k5xvjc4u-e1b3020e9da910231f2a64ae594c92eb\">\n#top .av-special-heading.av-k5xvjc4u-e1b3020e9da910231f2a64ae594c92eb{\npadding-bottom:10px;\ncolor:#007da5;\n}\nbody .av-special-heading.av-k5xvjc4u-e1b3020e9da910231f2a64ae594c92eb .av-special-heading-tag .heading-char{\nfont-size:25px;\n}\n.av-special-heading.av-k5xvjc4u-e1b3020e9da910231f2a64ae594c92eb .special-heading-inner-border{\nborder-color:#007da5;\n}\n.av-special-heading.av-k5xvjc4u-e1b3020e9da910231f2a64ae594c92eb .av-subheading{\nfont-size:15px;\n}\n<\/style>\n<div  class='av-special-heading av-k5xvjc4u-e1b3020e9da910231f2a64ae594c92eb av-special-heading-h3 custom-color-heading  avia-builder-el-5  el_before_av_textblock  avia-builder-el-first '><h3 class='av-special-heading-tag'  itemprop=\"headline\"  >Sizin MediVoucher\u0131n\u0131z<\/h3><div class=\"special-heading-border\"><div class=\"special-heading-inner-border\"><\/div><\/div><\/div><br \/>\n<section  class='av_textblock_section av-k5f0cozc-952e157776842d4c8019a693fe5260dc'  itemscope=\"itemscope\" itemtype=\"https:\/\/schema.org\/CreativeWork\" ><div class='avia_textblock'  itemprop=\"text\" ><p>Randevunuzun onay\u0131 anlam\u0131na gelen MediVoucher, sa\u011fl\u0131k seyahatiniz s\u0131ras\u0131nda yan\u0131n\u0131zda bulunmal\u0131 ve sa\u011fl\u0131k turizm tesisi taraf\u0131ndan istenildi\u011finde g\u00f6sterilmelidir. Bu belge ile randevu g\u00fcn\u00fc ve saatinde, se\u00e7mi\u015f oldu\u011funuz sa\u011fl\u0131k turizm tesisinde olman\u0131z beklenir.<\/p>\n<p>MediVoucher g\u00fcncellenebilir ya da randevunuzdan 24 saat \u00f6nce iptal edilebilir. G\u00fcncelleme ya da \u0130ptallerde MediVoucher.com taraf\u0131ndan herhangi bir \u00fccret talep edilmez.<\/p>\n<\/div><\/section><\/p><\/div>\n<\/div><\/div>\n<style type=\"text\/css\" data-created_by=\"avia_inline_auto\" id=\"style-css-av-k5f0sol0-e7ac51249d3f5f7dedf9b5614df02ad4\">\n.flex_cell.av-k5f0sol0-e7ac51249d3f5f7dedf9b5614df02ad4{\nvertical-align:top;\nheight:500px;\nmin-height:500px;\npadding:30px 30px 30px 30px;\nbackground:url(https:\/\/www.medivoucher.com\/TR\/wp-content\/uploads\/2020\/01\/Sizin-MediVoucheriz-3.jpg) 50% 50% no-repeat scroll ;\n}\n<\/style>\n<div class='flex_cell av_one_half av-k5f0sol0-e7ac51249d3f5f7dedf9b5614df02ad4 no_margin  avia-builder-el-7  el_after_av_cell_one_half  avia-builder-el-last  avia-full-stretch' ><div class='flex_cell_inner'><\/div><\/div><\/div>\n","protected":false},"excerpt":{"rendered":"","protected":false},"author":1,"featured_media":0,"parent":0,"menu_order":0,"comment_status":"closed","ping_status":"closed","template":"","meta":{"footnotes":""},"_links":{"self":[{"href":"https:\/\/www.medivoucher.com\/TR\/wp-json\/wp\/v2\/pages\/978"}],"collection":[{"href":"https:\/\/www.medivoucher.com\/TR\/wp-json\/wp\/v2\/pages"}],"about":[{"href":"https:\/\/www.medivoucher.com\/TR\/wp-json\/wp\/v2\/types\/page"}],"author":[{"embeddable":true,"href":"https:\/\/www.medivoucher.com\/TR\/wp-json\/wp\/v2\/users\/1"}],"replies":[{"embeddable":true,"href":"https:\/\/www.medivoucher.com\/TR\/wp-json\/wp\/v2\/comments?post=978"}],"version-history":[{"count":13,"href":"https:\/\/www.medivoucher.com\/TR\/wp-json\/wp\/v2\/pages\/978\/revisions"}],"predecessor-version":[{"id":1329,"href":"https:\/\/www.medivoucher.com\/TR\/wp-json\/wp\/v2\/pages\/978\/revisions\/1329"}],"wp:attachment":[{"href":"https:\/\/www.medivoucher.com\/TR\/wp-json\/wp\/v2\/media?parent=978"}],"curies":[{"name":"wp","href":"https:\/\/api.w.org\/{rel}","templated":true}]}}