{"id":931,"date":"2020-01-15T07:54:58","date_gmt":"2020-01-15T07:54:58","guid":{"rendered":"http:\/\/medivoucher.com\/?page_id=931"},"modified":"2020-01-28T11:03:34","modified_gmt":"2020-01-28T08:03:34","slug":"sirket","status":"publish","type":"page","link":"https:\/\/www.medivoucher.com\/TR\/sirket\/","title":{"rendered":"\u015eirket"},"content":{"rendered":"\n<style type=\"text\/css\" data-created_by=\"avia_inline_auto\" id=\"style-css-av-k5f0bhjg-081e9dd879d281b453abcd426235b68a\">\n.avia-section.av-k5f0bhjg-081e9dd879d281b453abcd426235b68a{\nbackground-repeat:no-repeat;\nbackground-image:url(https:\/\/www.medivoucher.com\/TR\/wp-content\/uploads\/2020\/01\/1-1.jpg);\nbackground-position:50% 50%;\nbackground-attachment:fixed;\n}\n.avia-section.av-k5f0bhjg-081e9dd879d281b453abcd426235b68a .av-section-color-overlay{\nopacity:0.5;\nbackground-color:#7bb0e7;\nbackground-image:url(https:\/\/www.medivoucher.com\/TR\/wp-content\/themes\/enfold\/enfold\/images\/background-images\/dots-for-light-background.png);\nbackground-repeat:repeat;\n}\n<\/style>\n<div id='av_section_1'  class='avia-section av-k5f0bhjg-081e9dd879d281b453abcd426235b68a main_color avia-section-default avia-shadow  avia-builder-el-0  el_before_av_layout_row  avia-builder-el-first  avia-full-stretch avia-bg-style-fixed av-section-color-overlay-active av-minimum-height av-minimum-height-custom  container_wrap fullsize'  data-section-bg-repeat='stretch'><div class=\"av-section-color-overlay-wrap\"><div class=\"av-section-color-overlay\"><\/div><a href='#next-section' title='' class='scroll-down-link ' aria-hidden='true' data-av_icon='\ue877' data-av_iconfont='entypo-fontello'><\/a><div class='container av-section-cont-open' style='height:400px'><main  role=\"main\" itemprop=\"mainContentOfPage\"  class='template-page content  av-content-full alpha units'><div class='post-entry post-entry-type-page post-entry-931'><div class='entry-content-wrapper clearfix'>\n\n<style type=\"text\/css\" data-created_by=\"avia_inline_auto\" id=\"style-css-av-k5f0cuz5-4d497b4c95d7439f423530f811f8652c\">\n#top .av-special-heading.av-k5f0cuz5-4d497b4c95d7439f423530f811f8652c{\npadding-bottom:10px;\ncolor:#ffffff;\nfont-size:35px;\n}\nbody .av-special-heading.av-k5f0cuz5-4d497b4c95d7439f423530f811f8652c .av-special-heading-tag .heading-char{\nfont-size:25px;\n}\n#top #wrap_all .av-special-heading.av-k5f0cuz5-4d497b4c95d7439f423530f811f8652c .av-special-heading-tag{\nfont-size:35px;\n}\n.av-special-heading.av-k5f0cuz5-4d497b4c95d7439f423530f811f8652c .special-heading-inner-border{\nborder-color:#ffffff;\n}\n.av-special-heading.av-k5f0cuz5-4d497b4c95d7439f423530f811f8652c .av-subheading{\nfont-size:15px;\n}\n<\/style>\n<div  class='av-special-heading av-k5f0cuz5-4d497b4c95d7439f423530f811f8652c av-special-heading-h2 custom-color-heading blockquote modern-quote modern-centered  avia-builder-el-1  avia-builder-el-no-sibling  av-inherit-size'><h2 class='av-special-heading-tag'  itemprop=\"headline\"  >KURUMSAL<\/h2><div class=\"special-heading-border\"><div class=\"special-heading-inner-border\"><\/div><\/div><\/div>\n\n<\/div><\/div><\/main><!-- close content main element --><\/div><\/div><\/div><div id='sirket'  class='av-layout-grid-container av-k5f0wqi2-956288f907f8e5a0fbb75643733e1eb7 entry-content-wrapper main_color av-flex-cells  avia-builder-el-2  el_after_av_section  el_before_av_layout_row  grid-row-not-first  container_wrap fullsize'  >\n\n<style type=\"text\/css\" data-created_by=\"avia_inline_auto\" id=\"style-css-av-k5f10rcl-6c84e31bc0dbc10c5c4b8f1f057e11b7\">\n.flex_cell.av-k5f10rcl-6c84e31bc0dbc10c5c4b8f1f057e11b7{\nvertical-align:middle;\nheight:500px;\nmin-height:500px;\npadding:30px 30px 30px 30px;\n}\n<\/style>\n<div class='flex_cell av_one_half av-k5f10rcl-6c84e31bc0dbc10c5c4b8f1f057e11b7 no_margin  avia-builder-el-3  el_before_av_cell_one_half  avia-builder-el-first ' ><div class='flex_cell_inner'>\n<style type=\"text\/css\" data-created_by=\"avia_inline_auto\" id=\"style-css-av-k5for34q-bc4fda29ccd383c270d3206e792f9667\">\n.flex_column.av-k5for34q-bc4fda29ccd383c270d3206e792f9667{\nborder-radius:0px 0px 0px 0px;\n-webkit-border-radius:0px 0px 0px 0px;\n-moz-border-radius:0px 0px 0px 0px;\n}\n<\/style>\n<div class='flex_column av-k5for34q-bc4fda29ccd383c270d3206e792f9667 av_one_full  avia-builder-el-4  avia-builder-el-no-sibling  first flex_column_div  av-animated-generic left-to-right av-zero-column-padding '   ><p>\n<style type=\"text\/css\" data-created_by=\"avia_inline_auto\" id=\"style-css-av-av_heading-62c4d05ded78cbe29e5f48c001ecf10e\">\n#top .av-special-heading.av-av_heading-62c4d05ded78cbe29e5f48c001ecf10e{\npadding-bottom:10px;\ncolor:#007da5;\n}\nbody .av-special-heading.av-av_heading-62c4d05ded78cbe29e5f48c001ecf10e .av-special-heading-tag .heading-char{\nfont-size:25px;\n}\n.av-special-heading.av-av_heading-62c4d05ded78cbe29e5f48c001ecf10e .special-heading-inner-border{\nborder-color:#007da5;\n}\n.av-special-heading.av-av_heading-62c4d05ded78cbe29e5f48c001ecf10e .av-subheading{\nfont-size:15px;\n}\n<\/style>\n<div  class='av-special-heading av-av_heading-62c4d05ded78cbe29e5f48c001ecf10e av-special-heading-h3 custom-color-heading  avia-builder-el-5  el_before_av_textblock  avia-builder-el-first '><h3 class='av-special-heading-tag'  itemprop=\"headline\"  >\u015eirket<\/h3><div class=\"special-heading-border\"><div class=\"special-heading-inner-border\"><\/div><\/div><\/div><br \/>\n<section  class='av_textblock_section av-k5f0cozc-952e157776842d4c8019a693fe5260dc'  itemscope=\"itemscope\" itemtype=\"https:\/\/schema.org\/CreativeWork\" ><div class='avia_textblock'  itemprop=\"text\" ><p>T\u00fcrkiye\u2019de turizmin geli\u015fmesine katk\u0131da bulunmak, \u00e7e\u015fitlendirilmesini sa\u011flamak amac\u0131yla Mart 2019 Y\u0131l\u0131nda kurulan Antlink Turizm Ticaret A.\u015e. seyahat acentesi kategorisinde yer almaktad\u0131r.<\/p>\n<p>TURSAB \u00dcyeli\u011finin yan\u0131 s\u0131ra, T.C. Sa\u011fl\u0131k Bakanl\u0131\u011f\u0131 Sa\u011fl\u0131k Turizmi Arac\u0131 Firma Yetki Belgesi ve Akdeniz \u00dcniversitesi Sa\u011fl\u0131k Turizmi Y\u00f6neticili\u011fi Sertifikas\u0131na sahiptir.<\/p>\n<\/div><\/section><\/p><\/div>\n<\/div><\/div>\n<style type=\"text\/css\" data-created_by=\"avia_inline_auto\" id=\"style-css-av-k5f0sol0-6101c92510ef470f2b82f35d4fbc2f62\">\n.flex_cell.av-k5f0sol0-6101c92510ef470f2b82f35d4fbc2f62{\nvertical-align:top;\nheight:500px;\nmin-height:500px;\npadding:30px 30px 30px 30px;\nbackground:url(https:\/\/www.medivoucher.com\/TR\/wp-content\/uploads\/2020\/01\/sirket-1.jpg) 50% 50% no-repeat scroll ;\n}\n<\/style>\n<div class='flex_cell av_one_half av-k5f0sol0-6101c92510ef470f2b82f35d4fbc2f62 no_margin  avia-builder-el-7  el_after_av_cell_one_half  avia-builder-el-last  avia-full-stretch' ><div class='flex_cell_inner'><\/div><\/div><\/div><div id='kurumsal'  class='av-layout-grid-container av-k5f0wwfl-40c053c253512f23c7c216a43a087f65 entry-content-wrapper main_color av-flex-cells  avia-builder-el-8  el_after_av_layout_row  avia-builder-el-last  grid-row-not-first  container_wrap fullsize'  >\n\n<style type=\"text\/css\" data-created_by=\"avia_inline_auto\" id=\"style-css-av-k5f0t9fj-b8cd9e4d78bf007b8dd1825151bb4661\">\n.flex_cell.av-k5f0t9fj-b8cd9e4d78bf007b8dd1825151bb4661{\nvertical-align:middle;\nheight:500px;\nmin-height:500px;\npadding:30px 30px 30px 30px;\nbackground:url(https:\/\/www.medivoucher.com\/TR\/wp-content\/uploads\/2020\/01\/MediVoucher.jpg) 50% 50% no-repeat scroll ;\n}\n<\/style>\n<div class='flex_cell av_one_half av-k5f0t9fj-b8cd9e4d78bf007b8dd1825151bb4661 no_margin  avia-builder-el-9  el_before_av_cell_one_half  avia-builder-el-first  avia-full-stretch' ><div class='flex_cell_inner'><\/div><\/div>\n<style type=\"text\/css\" data-created_by=\"avia_inline_auto\" id=\"style-css-av-k5f0ti2g-582786707ff135205b7fb5e515bba196\">\n.flex_cell.av-k5f0ti2g-582786707ff135205b7fb5e515bba196{\nvertical-align:middle;\nheight:500px;\nmin-height:500px;\npadding:30px 30px 30px 30px;\n}\n<\/style>\n<div class='flex_cell av_one_half av-k5f0ti2g-582786707ff135205b7fb5e515bba196 no_margin  avia-builder-el-10  el_after_av_cell_one_half  avia-builder-el-last ' ><div class='flex_cell_inner'>\n<style type=\"text\/css\" data-created_by=\"avia_inline_auto\" id=\"style-css-av-k5formpj-399f3f05d281bdfb315329f0d30c66f6\">\n.flex_column.av-k5formpj-399f3f05d281bdfb315329f0d30c66f6{\nborder-radius:0px 0px 0px 0px;\n-webkit-border-radius:0px 0px 0px 0px;\n-moz-border-radius:0px 0px 0px 0px;\n}\n<\/style>\n<div class='flex_column av-k5formpj-399f3f05d281bdfb315329f0d30c66f6 av_one_full  avia-builder-el-11  avia-builder-el-no-sibling  first flex_column_div  av-animated-generic right-to-left av-zero-column-padding '   ><p>\n<style type=\"text\/css\" data-created_by=\"avia_inline_auto\" id=\"style-css-av-8sc2b-ba22d9fd501d7198bd85983962e696a2\">\n#top .av-special-heading.av-8sc2b-ba22d9fd501d7198bd85983962e696a2{\npadding-bottom:10px;\ncolor:#007da5;\n}\nbody .av-special-heading.av-8sc2b-ba22d9fd501d7198bd85983962e696a2 .av-special-heading-tag .heading-char{\nfont-size:25px;\n}\n.av-special-heading.av-8sc2b-ba22d9fd501d7198bd85983962e696a2 .special-heading-inner-border{\nborder-color:#007da5;\n}\n.av-special-heading.av-8sc2b-ba22d9fd501d7198bd85983962e696a2 .av-subheading{\nfont-size:15px;\n}\n<\/style>\n<div  class='av-special-heading av-8sc2b-ba22d9fd501d7198bd85983962e696a2 av-special-heading-h3 custom-color-heading  avia-builder-el-12  el_before_av_textblock  avia-builder-el-first '><h3 class='av-special-heading-tag'  itemprop=\"headline\"  >MediVoucher<\/h3><div class=\"special-heading-border\"><div class=\"special-heading-inner-border\"><\/div><\/div><\/div><br \/>\n<section  class='av_textblock_section av-k5f0cozc-94a69ae196a0a7a0778fcccdbf428bc1'  itemscope=\"itemscope\" itemtype=\"https:\/\/schema.org\/CreativeWork\" ><div class='avia_textblock'  itemprop=\"text\" ><p>MediVoucher.com, Antlink Turizm Ticaret A.\u015e. taraf\u0131ndan 2020 Y\u0131l\u0131 ba\u015f\u0131nda yay\u0131na al\u0131nm\u0131\u015f Sa\u011fl\u0131k Seyahat Portal\u0131d\u0131r. MediVoucher t\u00fcr\u00fcn\u00fcn ilk ve tek \u00f6rne\u011fi olup, sa\u011fl\u0131k turizmi maksad\u0131yla uluslararas\u0131 seyahat etmek isteyenlerin, kolay, h\u0131zl\u0131 ve g\u00fcvenilir \u015fekilde randevu almalar\u0131n\u0131 sa\u011flar.<\/p>\n<p>Bununla birlikte, \u00e7ok dilli altyap\u0131s\u0131 sayesinde T\u00fcrkiye\u2019de bulunan sa\u011fl\u0131k turizmi tesislerinin de uluslararas\u0131 seyahat edenlere ula\u015ft\u0131r\u0131lmas\u0131na katk\u0131 verir. \u0130ngilizce, Rus\u00e7a ve T\u00fcrk\u00e7e dillerinde hizmet verilmekte olup, randevu hizmetlerinin t\u00fcm\u00fc \u00fccretsiz ger\u00e7ekle\u015ftirilmektedir.<\/p>\n<\/div><\/section><\/p><\/div>\n<\/div><\/div>\n<\/div><\/p>\n","protected":false},"excerpt":{"rendered":"","protected":false},"author":1,"featured_media":0,"parent":0,"menu_order":0,"comment_status":"closed","ping_status":"closed","template":"","meta":{"footnotes":""},"_links":{"self":[{"href":"https:\/\/www.medivoucher.com\/TR\/wp-json\/wp\/v2\/pages\/931"}],"collection":[{"href":"https:\/\/www.medivoucher.com\/TR\/wp-json\/wp\/v2\/pages"}],"about":[{"href":"https:\/\/www.medivoucher.com\/TR\/wp-json\/wp\/v2\/types\/page"}],"author":[{"embeddable":true,"href":"https:\/\/www.medivoucher.com\/TR\/wp-json\/wp\/v2\/users\/1"}],"replies":[{"embeddable":true,"href":"https:\/\/www.medivoucher.com\/TR\/wp-json\/wp\/v2\/comments?post=931"}],"version-history":[{"count":34,"href":"https:\/\/www.medivoucher.com\/TR\/wp-json\/wp\/v2\/pages\/931\/revisions"}],"predecessor-version":[{"id":1301,"href":"https:\/\/www.medivoucher.com\/TR\/wp-json\/wp\/v2\/pages\/931\/revisions\/1301"}],"wp:attachment":[{"href":"https:\/\/www.medivoucher.com\/TR\/wp-json\/wp\/v2\/media?parent=931"}],"curies":[{"name":"wp","href":"https:\/\/api.w.org\/{rel}","templated":true}]}}