{"id":1105,"date":"2020-01-17T12:17:03","date_gmt":"2020-01-17T12:17:03","guid":{"rendered":"http:\/\/medivoucher.com\/?page_id=1105"},"modified":"2020-01-17T16:38:57","modified_gmt":"2020-01-17T13:38:57","slug":"gizlilik-politikasi","status":"publish","type":"page","link":"https:\/\/www.medivoucher.com\/TR\/gizlilik-politikasi\/","title":{"rendered":"Gizlilik Politikas\u0131"},"content":{"rendered":"\n<style type=\"text\/css\" data-created_by=\"avia_inline_auto\" id=\"style-css-av-k5f0bhjg-081e9dd879d281b453abcd426235b68a\">\n.avia-section.av-k5f0bhjg-081e9dd879d281b453abcd426235b68a{\nbackground-repeat:no-repeat;\nbackground-image:url(https:\/\/www.medivoucher.com\/TR\/wp-content\/uploads\/2020\/01\/1-1.jpg);\nbackground-position:50% 50%;\nbackground-attachment:fixed;\n}\n.avia-section.av-k5f0bhjg-081e9dd879d281b453abcd426235b68a .av-section-color-overlay{\nopacity:0.5;\nbackground-color:#7bb0e7;\nbackground-image:url(https:\/\/www.medivoucher.com\/TR\/wp-content\/themes\/enfold\/enfold\/images\/background-images\/dots-for-light-background.png);\nbackground-repeat:repeat;\n}\n<\/style>\n<div id='av_section_1'  class='avia-section av-k5f0bhjg-081e9dd879d281b453abcd426235b68a main_color avia-section-default avia-shadow  avia-builder-el-0  el_before_av_layout_row  avia-builder-el-first  avia-full-stretch avia-bg-style-fixed av-section-color-overlay-active av-minimum-height av-minimum-height-custom  container_wrap fullsize'  data-section-bg-repeat='stretch'><div class=\"av-section-color-overlay-wrap\"><div class=\"av-section-color-overlay\"><\/div><a href='#next-section' title='' class='scroll-down-link ' aria-hidden='true' data-av_icon='\ue877' data-av_iconfont='entypo-fontello'><\/a><div class='container av-section-cont-open' style='height:400px'><main  role=\"main\" itemprop=\"mainContentOfPage\"  class='template-page content  av-content-full alpha units'><div class='post-entry post-entry-type-page post-entry-1105'><div class='entry-content-wrapper clearfix'>\n\n<style type=\"text\/css\" data-created_by=\"avia_inline_auto\" id=\"style-css-av-k5i4nfqj-9c1d34b744374432563883a1bed0f240\">\n#top .av-special-heading.av-k5i4nfqj-9c1d34b744374432563883a1bed0f240{\npadding-bottom:10px;\ncolor:#ffffff;\nfont-size:35px;\n}\nbody .av-special-heading.av-k5i4nfqj-9c1d34b744374432563883a1bed0f240 .av-special-heading-tag .heading-char{\nfont-size:25px;\n}\n#top #wrap_all .av-special-heading.av-k5i4nfqj-9c1d34b744374432563883a1bed0f240 .av-special-heading-tag{\nfont-size:35px;\n}\n.av-special-heading.av-k5i4nfqj-9c1d34b744374432563883a1bed0f240 .special-heading-inner-border{\nborder-color:#ffffff;\n}\n.av-special-heading.av-k5i4nfqj-9c1d34b744374432563883a1bed0f240 .av-subheading{\nfont-size:15px;\n}\n<\/style>\n<div  class='av-special-heading av-k5i4nfqj-9c1d34b744374432563883a1bed0f240 av-special-heading-h2 custom-color-heading blockquote modern-quote modern-centered  avia-builder-el-1  avia-builder-el-no-sibling  av-inherit-size'><h2 class='av-special-heading-tag'  itemprop=\"headline\"  >Gizlilik Politikas\u0131<\/h2><div class=\"special-heading-border\"><div class=\"special-heading-inner-border\"><\/div><\/div><\/div>\n\n<\/div><\/div><\/main><!-- close content main element --><\/div><\/div><\/div><div id='sirket'  class='av-layout-grid-container av-k5f0wqi2-956288f907f8e5a0fbb75643733e1eb7 entry-content-wrapper main_color av-flex-cells  avia-builder-el-2  el_after_av_section  avia-builder-el-last  grid-row-not-first  container_wrap fullsize'  >\n\n<style type=\"text\/css\" data-created_by=\"avia_inline_auto\" id=\"style-css-av-k5f10rcl-6c84e31bc0dbc10c5c4b8f1f057e11b7\">\n.flex_cell.av-k5f10rcl-6c84e31bc0dbc10c5c4b8f1f057e11b7{\nvertical-align:middle;\nheight:500px;\nmin-height:500px;\npadding:30px 30px 30px 30px;\n}\n<\/style>\n<div class='flex_cell av_one_full av-k5f10rcl-6c84e31bc0dbc10c5c4b8f1f057e11b7 no_margin  avia-builder-el-3  avia-builder-el-no-sibling ' ><div class='flex_cell_inner'>\n<style type=\"text\/css\" data-created_by=\"avia_inline_auto\" id=\"style-css-av-k5for34q-bc4fda29ccd383c270d3206e792f9667\">\n.flex_column.av-k5for34q-bc4fda29ccd383c270d3206e792f9667{\nborder-radius:0px 0px 0px 0px;\n-webkit-border-radius:0px 0px 0px 0px;\n-moz-border-radius:0px 0px 0px 0px;\n}\n<\/style>\n<div class='flex_column av-k5for34q-bc4fda29ccd383c270d3206e792f9667 av_one_full  avia-builder-el-4  avia-builder-el-no-sibling  first flex_column_div  av-animated-generic left-to-right av-zero-column-padding '   ><section  class='av_textblock_section av-k5f0cozc-952e157776842d4c8019a693fe5260dc'  itemscope=\"itemscope\" itemtype=\"https:\/\/schema.org\/CreativeWork\" ><div class='avia_textblock'  itemprop=\"text\" ><div>\n<h4><strong>G\u0130ZL\u0130L\u0130K ve KULLANICI S\u00d6ZLE\u015eMES\u0130<\/strong><\/h4>\n<p>Bu web sitesini ziyaret etmeniz ve bu site vas\u0131tas\u0131yla sundu\u011fumuz hizmetlerden yararlanman\u0131z s\u0131ras\u0131nda size ve talep etti\u011finiz hizmetlere ili\u015fkin olarak elde etti\u011fimiz bilgilerin ne \u015fekilde kullan\u0131laca\u011f\u0131 ve korunaca\u011f\u0131 i\u015fbu \u201cGizlilik Politikas\u0131nda belirtilen \u015fartlara tabidir. Bu web sitesini ziyaret etmekle ve bu site vas\u0131tas\u0131yla sundu\u011fumuz hizmetlerden yararlanmay\u0131 talep etmekle i\u015fbu \u201cGizlilik Politikas\u0131nda belirtilen \u015fartlar\u0131 kabul etmektesiniz.<\/p>\n<h4><strong>Bilgilerin Kullan\u0131lmas\u0131 ve Korunmas\u0131<\/strong><\/h4>\n<p>Antlink Turizm ve Ticaret A.\u015e, hastalar\u0131na daha iyi hizmet verebilmek amac\u0131yla baz\u0131 ki\u015fisel bilgilerinizi (isim, soy isim, ya\u015f, e-posta, telefon vb.) sizlerden talep etmektedir.<\/p>\n<p>Toplanan bu ki\u015fisel bilgilerden elde edilebilecek istatistik veriler (taray\u0131c\u0131 tipi, co\u011frafi konum, ya\u015f, cinsiyet, v.b.), d\u00f6nemsel kampanya \u00e7al\u0131\u015fmalar\u0131, e-b\u00fclten \u00e7al\u0131\u015fmalar\u0131, hasta profillerine y\u00f6nelik \u00f6zel promosyon faaliyetlerinin kurgulanmas\u0131 ve istenmeyen e-postalar\u0131n iletilmemesine y\u00f6nelik m\u00fc\u015fteri \u201cs\u0131n\u0131fland\u0131rma\u201d \u00e7al\u0131\u015fmalar\u0131nda Antlink Turizm ve Ticaret A.\u015e. b\u00fcnyesinde kullan\u0131lmaktad\u0131r.<\/p>\n<p>Antlink Turizm ve Ticaret A.\u015e, \u00fcyelik formlar\u0131ndan toplad\u0131\u011f\u0131 bilgileri, s\u00f6z konusu \u00fcyenin haberi ya da aksi bir talimat\u0131 olmaks\u0131z\u0131n, \u00fc\u00e7\u00fcnc\u00fc \u015fah\u0131slarla payla\u015fmamay\u0131, faaliyet d\u0131\u015f\u0131 hi\u00e7bir nedenle kullanmamay\u0131 ve de satmamay\u0131 taahh\u00fct etmektedir.<\/p>\n<p>Antlink Turizm ve Ticaret A.\u015e, e-posta adresleri ve hasta bilgi formlar\u0131nda istedi\u011fi ki\u015fisel bilgilerin haricinde site kullan\u0131m\u0131 s\u0131ras\u0131nda izledi\u011fi, ziyaret\u00e7i hareket ve tercihlerini analiz ederek yorumlamaktad\u0131r. Ki\u015fisel bilgiler i\u00e7ermeyen bu istatistiksel veriler, daha \u00f6zel ve etkin bir sa\u011fl\u0131k hizmet paketi sunmak amac\u0131yla kullan\u0131lmaktad\u0131r.<\/p>\n<p>Antlink e-b\u00fclten listesinden ayr\u0131lmak istiyorsan\u0131z, e-b\u00fcltenin en alt b\u00f6l\u00fcm\u00fcnde bulunan \u201cbu b\u00fclteni bir daha almak istemiyorsan\u0131z buraya t\u0131klay\u0131n\u0131z.\u201d linkine t\u0131klayabilirsiniz.(B\u00fcltenimiz olmayacak herhalde, o nedenle bu b\u00f6l\u00fcme ihtiya\u00e7 olmayacak diye d\u00fc\u015f\u00fcn\u00fcyorum)<\/p>\n<p>Hasta bilgileri, ancak resmi makamlarca, ilgili dairesinde bu bilgilerin talep edilmesi halinde ve y\u00fcr\u00fcrl\u00fckteki emredici mevzuat h\u00fck\u00fcmleri gere\u011fince resmi makamlara a\u00e7\u0131klama yapmak zorunda oldu\u011fu durumlarda resmi makamlara a\u00e7\u0131klanabilecektir.<\/p>\n<p>Antlink Turizm ve Ticaret A.\u015e e-b\u00fclten listesinden ayr\u0131lmak istiyorsan\u0131z, e-b\u00fcltenin en alt b\u00f6l\u00fcm\u00fcnde bulunan \u201cbu b\u00fclteni bir daha almak istemiyorsan\u0131z buraya t\u0131klay\u0131n\u0131z.\u201d linkine t\u0131klayabilirsiniz.<\/p>\n<p>Hastan\u0131n sisteme girdi\u011fi t\u00fcm bilgilere sadece hasta ula\u015fabilmekte ve bu bilgileri sadece m\u00fc\u015fteri de\u011fi\u015ftirebilmektedir. Bir ba\u015fkas\u0131n\u0131n bu bilgilere ula\u015fmas\u0131 ve bunlar\u0131 de\u011fi\u015ftirmesi m\u00fcmk\u00fcn de\u011fildir.<\/p>\n<p>\u0130nternetin yap\u0131s\u0131 gere\u011fi bilgiler internet \u00fczerinde yeterli g\u00fcvenlik \u00f6nlemleri olmas\u0131na ra\u011fmen dola\u015fabilir ve yetkili olmayan ki\u015filer taraf\u0131ndan al\u0131n\u0131p kullan\u0131labilir. Bu kullan\u0131m ve kullan\u0131mdan do\u011facak zarar Antlink Turizm ve Ticaret A.\u015e. sorumlulu\u011funda de\u011fildir.<\/p>\n<p>Toplanan bilgiler genel kullan\u0131ma a\u00e7\u0131k olmayan g\u00fcvenli bir ortamda saklan\u0131r.<\/p>\n<h4><strong>\u00dc\u00e7\u00fcnc\u00fc Parti Sitelere Ba\u011flant\u0131lar\u0131na (Linklere) Dair<\/strong><\/h4>\n<p>Antlink Turizm ve Ticaret A.\u015e, web sitesindeki ba\u011flant\u0131lar arac\u0131l\u0131\u011f\u0131yla ula\u015faca\u011f\u0131n\u0131z \u00fc\u00e7\u00fcnc\u00fc ki\u015filere ait web sitelerinin gizlilik ilkeleri hakk\u0131nda bir garanti vermez. Bu nedenle ki\u015fisel olarak belirlenebilir herhangi bir bilgi vermeden \u00f6nce, giri\u015f yapt\u0131\u011f\u0131n\u0131z sitelerin gizlilik politikalar\u0131n\u0131 dikkate alman\u0131z\u0131 \u00f6neririz.<\/p>\n<h4><strong>KULLANICI S\u00d6ZLE\u015eMES\u0130<\/strong><\/h4>\n<p>Bu site, Antlink Turizm ve Ticaret A.\u015e taraf\u0131ndan T.C. yasalar\u0131na uygun olarak yay\u0131nlanmaktad\u0131r. \u015eahs\u0131n\u0131za ait bilgilerin gizlili\u011finin bizim i\u00e7in esas te\u015fkil etti\u011fini ve bu konuda yasal olarak yetkili k\u0131l\u0131nan merciler d\u0131\u015f\u0131nda, herhangi bir \u00fc\u00e7\u00fcnc\u00fc \u015fah\u0131s, kurum ve kurulu\u015f ile payla\u015f\u0131lmayaca\u011f\u0131n\u0131 teyit ve taahh\u00fct ederiz. Antlink Turizm ve Ticaret A.\u015e., hasta bilgi ve belgelerini, 24.03.2016 tarih ve 6698 say\u0131l\u0131 Ki\u015fisel Verilerin Korunmas\u0131 Kanunu\u2019na uygun \u015fekilde korunaca\u011f\u0131 ve depolanaca\u011f\u0131n\u0131 taahh\u00fct eder. Sitemizdeki ba\u011flant\u0131lar ve i\u00e7erikleri ile ilgili t\u00fcm sorumluluk sahiplerine aittir, gizlilik esaslar\u0131 ba\u011flant\u0131lar\u0131n kendi gizlilik politikalar\u0131yla belirlenir. Bu ba\u011flant\u0131lar nedeniyle ya\u015fanacak herhangi bir sorundan Antlink Turizm ve Ticaret A.\u015e sorumlu tutulamaz.<\/p>\n<p>Bu siteyi ziyaret eden ve sitede aktif olan her kullan\u0131c\u0131, burada yaz\u0131l\u0131 ko\u015fullar\u0131 kabul etmi\u015f say\u0131l\u0131r.<\/p>\n<\/div>\n<div><\/div>\n<\/div><\/section><\/div>\n<\/div><\/div><\/div>\n","protected":false},"excerpt":{"rendered":"","protected":false},"author":1,"featured_media":0,"parent":0,"menu_order":0,"comment_status":"closed","ping_status":"closed","template":"","meta":{"footnotes":""},"_links":{"self":[{"href":"https:\/\/www.medivoucher.com\/TR\/wp-json\/wp\/v2\/pages\/1105"}],"collection":[{"href":"https:\/\/www.medivoucher.com\/TR\/wp-json\/wp\/v2\/pages"}],"about":[{"href":"https:\/\/www.medivoucher.com\/TR\/wp-json\/wp\/v2\/types\/page"}],"author":[{"embeddable":true,"href":"https:\/\/www.medivoucher.com\/TR\/wp-json\/wp\/v2\/users\/1"}],"replies":[{"embeddable":true,"href":"https:\/\/www.medivoucher.com\/TR\/wp-json\/wp\/v2\/comments?post=1105"}],"version-history":[{"count":4,"href":"https:\/\/www.medivoucher.com\/TR\/wp-json\/wp\/v2\/pages\/1105\/revisions"}],"predecessor-version":[{"id":1136,"href":"https:\/\/www.medivoucher.com\/TR\/wp-json\/wp\/v2\/pages\/1105\/revisions\/1136"}],"wp:attachment":[{"href":"https:\/\/www.medivoucher.com\/TR\/wp-json\/wp\/v2\/media?parent=1105"}],"curies":[{"name":"wp","href":"https:\/\/api.w.org\/{rel}","templated":true}]}}