{"id":1104,"date":"2020-01-17T12:16:18","date_gmt":"2020-01-17T12:16:18","guid":{"rendered":"http:\/\/medivoucher.com\/?page_id=1104"},"modified":"2020-01-17T16:43:26","modified_gmt":"2020-01-17T13:43:26","slug":"sikca-sorulan-sorular","status":"publish","type":"page","link":"https:\/\/www.medivoucher.com\/TR\/sikca-sorulan-sorular\/","title":{"rendered":"S\u0131k\u00e7a Sorulan Sorular"},"content":{"rendered":"\n<style type=\"text\/css\" data-created_by=\"avia_inline_auto\" id=\"style-css-av-k5f0bhjg-081e9dd879d281b453abcd426235b68a\">\n.avia-section.av-k5f0bhjg-081e9dd879d281b453abcd426235b68a{\nbackground-repeat:no-repeat;\nbackground-image:url(https:\/\/www.medivoucher.com\/TR\/wp-content\/uploads\/2020\/01\/1-1.jpg);\nbackground-position:50% 50%;\nbackground-attachment:fixed;\n}\n.avia-section.av-k5f0bhjg-081e9dd879d281b453abcd426235b68a .av-section-color-overlay{\nopacity:0.5;\nbackground-color:#7bb0e7;\nbackground-image:url(https:\/\/www.medivoucher.com\/TR\/wp-content\/themes\/enfold\/enfold\/images\/background-images\/dots-for-light-background.png);\nbackground-repeat:repeat;\n}\n<\/style>\n<div id='av_section_1'  class='avia-section av-k5f0bhjg-081e9dd879d281b453abcd426235b68a main_color avia-section-default avia-shadow  avia-builder-el-0  el_before_av_layout_row  avia-builder-el-first  avia-full-stretch avia-bg-style-fixed av-section-color-overlay-active av-minimum-height av-minimum-height-custom  container_wrap fullsize'  data-section-bg-repeat='stretch'><div class=\"av-section-color-overlay-wrap\"><div class=\"av-section-color-overlay\"><\/div><a href='#next-section' title='' class='scroll-down-link ' aria-hidden='true' data-av_icon='\ue877' data-av_iconfont='entypo-fontello'><\/a><div class='container av-section-cont-open' style='height:400px'><main  role=\"main\" itemprop=\"mainContentOfPage\"  class='template-page content  av-content-full alpha units'><div class='post-entry post-entry-type-page post-entry-1104'><div class='entry-content-wrapper clearfix'>\n\n<style type=\"text\/css\" data-created_by=\"avia_inline_auto\" id=\"style-css-av-k5i4lsh5-10bfe949602791e73418a564672b5d62\">\n#top .av-special-heading.av-k5i4lsh5-10bfe949602791e73418a564672b5d62{\npadding-bottom:10px;\ncolor:#ffffff;\nfont-size:35px;\n}\nbody .av-special-heading.av-k5i4lsh5-10bfe949602791e73418a564672b5d62 .av-special-heading-tag .heading-char{\nfont-size:25px;\n}\n#top #wrap_all .av-special-heading.av-k5i4lsh5-10bfe949602791e73418a564672b5d62 .av-special-heading-tag{\nfont-size:35px;\n}\n.av-special-heading.av-k5i4lsh5-10bfe949602791e73418a564672b5d62 .special-heading-inner-border{\nborder-color:#ffffff;\n}\n.av-special-heading.av-k5i4lsh5-10bfe949602791e73418a564672b5d62 .av-subheading{\nfont-size:15px;\n}\n<\/style>\n<div  class='av-special-heading av-k5i4lsh5-10bfe949602791e73418a564672b5d62 av-special-heading-h2 custom-color-heading blockquote modern-quote modern-centered  avia-builder-el-1  avia-builder-el-no-sibling  av-inherit-size'><h2 class='av-special-heading-tag'  itemprop=\"headline\"  >S\u0131k\u00e7a Sorulan Sorular<\/h2><div class=\"special-heading-border\"><div class=\"special-heading-inner-border\"><\/div><\/div><\/div>\n\n<\/div><\/div><\/main><!-- close content main element --><\/div><\/div><\/div><div id='sirket'  class='av-layout-grid-container av-k5f0wqi2-956288f907f8e5a0fbb75643733e1eb7 entry-content-wrapper main_color av-flex-cells  avia-builder-el-2  el_after_av_section  avia-builder-el-last  grid-row-not-first  container_wrap fullsize'  >\n\n<style type=\"text\/css\" data-created_by=\"avia_inline_auto\" id=\"style-css-av-k5f10rcl-6c84e31bc0dbc10c5c4b8f1f057e11b7\">\n.flex_cell.av-k5f10rcl-6c84e31bc0dbc10c5c4b8f1f057e11b7{\nvertical-align:middle;\nheight:500px;\nmin-height:500px;\npadding:30px 30px 30px 30px;\n}\n<\/style>\n<div class='flex_cell av_one_full av-k5f10rcl-6c84e31bc0dbc10c5c4b8f1f057e11b7 no_margin  avia-builder-el-3  avia-builder-el-no-sibling ' ><div class='flex_cell_inner'>\n<style type=\"text\/css\" data-created_by=\"avia_inline_auto\" id=\"style-css-av-k5for34q-bc4fda29ccd383c270d3206e792f9667\">\n.flex_column.av-k5for34q-bc4fda29ccd383c270d3206e792f9667{\nborder-radius:0px 0px 0px 0px;\n-webkit-border-radius:0px 0px 0px 0px;\n-moz-border-radius:0px 0px 0px 0px;\n}\n<\/style>\n<div class='flex_column av-k5for34q-bc4fda29ccd383c270d3206e792f9667 av_one_full  avia-builder-el-4  avia-builder-el-no-sibling  first flex_column_div  av-animated-generic left-to-right av-zero-column-padding '   ><p><section  class='av_textblock_section av-k5i7mb08-b671d53d9f8ba312b4e07e109ab28df1'  itemscope=\"itemscope\" itemtype=\"https:\/\/schema.org\/CreativeWork\" ><div class='avia_textblock'  itemprop=\"text\" ><p>T\u00fcm sorular\u0131n\u0131z\u0131n cevab\u0131n\u0131 bu b\u00f6l\u00fcmde bulabilirsiniz. Ayr\u0131ca, ba\u015fka sorular\u0131n\u0131z ya da iste\u011finiz varsa, seyahatinizin ba\u015flang\u0131c\u0131ndan tedavinin sonuna kadar size en iyi hizmeti verebilmek i\u00e7in \u00e7a\u011fr\u0131 merkezimizle ileti\u015fime ge\u00e7ebilirsiniz. Ekibimiz size her zaman gerekli bilgi ve cevaplar\u0131 vermeye haz\u0131r olacakt\u0131r. L\u00fctfen bizimle ileti\u015fime ge\u00e7mekten \u00e7ekinmeyin.<\/p>\n<\/div><\/section><br \/>\n\n<style type=\"text\/css\" data-created_by=\"avia_inline_auto\" id=\"style-css-av-k5i4n22u-2d691fb2ae1b0644396091b2167f1448\">\n#top .togglecontainer.av-k5i4n22u-2d691fb2ae1b0644396091b2167f1448 p.toggler.activeTitle{\ncolor:#007ca5;\nborder-color:#007ca5;\nbackground-color:#ffffff;\nbackground:linear-gradient( to bottom, #ffffff, #ededed );\n}\n#top .togglecontainer.av-k5i4n22u-2d691fb2ae1b0644396091b2167f1448 p.toggler:not(.activeTitle):hover{\ncolor:#ffffff;\nbackground-color:#007ca5;\n}\n#top .togglecontainer.av-k5i4n22u-2d691fb2ae1b0644396091b2167f1448 p.toggler:not(.activeTitle):hover .toggle_icon, #top .togglecontainer.av-k5i4n22u-2d691fb2ae1b0644396091b2167f1448 p.toggler:not(.activeTitle):hover .toggle_icon *{\nborder-color:#ffffff !important;\n}\n<\/style>\n<div  class='togglecontainer av-k5i4n22u-2d691fb2ae1b0644396091b2167f1448  avia-builder-el-6  el_after_av_textblock  avia-builder-el-last  toggle_close_all hasCurrentStyle' >\n<section class='av_toggle_section av-hf4yww-1ba5e875c8cbc6e3d40648d251986bdc'  itemscope=\"itemscope\" itemtype=\"https:\/\/schema.org\/CreativeWork\" ><div role=\"tablist\" class=\"single_toggle\" data-tags=\"{T\u00fcm\u00fc} \"  ><p data-fake-id='#toggle-id-1' class='toggler  activeTitle '  itemprop=\"headline\"  role='tab' tabindex='0' aria-controls='toggle-id-1'>MediVoucher nedir?<span class=\"toggle_icon\"><span class=\"vert_icon\"><\/span><span class=\"hor_icon\"><\/span><\/span><\/p><div id='toggle-id-1' class='toggle_wrap  active_tc' style='display:block;' ><div class='toggle_content invers-color '  itemprop=\"text\" ><p>MediVoucher Sa\u011fl\u0131k Turizmi i\u00e7in bir muayene\/ tedavi randevu sistemidir. Bu sistem T\u00fcrkiye&#8217;de sadece hastal\u0131\u011f\u0131n\u0131z\u0131 tedavi etmek i\u00e7in de\u011fildir. T\u00fcrkiye&#8217;ye seyahatiniz sa\u00e7 ekimi, di\u015f tedavisi, plastik cerrahi, obezite sorunlar\u0131 i\u00e7in operasyon vb. gibi her t\u00fcrl\u00fc sa\u011fl\u0131k prosed\u00fcr\u00fc i\u00e7in olabilir. MediVoucher, bizimle ileti\u015fime ge\u00e7ti\u011finizde sa\u011fl\u0131k sorunlar\u0131n\u0131z i\u00e7in gerekli t\u00fcm d\u00fczenlemeleri (konaklama, transferler ve tedaviniz i\u00e7in en iyi se\u00e7enek) size en h\u0131zl\u0131 \u015fekilde sunacakt\u0131r.<\/p>\n<\/div><\/div><\/div><\/section>\n<section class='av_toggle_section av-f7g3lc-3e58ede5339f4ee8b2be862b33053592'  itemscope=\"itemscope\" itemtype=\"https:\/\/schema.org\/CreativeWork\" ><div role=\"tablist\" class=\"single_toggle\" data-tags=\"{T\u00fcm\u00fc} \"  ><p data-fake-id='#toggle-id-2' class='toggler   '  itemprop=\"headline\"  role='tab' tabindex='0' aria-controls='toggle-id-2'>Tedavim i\u00e7in T\u00fcrkiye\u2019ye beraber seyahat etmek istedi\u011fim refakat\u00e7ime hangi imk\u00e2nlar\u0131 sunuyorsunuz?<span class=\"toggle_icon\"><span class=\"vert_icon\"><\/span><span class=\"hor_icon\"><\/span><\/span><\/p><div id='toggle-id-2' class='toggle_wrap  '  ><div class='toggle_content invers-color '  itemprop=\"text\" ><p>MediVoucher, olas\u0131 her hizmet i\u00e7in tedavi s\u0131ras\u0131nda size ve e\u015flik eden ki\u015fiye her zaman yard\u0131mc\u0131 olacakt\u0131r. Vize ba\u015fvurusu ile ba\u015flayarak u\u00e7ak biletleri (gerekirse), havaalan\u0131 transferleri ve yak\u0131nlar\u0131n\u0131z\u0131n kendi se\u00e7ti\u011fi otelde onlar\u0131n konaklamas\u0131n\u0131 sa\u011flayaca\u011f\u0131z. Sizi ziyaret etmek istediklerinde onlara gerekli transferi sa\u011flayabiliriz. Ayr\u0131ca, gerekti\u011finde kendi \u00fclkenizdeki akrabalar\u0131n\u0131zla ileti\u015fim kurmalar\u0131 i\u00e7in onlara \u0130nternet eri\u015fimi verebiliriz. Sizi ve beraberinizdeki insanlar\u0131 rahat ve g\u00fcvende hissettirecek hizmetlerimiz oldu\u011fundan emin olabilirsiniz.<\/p>\n<\/div><\/div><\/div><\/section>\n<section class='av_toggle_section av-el5mpc-5254ff72763261da7edf02f310920a21'  itemscope=\"itemscope\" itemtype=\"https:\/\/schema.org\/CreativeWork\" ><div role=\"tablist\" class=\"single_toggle\" data-tags=\"{T\u00fcm\u00fc} \"  ><p data-fake-id='#toggle-id-3' class='toggler   '  itemprop=\"headline\"  role='tab' tabindex='0' aria-controls='toggle-id-3'>Tedavim ne kadar s\u00fcrer?<span class=\"toggle_icon\"><span class=\"vert_icon\"><\/span><span class=\"hor_icon\"><\/span><\/span><\/p><div id='toggle-id-3' class='toggle_wrap  '  ><div class='toggle_content invers-color '  itemprop=\"text\" ><p>T\u0131bbi belgelerinizi ve raporlar\u0131n\u0131z\u0131 doktorlar inceledikten sonra, doktorunuz m\u00fcmk\u00fcn olan en k\u0131sa s\u00fcrede MediVoucher ekibimiz arac\u0131l\u0131\u011f\u0131yla size gerekli bilgileri verecektir. Ekibimiz size gerekli tedavi plan\u0131n\u0131 iletecektir. Her tedavinin farkl\u0131 bir iyile\u015fme s\u00fcreci vard\u0131r. Ki\u015fiye ba\u011fl\u0131 olarak iyile\u015fme s\u00fcrecinin de farkl\u0131 olabilece\u011fini bilginize sunar\u0131z.<\/p>\n<\/div><\/div><\/div><\/section>\n<section class='av_toggle_section av-cfhuk0-3a9a09c403ace40a234bc0c98d7e85d4'  itemscope=\"itemscope\" itemtype=\"https:\/\/schema.org\/CreativeWork\" ><div role=\"tablist\" class=\"single_toggle\" data-tags=\"{T\u00fcm\u00fc} \"  ><p data-fake-id='#toggle-id-4' class='toggler   '  itemprop=\"headline\"  role='tab' tabindex='0' aria-controls='toggle-id-4'>Yolculu\u011fumu ne zaman yapmal\u0131y\u0131m?<span class=\"toggle_icon\"><span class=\"vert_icon\"><\/span><span class=\"hor_icon\"><\/span><\/span><\/p><div id='toggle-id-4' class='toggle_wrap  '  ><div class='toggle_content invers-color '  itemprop=\"text\" ><p>Durumunuz acil de\u011filse, seyahatiniz i\u00e7in en uygun zaman\u0131 planlayabilmemiz i\u00e7in MediVoucher Ekibi ile ileti\u015fime ge\u00e7melisiniz. T\u00fcrkiye&#8217;nin co\u011frafi konumu nedeniyle d\u00f6rt mevsimi vard\u0131r. Turistik cazibe merkezleri nedeniyle, yaz mevsimi T\u00fcrkiye&#8217;de turizm i\u00e7in y\u00fcksek mevsimdir. Avrupa \u00fclkeleri ile kar\u015f\u0131la\u015ft\u0131r\u0131ld\u0131\u011f\u0131nda T\u00fcrkiye\u2019nin k\u0131\u015f mevsiminde de bahar havas\u0131 avantajlar\u0131 vard\u0131r, \u00f6zellikle Antalya&#8217;da 18-20 santigrat derecede ya\u015fayabilirsiniz. Seyahatinizden \u00f6nce doktorunuzla ve MediVoucher Ekibi ile g\u00f6r\u00fc\u015fmenizi \u00f6nemle tavsiye ederiz.<\/p>\n<\/div><\/div><\/div><\/section>\n<section class='av_toggle_section av-apbza8-b380c767af1c8cc0b34e35d531fe5117'  itemscope=\"itemscope\" itemtype=\"https:\/\/schema.org\/CreativeWork\" ><div role=\"tablist\" class=\"single_toggle\" data-tags=\"{T\u00fcm\u00fc} \"  ><p data-fake-id='#toggle-id-5' class='toggler   '  itemprop=\"headline\"  role='tab' tabindex='0' aria-controls='toggle-id-5'>Seyahatten \u00f6nce muayene olmal\u0131 m\u0131y\u0131m?<span class=\"toggle_icon\"><span class=\"vert_icon\"><\/span><span class=\"hor_icon\"><\/span><\/span><\/p><div id='toggle-id-5' class='toggle_wrap  '  ><div class='toggle_content invers-color '  itemprop=\"text\" ><p>Doktorunuz sizin i\u00e7in m\u00fcmk\u00fcn olan en iyi tedaviyi belirlemek i\u00e7in seyahatinizden \u00f6nce baz\u0131 testlere ihtiya\u00e7 duyabilir. Gerekti\u011finde eski\/yeni laboratuvar testi sonu\u00e7lar\u0131n\u0131z\u0131,\u00a0 X-Ray&#8217;\u0131, t\u0131bbi raporlar\u0131n\u0131z\u0131 veya di\u011fer gerekli belgelerinizi e-posta ile g\u00f6ndermeniz istenebilir.<\/p>\n<\/div><\/div><\/div><\/section>\n<section class='av_toggle_section av-vxxgg-24e610a9f79cbaae57f084d59c01bcfe'  itemscope=\"itemscope\" itemtype=\"https:\/\/schema.org\/CreativeWork\" ><div role=\"tablist\" class=\"single_toggle\" data-tags=\"{T\u00fcm\u00fc} \"  ><p data-fake-id='#toggle-id-6' class='toggler   '  itemprop=\"headline\"  role='tab' tabindex='0' aria-controls='toggle-id-6'>Tedaviden \u00f6nce doktorumla g\u00f6r\u00fc\u015febilir miyim?<span class=\"toggle_icon\"><span class=\"vert_icon\"><\/span><span class=\"hor_icon\"><\/span><\/span><\/p><div id='toggle-id-6' class='toggle_wrap  '  ><div class='toggle_content invers-color '  itemprop=\"text\" ><p>Evet, tedaviden \u00f6nce doktorunuzla bir g\u00f6r\u00fc\u015fme organize edebiliriz. Ayr\u0131ca doktorunuzla, Skype veya Whatsapp ile ileti\u015fim kurabilirsiniz.<\/p>\n<\/div><\/div><\/div><\/section>\n<section class='av_toggle_section av-p7368-bd9fa6d65adbd0ac9aa344e37d44af51'  itemscope=\"itemscope\" itemtype=\"https:\/\/schema.org\/CreativeWork\" ><div role=\"tablist\" class=\"single_toggle\" data-tags=\"{T\u00fcm\u00fc} \"  ><p data-fake-id='#toggle-id-7' class='toggler   '  itemprop=\"headline\"  role='tab' tabindex='0' aria-controls='toggle-id-7'>T\u00fcrkiye\u2019de tedavi edilirsem ne elde edece\u011fim?<span class=\"toggle_icon\"><span class=\"vert_icon\"><\/span><span class=\"hor_icon\"><\/span><\/span><\/p><div id='toggle-id-7' class='toggle_wrap  '  ><div class='toggle_content invers-color '  itemprop=\"text\" ><p>\u00d6ncelikle, hastanelerimizin \u00e7o\u011fu di\u011fer \u00fclkelerdeki meslekta\u015flar\u0131na k\u0131yasla y\u00fcksek kaliteli hizmetler sundu\u011fundan, dikkate de\u011fer bir tasarruf sa\u011flayabileceksiniz. \u00dclkemizdeki t\u0131bbi tedavi ve prosed\u00fcrlerin maliyeti, Avrupa veya Amerika b\u00f6lgelerinden olduk\u00e7a d\u00fc\u015f\u00fck olup makul bir d\u00fczeydedir.<\/p>\n<\/div><\/div><\/div><\/section>\n<section class='av_toggle_section av-5um43k-ae6154450cf39925dbe24234aff5cec3'  itemscope=\"itemscope\" itemtype=\"https:\/\/schema.org\/CreativeWork\" ><div role=\"tablist\" class=\"single_toggle\" data-tags=\"{T\u00fcm\u00fc} \"  ><p data-fake-id='#toggle-id-8' class='toggler   '  itemprop=\"headline\"  role='tab' tabindex='0' aria-controls='toggle-id-8'>Tedavim nas\u0131l olacak?<span class=\"toggle_icon\"><span class=\"vert_icon\"><\/span><span class=\"hor_icon\"><\/span><\/span><\/p><div id='toggle-id-8' class='toggle_wrap  '  ><div class='toggle_content invers-color '  itemprop=\"text\" ><p>Tedaviniz s\u0131ras\u0131nda ihtiya\u00e7lar\u0131n\u0131z nedeniyle gerekli her servis MediVoucher ekibi taraf\u0131ndan sa\u011flanacakt\u0131r.<\/p>\n<p>Olas\u0131 hizmetler;<\/p>\n<ul>\n<li>Doktorunuzla d\u00fczenli ileti\u015fim,<\/li>\n<li>Durumunuz izin veriyorsa, refakat\u00e7inizden d\u00fczenli ziyaret,<\/li>\n<li>T\u0131bbi merkez ile koordinasyon,<\/li>\n<li>Gerekirse \u00e7eviri hizmetleri,<\/li>\n<li>Olas\u0131 transferler,<\/li>\n<li>Konaklama ve ek olarak hastane d\u0131\u015f\u0131nda bak\u0131m,<\/li>\n<\/ul>\n<p>MediVoucher taraf\u0131ndan sa\u011flanacakt\u0131r. Sonu\u00e7 olarak, k\u0131sa s\u00fcrede iyile\u015fmek d\u0131\u015f\u0131nda hi\u00e7bir \u015fey i\u00e7in endi\u015felenmenize gerek yoktur. Ayr\u0131ca, tedaviniz s\u0131ras\u0131nda, t\u00fcm test sonu\u00e7lar\u0131 ve raporlar size sunulacakt\u0131r.<\/p>\n<\/div><\/div><\/div><\/section>\n<section class='av_toggle_section av-47bc8w-c99f2b4681d6acfe08c8b20b8127fdd0'  itemscope=\"itemscope\" itemtype=\"https:\/\/schema.org\/CreativeWork\" ><div role=\"tablist\" class=\"single_toggle\" data-tags=\"{T\u00fcm\u00fc} \"  ><p data-fake-id='#toggle-id-9' class='toggler   '  itemprop=\"headline\"  role='tab' tabindex='0' aria-controls='toggle-id-9'>Doktorlar yabanc\u0131 dil biliyor mu?<span class=\"toggle_icon\"><span class=\"vert_icon\"><\/span><span class=\"hor_icon\"><\/span><\/span><\/p><div id='toggle-id-9' class='toggle_wrap  '  ><div class='toggle_content invers-color '  itemprop=\"text\" ><p>Anla\u015fmal\u0131 hastanelerde \u00e7al\u0131\u015fan doktorlar\u0131n b\u00fcy\u00fck bir \u00e7o\u011funlu\u011fu aktif olarak \u0130ngilizce konu\u015fmaktad\u0131rlar. E\u011fitimleri ve uluslararas\u0131 ba\u011flant\u0131lar\u0131 nedeniyle baz\u0131 doktorlar di\u011fer uluslararas\u0131 dilleri de konu\u015fmaktad\u0131r. Hastanelerin profesyonel \u00e7eviri hizmetleri olup, gerekti\u011finde terc\u00fcmanlar vas\u0131tas\u0131yla sizin ve akrabalar\u0131n\u0131z\u0131n bilgilendirilmeleri her zaman sa\u011flanacakt\u0131r.<\/p>\n<\/div><\/div><\/div><\/section>\n<section class='av_toggle_section av-1zk41s-bebd995155edd02756f926cc0fdb752d'  itemscope=\"itemscope\" itemtype=\"https:\/\/schema.org\/CreativeWork\" ><div role=\"tablist\" class=\"single_toggle\" data-tags=\"{T\u00fcm\u00fc} \"  ><p data-fake-id='#toggle-id-10' class='toggler   '  itemprop=\"headline\"  role='tab' tabindex='0' aria-controls='toggle-id-10'>Sigortam T\u00fcrkiye\u2019deki tedavimi kar\u015f\u0131layacak m\u0131?<span class=\"toggle_icon\"><span class=\"vert_icon\"><\/span><span class=\"hor_icon\"><\/span><\/span><\/p><div id='toggle-id-10' class='toggle_wrap  '  ><div class='toggle_content invers-color '  itemprop=\"text\" ><p>Bu konu ile ilgili olarak, sigorta \u015firketinizle ileti\u015fime ge\u00e7menizi \u00f6neririz. Zira, sigorta poli\u00e7elerinin \u00e7o\u011funun tedaviye ba\u011fl\u0131 olarak farkl\u0131 kurallara sahip oldu\u011funu size hat\u0131rlatmak isteriz.<\/p>\n<\/div><\/div><\/div><\/section>\n<\/div><\/p><\/div>\n<\/div><\/div><\/div>\n","protected":false},"excerpt":{"rendered":"","protected":false},"author":1,"featured_media":0,"parent":0,"menu_order":0,"comment_status":"closed","ping_status":"closed","template":"","meta":{"footnotes":""},"_links":{"self":[{"href":"https:\/\/www.medivoucher.com\/TR\/wp-json\/wp\/v2\/pages\/1104"}],"collection":[{"href":"https:\/\/www.medivoucher.com\/TR\/wp-json\/wp\/v2\/pages"}],"about":[{"href":"https:\/\/www.medivoucher.com\/TR\/wp-json\/wp\/v2\/types\/page"}],"author":[{"embeddable":true,"href":"https:\/\/www.medivoucher.com\/TR\/wp-json\/wp\/v2\/users\/1"}],"replies":[{"embeddable":true,"href":"https:\/\/www.medivoucher.com\/TR\/wp-json\/wp\/v2\/comments?post=1104"}],"version-history":[{"count":8,"href":"https:\/\/www.medivoucher.com\/TR\/wp-json\/wp\/v2\/pages\/1104\/revisions"}],"predecessor-version":[{"id":1140,"href":"https:\/\/www.medivoucher.com\/TR\/wp-json\/wp\/v2\/pages\/1104\/revisions\/1140"}],"wp:attachment":[{"href":"https:\/\/www.medivoucher.com\/TR\/wp-json\/wp\/v2\/media?parent=1104"}],"curies":[{"name":"wp","href":"https:\/\/api.w.org\/{rel}","templated":true}]}}