{"id":156,"date":"2015-07-16T09:12:51","date_gmt":"2015-07-16T09:12:51","guid":{"rendered":"http:\/\/test.kriesi.at\/minimal-portfolio\/?page_id=156"},"modified":"2023-11-21T14:14:57","modified_gmt":"2023-11-21T11:14:57","slug":"%d0%ba%d0%be%d0%bd%d1%82%d0%b0%d0%ba%d1%82","status":"publish","type":"page","link":"https:\/\/www.medivoucher.com\/RU\/%d0%ba%d0%be%d0%bd%d1%82%d0%b0%d0%ba%d1%82\/","title":{"rendered":"\u043a\u043e\u043d\u0442\u0430\u043a\u0442"},"content":{"rendered":"<div  class='av_gmaps_sc_main_wrap av_gmaps_main_wrap '><div id='av_gmap_0' class='avia-google-map-container avia-google-map-sc av_gmaps_show_unconditionally av-no-fallback-img ' data-mapid='av_gmap_0'  style='height: 230px;'><a class=\"av_gmaps_browser_disabled av_text_confirm_link av_text_confirm_link_visible\" href=\"https:\/\/www.google.com\/maps\/search\/?api=1&#038;query=Main%20Street%20%20%20%20USA\" target=\"_blank\" rel=\"noopener\">Maps were disabled by the visitor on this site. Click to open the map in a new window.<\/a><\/div><\/div>\n<div id='av_section_1'  class='avia-section av-145nae-e484183ac2512e581c4d3ad1f4531c95 main_color avia-section-huge avia-no-shadow  avia-builder-el-1  el_after_av_google_map  avia-builder-el-last  avia-bg-style-scroll container_wrap fullsize'  ><div class='container av-section-cont-open' ><div class='template-page content  av-content-full alpha units'><div class='post-entry post-entry-type-page post-entry-156'><div class='entry-content-wrapper clearfix'>\n\n<style type=\"text\/css\" data-created_by=\"avia_inline_auto\" id=\"style-css-av-1kbp16-3421f18de359c4df72201708db8118ca\">\n.flex_column.av-1kbp16-3421f18de359c4df72201708db8118ca{\nborder-radius:0px 0px 0px 0px;\n-webkit-border-radius:0px 0px 0px 0px;\n-moz-border-radius:0px 0px 0px 0px;\n}\n<\/style>\n<div class='flex_column av-1kbp16-3421f18de359c4df72201708db8118ca av_one_third  avia-builder-el-2  el_before_av_two_third  avia-builder-el-first  first flex_column_div  av-animated-generic bottom-to-top av-zero-column-padding '   ><p>\n<style type=\"text\/css\" data-created_by=\"avia_inline_auto\" id=\"style-css-av-7k5yk-6f9a050cd3139c3e51c5eb1beb1f0f87\">\n#top .av-special-heading.av-7k5yk-6f9a050cd3139c3e51c5eb1beb1f0f87{\npadding-bottom:10px;\nfont-size:50px;\n}\nbody .av-special-heading.av-7k5yk-6f9a050cd3139c3e51c5eb1beb1f0f87 .av-special-heading-tag .heading-char{\nfont-size:25px;\n}\n#top #wrap_all .av-special-heading.av-7k5yk-6f9a050cd3139c3e51c5eb1beb1f0f87 .av-special-heading-tag{\nfont-size:50px;\n}\n.av-special-heading.av-7k5yk-6f9a050cd3139c3e51c5eb1beb1f0f87 .av-subheading{\nfont-size:15px;\n}\n<\/style>\n<div  class='av-special-heading av-7k5yk-6f9a050cd3139c3e51c5eb1beb1f0f87 av-special-heading-h4 blockquote modern-quote  avia-builder-el-3  el_before_av_textblock  avia-builder-el-first  av-thin-font av-inherit-size'><h4 class='av-special-heading-tag'  itemprop=\"headline\"  ><strong>Medi<\/strong>Voucher<\/h4><div class=\"special-heading-border\"><div class=\"special-heading-inner-border\"><\/div><\/div><\/div><br \/>\n<section  class='av_textblock_section av-31jcro-87c83cac0dbdb3984a7569f725b9177a'  itemscope=\"itemscope\" itemtype=\"https:\/\/schema.org\/CreativeWork\" ><div class='avia_textblock'  itemprop=\"text\" ><p>MediVoucher<\/p>\n<p>Antlink Turizm Ticaret A.\u015e<\/p>\n<p>Alt\u0131nda\u011f, 100 Y\u0131l Blv<br \/>\nNo:12\/202, 07050<br \/>\nMuratpa\u015fa\/Antalya<\/p>\n<p><strong>Tel :<\/strong> +90 242 505 88 05<\/p>\n<p><strong>E-Mail :<\/strong> <a href=\"mailto:appointment@medivoucher.com\">appointment@medivoucher.com<\/a><\/p>\n<\/div><\/section><\/p><\/div>\n<style type=\"text\/css\" data-created_by=\"avia_inline_auto\" id=\"style-css-av-1kbp16-5c5fec3f50eefb98123f4ad18a2de1bd\">\n.flex_column.av-1kbp16-5c5fec3f50eefb98123f4ad18a2de1bd{\nborder-radius:0px 0px 0px 0px;\n-webkit-border-radius:0px 0px 0px 0px;\n-moz-border-radius:0px 0px 0px 0px;\n}\n<\/style>\n<div class='flex_column av-1kbp16-5c5fec3f50eefb98123f4ad18a2de1bd av_two_third  avia-builder-el-5  el_after_av_one_third  avia-builder-el-last  flex_column_div  av-animated-generic bottom-to-top av-zero-column-padding '   ><p>\n<style type=\"text\/css\" data-created_by=\"avia_inline_auto\" id=\"style-css-av-k71r244q-8d95bfbb1716b5910a3aa9cbf7dcd897\">\n#top .av-special-heading.av-k71r244q-8d95bfbb1716b5910a3aa9cbf7dcd897{\npadding-bottom:10px;\nfont-size:50px;\n}\nbody .av-special-heading.av-k71r244q-8d95bfbb1716b5910a3aa9cbf7dcd897 .av-special-heading-tag .heading-char{\nfont-size:25px;\n}\n#top #wrap_all .av-special-heading.av-k71r244q-8d95bfbb1716b5910a3aa9cbf7dcd897 .av-special-heading-tag{\nfont-size:50px;\n}\n.av-special-heading.av-k71r244q-8d95bfbb1716b5910a3aa9cbf7dcd897 .av-subheading{\nfont-size:15px;\n}\n<\/style>\n<div  class='av-special-heading av-k71r244q-8d95bfbb1716b5910a3aa9cbf7dcd897 av-special-heading-h4 blockquote modern-quote  avia-builder-el-6  el_before_av_contact  avia-builder-el-first  av-thin-font av-inherit-size'><h4 class='av-special-heading-tag'  itemprop=\"headline\"  ><strong>\u041e\u0441\u0442\u0430\u0432\u0438\u0442\u044c <\/strong> \u0441\u043e\u043e\u0431\u0449\u0435\u043d\u0438\u0435 <\/h4><div class=\"special-heading-border\"><div class=\"special-heading-inner-border\"><\/div><\/div><\/div><br \/>\n<form action=\"https:\/\/www.medivoucher.com\/RU\/%d0%ba%d0%be%d0%bd%d1%82%d0%b0%d0%ba%d1%82\/\" method=\"post\"  class=\"avia_ajax_form av-form-labels-hidden   avia-builder-el-7  el_after_av_heading  avia-builder-el-last   \" data-avia-form-id=\"1\" data-avia-redirect='' ><fieldset><p class='  first_form  form_element form_element_half' id='element_avia_1_1'><label for=\"avia_1_1\">\u0412\u0430\u0448\u0435 \u0438\u043c\u044f <abbr class=\"required\" title=\"Zorunlu\">*<\/abbr><\/label> <input name=\"avia_1_1\" class=\"text_input is_empty\" type=\"text\" id=\"avia_1_1\" value=\"\"  placeholder='\u0412\u0430\u0448\u0435 \u0438\u043c\u044f*'\/><\/p><p class='  form_element form_element_half' id='element_avia_2_1'><label for=\"avia_2_1\">E-Mail <abbr class=\"required\" title=\"Zorunlu\">*<\/abbr><\/label> <input name=\"avia_2_1\" class=\"text_input is_email\" type=\"text\" id=\"avia_2_1\" value=\"\"  placeholder='E-Mail*'\/><\/p><p class='  first_form  form_element form_element_half' id='element_avia_3_1'><label for=\"avia_3_1\">\u0412\u0430\u0448 \u043a\u043e\u043d\u0442\u0430\u043a\u0442\u043d\u044b\u0439 \u043d\u043e\u043c\u0435\u0440<\/label> <input name=\"avia_3_1\" class=\"text_input \" type=\"text\" id=\"avia_3_1\" value=\"\"  placeholder='\u0412\u0430\u0448 \u043a\u043e\u043d\u0442\u0430\u043a\u0442\u043d\u044b\u0439 \u043d\u043e\u043c\u0435\u0440'\/><\/p><p class='  form_element form_element_half' id='element_avia_4_1'><label for=\"avia_4_1\">\u0442\u0435\u043c\u0430<\/label> <input name=\"avia_4_1\" class=\"text_input \" type=\"text\" id=\"avia_4_1\" value=\"\"  placeholder='\u0442\u0435\u043c\u0430'\/><\/p><p class='  first_form  form_element form_fullwidth av-last-visible-form-element' id='element_avia_5_1'><label for=\"avia_5_1\" class=\"textare_label hidden textare_label_avia_5_1\">\u0412\u0430\u0448\u0435 \u0441\u043e\u043e\u0431\u0449\u0435\u043d\u0438\u0435  <abbr class=\"required\" title=\"Zorunlu\">*<\/abbr><\/label><textarea  placeholder='\u0412\u0430\u0448\u0435 \u0441\u043e\u043e\u0431\u0449\u0435\u043d\u0438\u0435 *' name=\"avia_5_1\" class=\"text_area is_empty\" cols=\"40\" rows=\"7\" id=\"avia_5_1\" ><\/textarea><\/p><p class=\"hidden\"><input type=\"text\" name=\"avia_6_1\" class=\"hidden \" id=\"avia_6_1\" value=\"\" \/><\/p><p class=\"form_element \"><input type=\"hidden\" value=\"1\" name=\"avia_generated_form1\" \/><input type=\"submit\" value=\"\u043e\u0442\u043f\u0440\u0430\u0432\u0438\u0442\u044c\" class=\"button\"  data-sending-label=\"G\u00f6nderiliyor\"\/><\/p><\/fieldset><\/form><div id=\"ajaxresponse_1\" class=\"ajaxresponse ajaxresponse_1 hidden\"><\/div><\/p><\/div>\n","protected":false},"excerpt":{"rendered":"","protected":false},"author":1,"featured_media":0,"parent":0,"menu_order":0,"comment_status":"open","ping_status":"closed","template":"","meta":{"footnotes":""},"_links":{"self":[{"href":"https:\/\/www.medivoucher.com\/RU\/wp-json\/wp\/v2\/pages\/156"}],"collection":[{"href":"https:\/\/www.medivoucher.com\/RU\/wp-json\/wp\/v2\/pages"}],"about":[{"href":"https:\/\/www.medivoucher.com\/RU\/wp-json\/wp\/v2\/types\/page"}],"author":[{"embeddable":true,"href":"https:\/\/www.medivoucher.com\/RU\/wp-json\/wp\/v2\/users\/1"}],"replies":[{"embeddable":true,"href":"https:\/\/www.medivoucher.com\/RU\/wp-json\/wp\/v2\/comments?post=156"}],"version-history":[{"count":15,"href":"https:\/\/www.medivoucher.com\/RU\/wp-json\/wp\/v2\/pages\/156\/revisions"}],"predecessor-version":[{"id":1550,"href":"https:\/\/www.medivoucher.com\/RU\/wp-json\/wp\/v2\/pages\/156\/revisions\/1550"}],"wp:attachment":[{"href":"https:\/\/www.medivoucher.com\/RU\/wp-json\/wp\/v2\/media?parent=156"}],"curies":[{"name":"wp","href":"https:\/\/api.w.org\/{rel}","templated":true}]}}