{"id":997,"date":"2020-01-15T19:22:52","date_gmt":"2020-01-15T19:22:52","guid":{"rendered":"http:\/\/medivoucher.com\/?page_id=997"},"modified":"2023-11-21T14:45:10","modified_gmt":"2023-11-21T11:45:10","slug":"reiseziel-fur-medizische-untersuchung","status":"publish","type":"page","link":"https:\/\/www.medivoucher.com\/DE\/reiseziel-fur-medizische-untersuchung\/","title":{"rendered":"Ihr Reiseziel f\u00fcr Ihre medizinische Untersuchung"},"content":{"rendered":"\n<style type=\"text\/css\" data-created_by=\"avia_inline_auto\" id=\"style-css-av-k5f0bhjg-5d94983c22256dcf4e05fae31eee000a\">\n.avia-section.av-k5f0bhjg-5d94983c22256dcf4e05fae31eee000a{\nbackground-repeat:no-repeat;\nbackground-image:url(https:\/\/www.medivoucher.com\/DE\/wp-content\/uploads\/2020\/01\/1-1.jpg);\nbackground-position:50% 50%;\nbackground-attachment:fixed;\n}\n.avia-section.av-k5f0bhjg-5d94983c22256dcf4e05fae31eee000a .av-section-color-overlay{\nopacity:0.5;\nbackground-color:#7bb0e7;\nbackground-image:url(https:\/\/www.medivoucher.com\/DE\/wp-content\/themes\/enfold\/enfold\/images\/background-images\/dots-for-light-background.png);\nbackground-repeat:repeat;\n}\n<\/style>\n<div id='av_section_1'  class='avia-section av-k5f0bhjg-5d94983c22256dcf4e05fae31eee000a main_color avia-section-default avia-shadow  avia-builder-el-0  el_before_av_layout_row  avia-builder-el-first  avia-full-stretch avia-bg-style-fixed av-section-color-overlay-active av-minimum-height av-minimum-height-custom  container_wrap fullsize'  data-section-bg-repeat='stretch'><div class=\"av-section-color-overlay-wrap\"><div class=\"av-section-color-overlay\"><\/div><a href='#next-section' title='' class='scroll-down-link ' aria-hidden='true' data-av_icon='\ue877' data-av_iconfont='entypo-fontello'><\/a><div class='container av-section-cont-open' style='height:400px'><main  role=\"main\" itemprop=\"mainContentOfPage\"  class='template-page content  av-content-full alpha units'><div class='post-entry post-entry-type-page post-entry-997'><div class='entry-content-wrapper clearfix'>\n\n<style type=\"text\/css\" data-created_by=\"avia_inline_auto\" id=\"style-css-av-k5i4c0tp-38527b682b59cffd729ec7d6a8f66e10\">\n#top .av-special-heading.av-k5i4c0tp-38527b682b59cffd729ec7d6a8f66e10{\npadding-bottom:10px;\ncolor:#ffffff;\nfont-size:35px;\n}\nbody .av-special-heading.av-k5i4c0tp-38527b682b59cffd729ec7d6a8f66e10 .av-special-heading-tag .heading-char{\nfont-size:25px;\n}\n#top #wrap_all .av-special-heading.av-k5i4c0tp-38527b682b59cffd729ec7d6a8f66e10 .av-special-heading-tag{\nfont-size:35px;\n}\n.av-special-heading.av-k5i4c0tp-38527b682b59cffd729ec7d6a8f66e10 .special-heading-inner-border{\nborder-color:#ffffff;\n}\n.av-special-heading.av-k5i4c0tp-38527b682b59cffd729ec7d6a8f66e10 .av-subheading{\nfont-size:15px;\n}\n<\/style>\n<div  class='av-special-heading av-k5i4c0tp-38527b682b59cffd729ec7d6a8f66e10 av-special-heading-h2 custom-color-heading blockquote modern-quote modern-centered  avia-builder-el-1  avia-builder-el-no-sibling  av-inherit-size av-linked-heading'><h2 class='av-special-heading-tag'  itemprop=\"headline\"  >Ihr Reiseziel f\u00fcr Ihre medizinische Untersuchung <\/h2><div class=\"special-heading-border\"><div class=\"special-heading-inner-border\"><\/div><\/div><\/div>\n<\/div><\/div><\/main><!-- close content main element --><\/div><\/div><\/div><div id='sirket'  class='av-layout-grid-container av-k5f0wqi2-956288f907f8e5a0fbb75643733e1eb7 entry-content-wrapper main_color av-flex-cells  avia-builder-el-2  el_after_av_section  el_before_av_layout_row  grid-row-not-first  container_wrap fullsize'  >\n\n<style type=\"text\/css\" data-created_by=\"avia_inline_auto\" id=\"style-css-av-k5f10rcl-6c84e31bc0dbc10c5c4b8f1f057e11b7\">\n.flex_cell.av-k5f10rcl-6c84e31bc0dbc10c5c4b8f1f057e11b7{\nvertical-align:middle;\nheight:500px;\nmin-height:500px;\npadding:30px 30px 30px 30px;\n}\n<\/style>\n<div class='flex_cell av_one_half av-k5f10rcl-6c84e31bc0dbc10c5c4b8f1f057e11b7 no_margin  avia-builder-el-3  el_before_av_cell_one_half  avia-builder-el-first ' ><div class='flex_cell_inner'>\n<style type=\"text\/css\" data-created_by=\"avia_inline_auto\" id=\"style-css-av-k5for34q-bc4fda29ccd383c270d3206e792f9667\">\n.flex_column.av-k5for34q-bc4fda29ccd383c270d3206e792f9667{\nborder-radius:0px 0px 0px 0px;\n-webkit-border-radius:0px 0px 0px 0px;\n-moz-border-radius:0px 0px 0px 0px;\n}\n<\/style>\n<div class='flex_column av-k5for34q-bc4fda29ccd383c270d3206e792f9667 av_one_full  avia-builder-el-4  avia-builder-el-no-sibling  first flex_column_div  av-animated-generic left-to-right av-zero-column-padding '   ><p>\n<style type=\"text\/css\" data-created_by=\"avia_inline_auto\" id=\"style-css-av-98r5x-dd0294ad801d4b32b35197170fe5e94d\">\n#top .av-special-heading.av-98r5x-dd0294ad801d4b32b35197170fe5e94d{\npadding-bottom:10px;\ncolor:#007da5;\n}\nbody .av-special-heading.av-98r5x-dd0294ad801d4b32b35197170fe5e94d .av-special-heading-tag .heading-char{\nfont-size:25px;\n}\n.av-special-heading.av-98r5x-dd0294ad801d4b32b35197170fe5e94d .special-heading-inner-border{\nborder-color:#007da5;\n}\n.av-special-heading.av-98r5x-dd0294ad801d4b32b35197170fe5e94d .av-subheading{\nfont-size:15px;\n}\n<\/style>\n<div  class='av-special-heading av-98r5x-dd0294ad801d4b32b35197170fe5e94d av-special-heading-h3 custom-color-heading  avia-builder-el-5  el_before_av_textblock  avia-builder-el-first  av-linked-heading'><h3 class='av-special-heading-tag'  itemprop=\"headline\"  >Ihr Gesundheitszentrum, T\u00fcrkei<\/h3><div class=\"special-heading-border\"><div class=\"special-heading-inner-border\"><\/div><\/div><\/div><br \/>\n<section  class='av_textblock_section av-k5f0cozc-f49f9f4294a4ac62d60b06d5d9b2771a'  itemscope=\"itemscope\" itemtype=\"https:\/\/schema.org\/CreativeWork\" ><div class='avia_textblock'  itemprop=\"text\" ><p>In den letzten Jahren wurde, w\u00e4hrend der Anpassungsphase f\u00fcr die Europ\u00e4ischen Union und mit der EU-Gesetzgebung gro\u00dfe Reformen und Investitionen im Gesundheitssektor in der T\u00fcrkei erbracht. Mit den neuen Reformen von dem Gesundheitsministeriums, wurde die Qualit\u00e4t der \u00c4rzte, sowie die Qualit\u00e4t und Effizienz des Gesundheitssystems und die technologischen M\u00f6glichkeiten auf das h\u00f6chste Niveau erhoben.<\/p>\n<p>Unser Land bietet, mit seinen modernen Krankenh\u00e4usern mit fortschrittlicher Technologieinfrastruktur, mit seinen geschulten Arbeitskr\u00e4ften und seinen erfahrenen Fach\u00e4rzten, sowie mit seiner geografischen Lage, f\u00fcr alle Staatsb\u00fcrger der L\u00e4nder der ganzen Welt, seine Dienstleistungen, zu europ\u00e4ischen Vergleich, f\u00fcr sehr g\u00fcnstigere Preisen an.<\/p>\n<p>Dar\u00fcber hinaus werden die Kriterien, die die hohen Qualit\u00e4ts- und Servicestandards gew\u00e4hrleisten, die der Staat seit 2017 im Gesundheitstourismus eingef\u00fchrt hat, eine wichtige Rolle spielen, die Erwartungen und Bed\u00fcrfnisse von Patienten zu erf\u00fcllen, die die T\u00fcrkei f\u00fcr Gesundheitstourismus auf hohem Niveau bevorzugen.<\/p>\n<\/div><\/section><\/p><\/div>\n<\/div><\/div>\n<style type=\"text\/css\" data-created_by=\"avia_inline_auto\" id=\"style-css-av-k5f0sol0-7b95ebe6eea57e5cb230e66a8878e27a\">\n.flex_cell.av-k5f0sol0-7b95ebe6eea57e5cb230e66a8878e27a{\nvertical-align:top;\nheight:500px;\nmin-height:500px;\npadding:30px 30px 30px 30px;\nbackground:url(https:\/\/www.medivoucher.com\/DE\/wp-content\/uploads\/2020\/01\/Medikal-Turizm-Destinasyonu1-1.jpg) 50% 50% no-repeat scroll ;\n}\n<\/style>\n<div class='flex_cell av_one_half av-k5f0sol0-7b95ebe6eea57e5cb230e66a8878e27a no_margin  avia-builder-el-7  el_after_av_cell_one_half  avia-builder-el-last  avia-full-stretch' ><div class='flex_cell_inner'><\/div><\/div>\n<\/div><\/p>\n<div id='kurumsal'  class='av-layout-grid-container av-k5f0wwfl-40c053c253512f23c7c216a43a087f65 entry-content-wrapper main_color av-flex-cells  avia-builder-el-8  el_after_av_layout_row  el_before_av_layout_row  grid-row-not-first  container_wrap fullsize'  >\n\n<style type=\"text\/css\" data-created_by=\"avia_inline_auto\" id=\"style-css-av-k5f0t9fj-01d9508a1a8d9c21ccd07075fd6b16db\">\n.flex_cell.av-k5f0t9fj-01d9508a1a8d9c21ccd07075fd6b16db{\nvertical-align:middle;\nheight:500px;\nmin-height:500px;\npadding:30px 30px 30px 30px;\nbackground:url(https:\/\/www.medivoucher.com\/DE\/wp-content\/uploads\/2020\/01\/Medikal-Turizm-Destinasyonu2-1.jpg) 50% 50% no-repeat scroll ;\n}\n<\/style>\n<div class='flex_cell av_one_half av-k5f0t9fj-01d9508a1a8d9c21ccd07075fd6b16db no_margin  avia-builder-el-9  el_before_av_cell_one_half  avia-builder-el-first  avia-full-stretch' ><div class='flex_cell_inner'><\/div><\/div>\n<style type=\"text\/css\" data-created_by=\"avia_inline_auto\" id=\"style-css-av-k5f0ti2g-582786707ff135205b7fb5e515bba196\">\n.flex_cell.av-k5f0ti2g-582786707ff135205b7fb5e515bba196{\nvertical-align:middle;\nheight:500px;\nmin-height:500px;\npadding:30px 30px 30px 30px;\n}\n<\/style>\n<div class='flex_cell av_one_half av-k5f0ti2g-582786707ff135205b7fb5e515bba196 no_margin  avia-builder-el-10  el_after_av_cell_one_half  avia-builder-el-last ' ><div class='flex_cell_inner'>\n<style type=\"text\/css\" data-created_by=\"avia_inline_auto\" id=\"style-css-av-k5formpj-399f3f05d281bdfb315329f0d30c66f6\">\n.flex_column.av-k5formpj-399f3f05d281bdfb315329f0d30c66f6{\nborder-radius:0px 0px 0px 0px;\n-webkit-border-radius:0px 0px 0px 0px;\n-moz-border-radius:0px 0px 0px 0px;\n}\n<\/style>\n<div class='flex_column av-k5formpj-399f3f05d281bdfb315329f0d30c66f6 av_one_full  avia-builder-el-11  avia-builder-el-no-sibling  first flex_column_div  av-animated-generic right-to-left av-zero-column-padding '   ><section  class='av_textblock_section av-k5f0cozc-61aac31885fac8330c5c565f06c23d66'  itemscope=\"itemscope\" itemtype=\"https:\/\/schema.org\/CreativeWork\" ><div class='avia_textblock'  itemprop=\"text\" ><p>Sowohl mit dem historischen und kulturellen Reichtum als auch mit dem Entwicklungsstand im Gesundheitsbereich ist die T\u00fcrkei in jeder Hinsicht eines der beliebtesten L\u00e4nder der Welt. Obwohl in allen L\u00e4ndern der Welt bekannt ist, dass jede Ecke unseres Landes ein Paradies ist, sind insbesondere Istanbul und Antalya , die von Ausl\u00e4ndern am h\u00e4ufigsten besuchten St\u00e4dte, und unser Unternehmen hat f\u00fcr das Gesundheitstourismus Vereinbarungen mit Krankenh\u00e4usern in diesen beiden beliebten St\u00e4dten abgeschlossen. Mit einer Zahl von 30 bis 40 Millionen ausl\u00e4ndischen Touristen pro Jahr hat die T\u00fcrkei erhebliche Fortschritte erzielt und auch die fortschrittliche Technologie mit den fortschrittlichen Gesundheitseinrichtungen bietet unserem Land erhebliche Preisvorteile im Vergleich zu den anderen L\u00e4ndern der Welt..<\/p>\n<\/div><\/section><\/div>\n<\/div><\/div>\n<\/div>\n<div id='sirket'  class='av-layout-grid-container av-k5f0wqi2-956288f907f8e5a0fbb75643733e1eb7 entry-content-wrapper main_color av-flex-cells  avia-builder-el-13  el_after_av_layout_row  avia-builder-el-last  grid-row-not-first  container_wrap fullsize'  >\n\n<style type=\"text\/css\" data-created_by=\"avia_inline_auto\" id=\"style-css-av-k5f10rcl-6c84e31bc0dbc10c5c4b8f1f057e11b7\">\n.flex_cell.av-k5f10rcl-6c84e31bc0dbc10c5c4b8f1f057e11b7{\nvertical-align:middle;\nheight:500px;\nmin-height:500px;\npadding:30px 30px 30px 30px;\n}\n<\/style>\n<div class='flex_cell av_one_half av-k5f10rcl-6c84e31bc0dbc10c5c4b8f1f057e11b7 no_margin  avia-builder-el-14  el_before_av_cell_one_half  avia-builder-el-first ' ><div class='flex_cell_inner'>\n<style type=\"text\/css\" data-created_by=\"avia_inline_auto\" id=\"style-css-av-k5for34q-bc4fda29ccd383c270d3206e792f9667\">\n.flex_column.av-k5for34q-bc4fda29ccd383c270d3206e792f9667{\nborder-radius:0px 0px 0px 0px;\n-webkit-border-radius:0px 0px 0px 0px;\n-moz-border-radius:0px 0px 0px 0px;\n}\n<\/style>\n<div class='flex_column av-k5for34q-bc4fda29ccd383c270d3206e792f9667 av_one_full  avia-builder-el-15  avia-builder-el-no-sibling  first flex_column_div  av-animated-generic left-to-right av-zero-column-padding '   ><section  class='av_textblock_section av-k5f0cozc-f49f9f4294a4ac62d60b06d5d9b2771a'  itemscope=\"itemscope\" itemtype=\"https:\/\/schema.org\/CreativeWork\" ><div class='avia_textblock'  itemprop=\"text\" ><p>Die Qualit\u00e4t der Gesundheitsdienstleistungen von vielen privaten Krankenh\u00e4usern in der T\u00fcrkei wurden von weltweit renommierten Akkreditierungsstellen best\u00e4tigt. Mit insgesamt 42 von JCI (Joint Commissions International) zugelassenen Gesundheitseinrichtungen liegt die T\u00fcrkei weltweit an zweiter Stelle. Auch im Hinblick auf den Gesundheitstourismus ist die T\u00fcrkei mit ihren Thermalb\u00e4dern und Natursch\u00f6nheiten ein einzigartiges Gesundheitszentrum.<\/p>\n<\/div><\/section><\/div>\n<\/div><\/div>\n<style type=\"text\/css\" data-created_by=\"avia_inline_auto\" id=\"style-css-av-k5f0sol0-4e6a30f541c6525083a56a93aa2c3c45\">\n.flex_cell.av-k5f0sol0-4e6a30f541c6525083a56a93aa2c3c45{\nvertical-align:top;\nheight:500px;\nmin-height:500px;\npadding:30px 30px 30px 30px;\nbackground:url(https:\/\/www.medivoucher.com\/DE\/wp-content\/uploads\/2020\/01\/Medikal-Turizm-Destinasyonu3-1.jpg) 50% 50% no-repeat scroll ;\n}\n<\/style>\n<div class='flex_cell av_one_half av-k5f0sol0-4e6a30f541c6525083a56a93aa2c3c45 no_margin  avia-builder-el-17  el_after_av_cell_one_half  avia-builder-el-last  avia-full-stretch' ><div class='flex_cell_inner'><\/div><\/div>\n<\/div>\n","protected":false},"excerpt":{"rendered":"","protected":false},"author":1,"featured_media":0,"parent":0,"menu_order":0,"comment_status":"closed","ping_status":"closed","template":"","meta":{"footnotes":""},"_links":{"self":[{"href":"https:\/\/www.medivoucher.com\/DE\/wp-json\/wp\/v2\/pages\/997"}],"collection":[{"href":"https:\/\/www.medivoucher.com\/DE\/wp-json\/wp\/v2\/pages"}],"about":[{"href":"https:\/\/www.medivoucher.com\/DE\/wp-json\/wp\/v2\/types\/page"}],"author":[{"embeddable":true,"href":"https:\/\/www.medivoucher.com\/DE\/wp-json\/wp\/v2\/users\/1"}],"replies":[{"embeddable":true,"href":"https:\/\/www.medivoucher.com\/DE\/wp-json\/wp\/v2\/comments?post=997"}],"version-history":[{"count":9,"href":"https:\/\/www.medivoucher.com\/DE\/wp-json\/wp\/v2\/pages\/997\/revisions"}],"predecessor-version":[{"id":1651,"href":"https:\/\/www.medivoucher.com\/DE\/wp-json\/wp\/v2\/pages\/997\/revisions\/1651"}],"wp:attachment":[{"href":"https:\/\/www.medivoucher.com\/DE\/wp-json\/wp\/v2\/media?parent=997"}],"curies":[{"name":"wp","href":"https:\/\/api.w.org\/{rel}","templated":true}]}}