{"id":995,"date":"2020-01-15T19:22:42","date_gmt":"2020-01-15T19:22:42","guid":{"rendered":"http:\/\/medivoucher.com\/?page_id=995"},"modified":"2023-11-21T14:44:25","modified_gmt":"2023-11-21T11:44:25","slug":"ubersetzungsdienst","status":"publish","type":"page","link":"https:\/\/www.medivoucher.com\/DE\/ubersetzungsdienst\/","title":{"rendered":"\u00dcbersetzungsdienste"},"content":{"rendered":"\n<style type=\"text\/css\" data-created_by=\"avia_inline_auto\" id=\"style-css-av-k5f0bhjg-e563c1b6852e4c267882f3944fd3f26a\">\n.avia-section.av-k5f0bhjg-e563c1b6852e4c267882f3944fd3f26a{\nbackground-repeat:no-repeat;\nbackground-image:url(https:\/\/www.medivoucher.com\/DE\/wp-content\/uploads\/2020\/01\/1-1.jpg);\nbackground-position:50% 0%;\nbackground-attachment:fixed;\n}\n.avia-section.av-k5f0bhjg-e563c1b6852e4c267882f3944fd3f26a .av-section-color-overlay{\nopacity:0.5;\nbackground-color:#7bb0e7;\nbackground-image:url(https:\/\/www.medivoucher.com\/DE\/wp-content\/themes\/enfold\/enfold\/images\/background-images\/dots-for-light-background.png);\nbackground-repeat:repeat;\n}\n<\/style>\n<div id='av_section_1'  class='avia-section av-k5f0bhjg-e563c1b6852e4c267882f3944fd3f26a main_color avia-section-default avia-shadow  avia-builder-el-0  el_before_av_layout_row  avia-builder-el-first  avia-full-stretch avia-bg-style-fixed av-section-color-overlay-active av-minimum-height av-minimum-height-custom  container_wrap fullsize'  data-section-bg-repeat='stretch'><div class=\"av-section-color-overlay-wrap\"><div class=\"av-section-color-overlay\"><\/div><a href='#next-section' title='' class='scroll-down-link ' aria-hidden='true' data-av_icon='\ue877' data-av_iconfont='entypo-fontello'><\/a><div class='container av-section-cont-open' style='height:400px'><main  role=\"main\" itemprop=\"mainContentOfPage\"  class='template-page content  av-content-full alpha units'><div class='post-entry post-entry-type-page post-entry-995'><div class='entry-content-wrapper clearfix'>\n\n<style type=\"text\/css\" data-created_by=\"avia_inline_auto\" id=\"style-css-av-k5i4acp7-caf8f78b9f03ce40c194f1d3be532877\">\n#top .av-special-heading.av-k5i4acp7-caf8f78b9f03ce40c194f1d3be532877{\npadding-bottom:10px;\ncolor:#ffffff;\nfont-size:35px;\n}\nbody .av-special-heading.av-k5i4acp7-caf8f78b9f03ce40c194f1d3be532877 .av-special-heading-tag .heading-char{\nfont-size:25px;\n}\n#top #wrap_all .av-special-heading.av-k5i4acp7-caf8f78b9f03ce40c194f1d3be532877 .av-special-heading-tag{\nfont-size:35px;\n}\n.av-special-heading.av-k5i4acp7-caf8f78b9f03ce40c194f1d3be532877 .special-heading-inner-border{\nborder-color:#ffffff;\n}\n.av-special-heading.av-k5i4acp7-caf8f78b9f03ce40c194f1d3be532877 .av-subheading{\nfont-size:15px;\n}\n<\/style>\n<div  class='av-special-heading av-k5i4acp7-caf8f78b9f03ce40c194f1d3be532877 av-special-heading-h2 custom-color-heading blockquote modern-quote modern-centered  avia-builder-el-1  avia-builder-el-no-sibling  av-inherit-size av-linked-heading'><h2 class='av-special-heading-tag'  itemprop=\"headline\"  >\u00dcbersetzungsdienste<\/h2><div class=\"special-heading-border\"><div class=\"special-heading-inner-border\"><\/div><\/div><\/div>\n<\/div><\/div><\/main><!-- close content main element --><\/div><\/div><\/div><div id='sirket'  class='av-layout-grid-container av-k5f0wqi2-956288f907f8e5a0fbb75643733e1eb7 entry-content-wrapper main_color av-flex-cells  avia-builder-el-2  el_after_av_section  avia-builder-el-last  grid-row-not-first  container_wrap fullsize'  >\n\n<style type=\"text\/css\" data-created_by=\"avia_inline_auto\" id=\"style-css-av-k5f10rcl-6c84e31bc0dbc10c5c4b8f1f057e11b7\">\n.flex_cell.av-k5f10rcl-6c84e31bc0dbc10c5c4b8f1f057e11b7{\nvertical-align:middle;\nheight:500px;\nmin-height:500px;\npadding:30px 30px 30px 30px;\n}\n<\/style>\n<div class='flex_cell av_one_half av-k5f10rcl-6c84e31bc0dbc10c5c4b8f1f057e11b7 no_margin  avia-builder-el-3  el_before_av_cell_one_half  avia-builder-el-first ' ><div class='flex_cell_inner'>\n<style type=\"text\/css\" data-created_by=\"avia_inline_auto\" id=\"style-css-av-k5for34q-bc4fda29ccd383c270d3206e792f9667\">\n.flex_column.av-k5for34q-bc4fda29ccd383c270d3206e792f9667{\nborder-radius:0px 0px 0px 0px;\n-webkit-border-radius:0px 0px 0px 0px;\n-moz-border-radius:0px 0px 0px 0px;\n}\n<\/style>\n<div class='flex_column av-k5for34q-bc4fda29ccd383c270d3206e792f9667 av_one_full  avia-builder-el-4  avia-builder-el-no-sibling  first flex_column_div  av-animated-generic left-to-right av-zero-column-padding '   ><section  class='av_textblock_section av-k5f0cozc-f49f9f4294a4ac62d60b06d5d9b2771a'  itemscope=\"itemscope\" itemtype=\"https:\/\/schema.org\/CreativeWork\" ><div class='avia_textblock'  itemprop=\"text\" ><p>Um Ihre Anforderungen und Bed\u00fcrfnisse w\u00e4hrend Ihrer Reise und Behandlung bequem zu erf\u00fcllen und st\u00e4ndig Informationen \u00fcber Ihren Patienten zu erhalten, werden die notwendigen \u00dcbersetzungsdienste in internationalen (z. B. Russisch) und europ\u00e4ischen Sprachen, in den Vertragskrankenh\u00e4usern\/Kliniken, in dem Ihre Behandlung durchgef\u00fchrt wird, zur Verf\u00fcgung gesetzt.<\/p>\n<\/div><\/section><\/div>\n<\/div><\/div>\n<style type=\"text\/css\" data-created_by=\"avia_inline_auto\" id=\"style-css-av-k5f0sol0-18b545ceb1b3569ef97e702f5af9c2b0\">\n.flex_cell.av-k5f0sol0-18b545ceb1b3569ef97e702f5af9c2b0{\nvertical-align:top;\nheight:500px;\nmin-height:500px;\npadding:30px 30px 30px 30px;\nbackground:url(https:\/\/www.medivoucher.com\/DE\/wp-content\/uploads\/2020\/01\/Tercume-Hizmetleri-1.jpg) 50% 50% no-repeat scroll ;\n}\n<\/style>\n<div class='flex_cell av_one_half av-k5f0sol0-18b545ceb1b3569ef97e702f5af9c2b0 no_margin  avia-builder-el-6  el_after_av_cell_one_half  avia-builder-el-last  avia-full-stretch' ><div class='flex_cell_inner'><\/div><\/div>\n<\/div><\/p>\n","protected":false},"excerpt":{"rendered":"","protected":false},"author":1,"featured_media":0,"parent":0,"menu_order":0,"comment_status":"closed","ping_status":"closed","template":"","meta":{"footnotes":""},"_links":{"self":[{"href":"https:\/\/www.medivoucher.com\/DE\/wp-json\/wp\/v2\/pages\/995"}],"collection":[{"href":"https:\/\/www.medivoucher.com\/DE\/wp-json\/wp\/v2\/pages"}],"about":[{"href":"https:\/\/www.medivoucher.com\/DE\/wp-json\/wp\/v2\/types\/page"}],"author":[{"embeddable":true,"href":"https:\/\/www.medivoucher.com\/DE\/wp-json\/wp\/v2\/users\/1"}],"replies":[{"embeddable":true,"href":"https:\/\/www.medivoucher.com\/DE\/wp-json\/wp\/v2\/comments?post=995"}],"version-history":[{"count":8,"href":"https:\/\/www.medivoucher.com\/DE\/wp-json\/wp\/v2\/pages\/995\/revisions"}],"predecessor-version":[{"id":1676,"href":"https:\/\/www.medivoucher.com\/DE\/wp-json\/wp\/v2\/pages\/995\/revisions\/1676"}],"wp:attachment":[{"href":"https:\/\/www.medivoucher.com\/DE\/wp-json\/wp\/v2\/media?parent=995"}],"curies":[{"name":"wp","href":"https:\/\/api.w.org\/{rel}","templated":true}]}}