{"id":993,"date":"2020-01-15T19:22:30","date_gmt":"2020-01-15T19:22:30","guid":{"rendered":"http:\/\/medivoucher.com\/?page_id=993"},"modified":"2023-11-20T10:49:53","modified_gmt":"2023-11-20T07:49:53","slug":"versicherung","status":"publish","type":"page","link":"https:\/\/www.medivoucher.com\/DE\/versicherung\/","title":{"rendered":"Versicherung"},"content":{"rendered":"\n<style type=\"text\/css\" data-created_by=\"avia_inline_auto\" id=\"style-css-av-k5f0bhjg-a9603bf230b996bb57ea07b35edf8075\">\n.avia-section.av-k5f0bhjg-a9603bf230b996bb57ea07b35edf8075{\nbackground-repeat:no-repeat;\nbackground-image:url(https:\/\/www.medivoucher.com\/DE\/wp-content\/uploads\/2020\/01\/sigorta2.jpg);\nbackground-position:50% 50%;\nbackground-attachment:scroll;\n}\n.avia-section.av-k5f0bhjg-a9603bf230b996bb57ea07b35edf8075 .av-section-color-overlay{\nopacity:0.5;\nbackground-color:#7bb0e7;\nbackground-image:url(https:\/\/www.medivoucher.com\/DE\/wp-content\/themes\/enfold\/enfold\/images\/background-images\/dots-for-light-background.png);\nbackground-repeat:repeat;\n}\n<\/style>\n<div id='av_section_1'  class='avia-section av-k5f0bhjg-a9603bf230b996bb57ea07b35edf8075 main_color avia-section-default avia-shadow  avia-builder-el-0  el_before_av_layout_row  avia-builder-el-first  avia-full-stretch avia-bg-style-scroll av-section-color-overlay-active av-minimum-height av-minimum-height-custom  container_wrap fullsize'  data-section-bg-repeat='stretch'><div class=\"av-section-color-overlay-wrap\"><div class=\"av-section-color-overlay\"><\/div><a href='#next-section' title='' class='scroll-down-link ' aria-hidden='true' data-av_icon='\ue877' data-av_iconfont='entypo-fontello'><\/a><div class='container av-section-cont-open' style='height:400px'><main  role=\"main\" itemprop=\"mainContentOfPage\"  class='template-page content  av-content-full alpha units'><div class='post-entry post-entry-type-page post-entry-993'><div class='entry-content-wrapper clearfix'>\n\n<style type=\"text\/css\" data-created_by=\"avia_inline_auto\" id=\"style-css-av-k5i48m9f-c97b7599a3abdb2288ba34fc1569628e\">\n#top .av-special-heading.av-k5i48m9f-c97b7599a3abdb2288ba34fc1569628e{\npadding-bottom:10px;\ncolor:#ffffff;\nfont-size:35px;\n}\nbody .av-special-heading.av-k5i48m9f-c97b7599a3abdb2288ba34fc1569628e .av-special-heading-tag .heading-char{\nfont-size:25px;\n}\n#top #wrap_all .av-special-heading.av-k5i48m9f-c97b7599a3abdb2288ba34fc1569628e .av-special-heading-tag{\nfont-size:35px;\n}\n.av-special-heading.av-k5i48m9f-c97b7599a3abdb2288ba34fc1569628e .special-heading-inner-border{\nborder-color:#ffffff;\n}\n.av-special-heading.av-k5i48m9f-c97b7599a3abdb2288ba34fc1569628e .av-subheading{\nfont-size:15px;\n}\n<\/style>\n<div  class='av-special-heading av-k5i48m9f-c97b7599a3abdb2288ba34fc1569628e av-special-heading-h2 custom-color-heading blockquote modern-quote modern-centered  avia-builder-el-1  avia-builder-el-no-sibling  av-inherit-size av-linked-heading'><h2 class='av-special-heading-tag'  itemprop=\"headline\"  >Versicherung<\/h2><div class=\"special-heading-border\"><div class=\"special-heading-inner-border\"><\/div><\/div><\/div>\n<\/div><\/div><\/main><!-- close content main element --><\/div><\/div><\/div><div id='sirket'  class='av-layout-grid-container av-k5f0wqi2-956288f907f8e5a0fbb75643733e1eb7 entry-content-wrapper main_color av-flex-cells  avia-builder-el-2  el_after_av_section  el_before_av_layout_row  grid-row-not-first  container_wrap fullsize'  >\n\n<style type=\"text\/css\" data-created_by=\"avia_inline_auto\" id=\"style-css-av-k5f10rcl-6c84e31bc0dbc10c5c4b8f1f057e11b7\">\n.flex_cell.av-k5f10rcl-6c84e31bc0dbc10c5c4b8f1f057e11b7{\nvertical-align:middle;\nheight:500px;\nmin-height:500px;\npadding:30px 30px 30px 30px;\n}\n<\/style>\n<div class='flex_cell av_one_half av-k5f10rcl-6c84e31bc0dbc10c5c4b8f1f057e11b7 no_margin  avia-builder-el-3  el_before_av_cell_one_half  avia-builder-el-first ' ><div class='flex_cell_inner'>\n<style type=\"text\/css\" data-created_by=\"avia_inline_auto\" id=\"style-css-av-k5for34q-bc4fda29ccd383c270d3206e792f9667\">\n.flex_column.av-k5for34q-bc4fda29ccd383c270d3206e792f9667{\nborder-radius:0px 0px 0px 0px;\n-webkit-border-radius:0px 0px 0px 0px;\n-moz-border-radius:0px 0px 0px 0px;\n}\n<\/style>\n<div class='flex_column av-k5for34q-bc4fda29ccd383c270d3206e792f9667 av_one_full  avia-builder-el-4  avia-builder-el-no-sibling  first flex_column_div  av-animated-generic left-to-right av-zero-column-padding '   ><section  class='av_textblock_section av-k5f0cozc-f49f9f4294a4ac62d60b06d5d9b2771a'  itemscope=\"itemscope\" itemtype=\"https:\/\/schema.org\/CreativeWork\" ><div class='avia_textblock'  itemprop=\"text\" ><p>Das MediVoucher-Team ist jederzeit bereit, Ihre m\u00f6glichen Fragen bez\u00fcglich der Versicherungsdienstleistungen zu beantworten und Ihnen die notwendigen Informationen zur Verf\u00fcgung zu stellen, um Ihre finanziellen Bedenken vor Ihrer Reise zu kl\u00e4ren.<\/p>\n<p>Wenn Sie \u00fcber eine umfassende Auslandskrankenversicherung verf\u00fcgen oder Ihre Reise- sowie Ihre Behandlungskosten von dem Staat \u00fcbernommen wird;<br \/>\nInformieren Sie das MediVoucher-Team vor Ihrer Reise dar\u00fcber, so kann die notwendige Planung f\u00fcr die gesamten Abl\u00e4ufe und alle Transaktionen vollst\u00e4ndig gemacht werden.<\/p>\n<\/div><\/section><\/div>\n<\/div><\/div>\n<style type=\"text\/css\" data-created_by=\"avia_inline_auto\" id=\"style-css-av-k5f0sol0-2f8fc956e6b2e02a27d30b09cda53480\">\n.flex_cell.av-k5f0sol0-2f8fc956e6b2e02a27d30b09cda53480{\nvertical-align:top;\nheight:500px;\nmin-height:500px;\npadding:30px 30px 30px 30px;\nbackground:url(https:\/\/www.medivoucher.com\/DE\/wp-content\/uploads\/2020\/01\/Sigorta.jpg) 50% 50% no-repeat scroll ;\n}\n<\/style>\n<div class='flex_cell av_one_half av-k5f0sol0-2f8fc956e6b2e02a27d30b09cda53480 no_margin  avia-builder-el-6  el_after_av_cell_one_half  avia-builder-el-last  avia-full-stretch' ><div class='flex_cell_inner'><\/div><\/div><\/div><div id='kurumsal'  class='av-layout-grid-container av-k5f0wwfl-40c053c253512f23c7c216a43a087f65 entry-content-wrapper main_color av-flex-cells  avia-builder-el-7  el_after_av_layout_row  avia-builder-el-last  grid-row-not-first  container_wrap fullsize'  >\n\n<style type=\"text\/css\" data-created_by=\"avia_inline_auto\" id=\"style-css-av-k5f0t9fj-ded651357cfa61cf3bc456a1077a8b2b\">\n.flex_cell.av-k5f0t9fj-ded651357cfa61cf3bc456a1077a8b2b{\nvertical-align:middle;\nheight:500px;\nmin-height:500px;\npadding:30px 30px 30px 30px;\nbackground:url(https:\/\/www.medivoucher.com\/DE\/wp-content\/uploads\/2020\/01\/sigorta2.jpg) 50% 50% no-repeat scroll ;\n}\n<\/style>\n<div class='flex_cell av_one_half av-k5f0t9fj-ded651357cfa61cf3bc456a1077a8b2b no_margin  avia-builder-el-8  el_before_av_cell_one_half  avia-builder-el-first  avia-full-stretch' ><div class='flex_cell_inner'><\/div><\/div>\n<style type=\"text\/css\" data-created_by=\"avia_inline_auto\" id=\"style-css-av-k5f0ti2g-582786707ff135205b7fb5e515bba196\">\n.flex_cell.av-k5f0ti2g-582786707ff135205b7fb5e515bba196{\nvertical-align:middle;\nheight:500px;\nmin-height:500px;\npadding:30px 30px 30px 30px;\n}\n<\/style>\n<div class='flex_cell av_one_half av-k5f0ti2g-582786707ff135205b7fb5e515bba196 no_margin  avia-builder-el-9  el_after_av_cell_one_half  avia-builder-el-last ' ><div class='flex_cell_inner'>\n<style type=\"text\/css\" data-created_by=\"avia_inline_auto\" id=\"style-css-av-k5formpj-399f3f05d281bdfb315329f0d30c66f6\">\n.flex_column.av-k5formpj-399f3f05d281bdfb315329f0d30c66f6{\nborder-radius:0px 0px 0px 0px;\n-webkit-border-radius:0px 0px 0px 0px;\n-moz-border-radius:0px 0px 0px 0px;\n}\n<\/style>\n<div class='flex_column av-k5formpj-399f3f05d281bdfb315329f0d30c66f6 av_one_full  avia-builder-el-10  avia-builder-el-no-sibling  first flex_column_div  av-animated-generic right-to-left av-zero-column-padding '   ><section  class='av_textblock_section av-k5f0cozc-61aac31885fac8330c5c565f06c23d66'  itemscope=\"itemscope\" itemtype=\"https:\/\/schema.org\/CreativeWork\" ><div class='avia_textblock'  itemprop=\"text\" ><p>Wenn Sie keinen Versicherungsschutz haben;<\/p>\n<p>Bei Bedarf, k\u00f6nnen die Patienten und die Angeh\u00f6rigen, w\u00e4hrend Ihrer Reise in unsem Land versichert werden. \u00dcber die umfangreichsten und g\u00fcnstigsten Privatversicherungen werden Sie von dem MediVoucher-Team ausf\u00fchrlich informiert und auf Wunsch von uns versichert. Es ist auch m\u00f6glich, diese Versicherung in Ihrem Land abzuschlie\u00dfen.<\/p>\n<\/div><\/section><\/div>\n<\/div><\/div><\/div><\/p>\n","protected":false},"excerpt":{"rendered":"","protected":false},"author":1,"featured_media":0,"parent":0,"menu_order":0,"comment_status":"closed","ping_status":"closed","template":"","meta":{"footnotes":""},"_links":{"self":[{"href":"https:\/\/www.medivoucher.com\/DE\/wp-json\/wp\/v2\/pages\/993"}],"collection":[{"href":"https:\/\/www.medivoucher.com\/DE\/wp-json\/wp\/v2\/pages"}],"about":[{"href":"https:\/\/www.medivoucher.com\/DE\/wp-json\/wp\/v2\/types\/page"}],"author":[{"embeddable":true,"href":"https:\/\/www.medivoucher.com\/DE\/wp-json\/wp\/v2\/users\/1"}],"replies":[{"embeddable":true,"href":"https:\/\/www.medivoucher.com\/DE\/wp-json\/wp\/v2\/comments?post=993"}],"version-history":[{"count":5,"href":"https:\/\/www.medivoucher.com\/DE\/wp-json\/wp\/v2\/pages\/993\/revisions"}],"predecessor-version":[{"id":1673,"href":"https:\/\/www.medivoucher.com\/DE\/wp-json\/wp\/v2\/pages\/993\/revisions\/1673"}],"wp:attachment":[{"href":"https:\/\/www.medivoucher.com\/DE\/wp-json\/wp\/v2\/media?parent=993"}],"curies":[{"name":"wp","href":"https:\/\/api.w.org\/{rel}","templated":true}]}}