{"id":991,"date":"2020-01-15T19:22:22","date_gmt":"2020-01-15T19:22:22","guid":{"rendered":"http:\/\/medivoucher.com\/?page_id=991"},"modified":"2023-11-21T14:43:53","modified_gmt":"2023-11-21T11:43:53","slug":"inland-transporte","status":"publish","type":"page","link":"https:\/\/www.medivoucher.com\/DE\/inland-transporte\/","title":{"rendered":"Inlandtransporte"},"content":{"rendered":"\n<style type=\"text\/css\" data-created_by=\"avia_inline_auto\" id=\"style-css-av-k5f0bhjg-5d94983c22256dcf4e05fae31eee000a\">\n.avia-section.av-k5f0bhjg-5d94983c22256dcf4e05fae31eee000a{\nbackground-repeat:no-repeat;\nbackground-image:url(https:\/\/www.medivoucher.com\/DE\/wp-content\/uploads\/2020\/01\/1-1.jpg);\nbackground-position:50% 50%;\nbackground-attachment:fixed;\n}\n.avia-section.av-k5f0bhjg-5d94983c22256dcf4e05fae31eee000a .av-section-color-overlay{\nopacity:0.5;\nbackground-color:#7bb0e7;\nbackground-image:url(https:\/\/www.medivoucher.com\/DE\/wp-content\/themes\/enfold\/enfold\/images\/background-images\/dots-for-light-background.png);\nbackground-repeat:repeat;\n}\n<\/style>\n<div id='av_section_1'  class='avia-section av-k5f0bhjg-5d94983c22256dcf4e05fae31eee000a main_color avia-section-default avia-shadow  avia-builder-el-0  el_before_av_layout_row  avia-builder-el-first  avia-full-stretch avia-bg-style-fixed av-section-color-overlay-active av-minimum-height av-minimum-height-custom  container_wrap fullsize'  data-section-bg-repeat='stretch'><div class=\"av-section-color-overlay-wrap\"><div class=\"av-section-color-overlay\"><\/div><a href='#next-section' title='' class='scroll-down-link ' aria-hidden='true' data-av_icon='\ue877' data-av_iconfont='entypo-fontello'><\/a><div class='container av-section-cont-open' style='height:400px'><main  role=\"main\" itemprop=\"mainContentOfPage\"  class='template-page content  av-content-full alpha units'><div class='post-entry post-entry-type-page post-entry-991'><div class='entry-content-wrapper clearfix'>\n\n<style type=\"text\/css\" data-created_by=\"avia_inline_auto\" id=\"style-css-av-k5i477rw-148e013c8e464e59e8177362068c464b\">\n#top .av-special-heading.av-k5i477rw-148e013c8e464e59e8177362068c464b{\npadding-bottom:10px;\ncolor:#ffffff;\nfont-size:35px;\n}\nbody .av-special-heading.av-k5i477rw-148e013c8e464e59e8177362068c464b .av-special-heading-tag .heading-char{\nfont-size:25px;\n}\n#top #wrap_all .av-special-heading.av-k5i477rw-148e013c8e464e59e8177362068c464b .av-special-heading-tag{\nfont-size:35px;\n}\n.av-special-heading.av-k5i477rw-148e013c8e464e59e8177362068c464b .special-heading-inner-border{\nborder-color:#ffffff;\n}\n.av-special-heading.av-k5i477rw-148e013c8e464e59e8177362068c464b .av-subheading{\nfont-size:15px;\n}\n<\/style>\n<div  class='av-special-heading av-k5i477rw-148e013c8e464e59e8177362068c464b av-special-heading-h2 custom-color-heading blockquote modern-quote modern-centered  avia-builder-el-1  avia-builder-el-no-sibling  av-inherit-size av-linked-heading'><h2 class='av-special-heading-tag'  itemprop=\"headline\"  >Inlandtransporte<\/h2><div class=\"special-heading-border\"><div class=\"special-heading-inner-border\"><\/div><\/div><\/div>\n<\/div><\/div><\/main><!-- close content main element --><\/div><\/div><\/div><div id='sirket'  class='av-layout-grid-container av-k5f0wqi2-956288f907f8e5a0fbb75643733e1eb7 entry-content-wrapper main_color av-flex-cells  avia-builder-el-2  el_after_av_section  el_before_av_layout_row  grid-row-not-first  container_wrap fullsize'  >\n\n<style type=\"text\/css\" data-created_by=\"avia_inline_auto\" id=\"style-css-av-k5f10rcl-6c84e31bc0dbc10c5c4b8f1f057e11b7\">\n.flex_cell.av-k5f10rcl-6c84e31bc0dbc10c5c4b8f1f057e11b7{\nvertical-align:middle;\nheight:500px;\nmin-height:500px;\npadding:30px 30px 30px 30px;\n}\n<\/style>\n<div class='flex_cell av_one_half av-k5f10rcl-6c84e31bc0dbc10c5c4b8f1f057e11b7 no_margin  avia-builder-el-3  el_before_av_cell_one_half  avia-builder-el-first ' ><div class='flex_cell_inner'>\n<style type=\"text\/css\" data-created_by=\"avia_inline_auto\" id=\"style-css-av-k5for34q-bc4fda29ccd383c270d3206e792f9667\">\n.flex_column.av-k5for34q-bc4fda29ccd383c270d3206e792f9667{\nborder-radius:0px 0px 0px 0px;\n-webkit-border-radius:0px 0px 0px 0px;\n-moz-border-radius:0px 0px 0px 0px;\n}\n<\/style>\n<div class='flex_column av-k5for34q-bc4fda29ccd383c270d3206e792f9667 av_one_full  avia-builder-el-4  avia-builder-el-no-sibling  first flex_column_div  av-animated-generic left-to-right av-zero-column-padding '   ><section  class='av_textblock_section av-k5f0cozc-f49f9f4294a4ac62d60b06d5d9b2771a'  itemscope=\"itemscope\" itemtype=\"https:\/\/schema.org\/CreativeWork\" ><div class='avia_textblock'  itemprop=\"text\" ><p>Abholung von Flugh\u00e4fen, von Patienten und ihren Angeh\u00f6rigen, die f\u00fcr Behandlungszwecken in die T\u00fcrkei kommen; Unser Unternehmen bietet Transportdienstleistungen zu den geplanten Unterkunfts- und Gesundheitszentrums mit speziellen Transferfahrzeugen an.<\/p>\n<\/div><\/section><\/div>\n<\/div><\/div>\n<style type=\"text\/css\" data-created_by=\"avia_inline_auto\" id=\"style-css-av-k5f0sol0-31a36aef0dd9ea4e43866150f107a8c1\">\n.flex_cell.av-k5f0sol0-31a36aef0dd9ea4e43866150f107a8c1{\nvertical-align:top;\nheight:500px;\nmin-height:500px;\npadding:30px 30px 30px 30px;\nbackground:url(https:\/\/www.medivoucher.com\/DE\/wp-content\/uploads\/2020\/01\/transfer1.jpg) 50% 50% no-repeat scroll ;\n}\n<\/style>\n<div class='flex_cell av_one_half av-k5f0sol0-31a36aef0dd9ea4e43866150f107a8c1 no_margin  avia-builder-el-6  el_after_av_cell_one_half  avia-builder-el-last  avia-full-stretch' ><div class='flex_cell_inner'><\/div><\/div>\n<\/div><\/p>\n<div id='kurumsal'  class='av-layout-grid-container av-k5f0wwfl-40c053c253512f23c7c216a43a087f65 entry-content-wrapper main_color av-flex-cells  avia-builder-el-7  el_after_av_layout_row  avia-builder-el-last  grid-row-not-first  container_wrap fullsize'  >\n\n<style type=\"text\/css\" data-created_by=\"avia_inline_auto\" id=\"style-css-av-k5f0t9fj-7c8b3ddd63677c9e5157fcba22913e70\">\n.flex_cell.av-k5f0t9fj-7c8b3ddd63677c9e5157fcba22913e70{\nvertical-align:middle;\nheight:500px;\nmin-height:500px;\npadding:30px 30px 30px 30px;\nbackground:url(https:\/\/www.medivoucher.com\/DE\/wp-content\/uploads\/2020\/01\/transfer2.jpg) 50% 50% no-repeat scroll ;\n}\n<\/style>\n<div class='flex_cell av_one_half av-k5f0t9fj-7c8b3ddd63677c9e5157fcba22913e70 no_margin  avia-builder-el-8  el_before_av_cell_one_half  avia-builder-el-first  avia-full-stretch' ><div class='flex_cell_inner'><\/div><\/div>\n<style type=\"text\/css\" data-created_by=\"avia_inline_auto\" id=\"style-css-av-k5f0ti2g-582786707ff135205b7fb5e515bba196\">\n.flex_cell.av-k5f0ti2g-582786707ff135205b7fb5e515bba196{\nvertical-align:middle;\nheight:500px;\nmin-height:500px;\npadding:30px 30px 30px 30px;\n}\n<\/style>\n<div class='flex_cell av_one_half av-k5f0ti2g-582786707ff135205b7fb5e515bba196 no_margin  avia-builder-el-9  el_after_av_cell_one_half  avia-builder-el-last ' ><div class='flex_cell_inner'>\n<style type=\"text\/css\" data-created_by=\"avia_inline_auto\" id=\"style-css-av-k5formpj-399f3f05d281bdfb315329f0d30c66f6\">\n.flex_column.av-k5formpj-399f3f05d281bdfb315329f0d30c66f6{\nborder-radius:0px 0px 0px 0px;\n-webkit-border-radius:0px 0px 0px 0px;\n-moz-border-radius:0px 0px 0px 0px;\n}\n<\/style>\n<div class='flex_column av-k5formpj-399f3f05d281bdfb315329f0d30c66f6 av_one_full  avia-builder-el-10  avia-builder-el-no-sibling  first flex_column_div  av-animated-generic right-to-left av-zero-column-padding '   ><section  class='av_textblock_section av-k5f0cozc-61aac31885fac8330c5c565f06c23d66'  itemscope=\"itemscope\" itemtype=\"https:\/\/schema.org\/CreativeWork\" ><div class='avia_textblock'  itemprop=\"text\" ><p>Bei Bedarf, k\u00f6nnen je nach Gesundheitszustand, die Patienten mit voll ausgestatteten Krankenwagen transportiert werden. Unser Unternehmen kann man rund um die Uhr (7\/24) erreichen, damit man den Patienten w\u00e4hrend der Reise, die mit der Abholung vom Flughafen ab der Ankunft in unserem Land beginnt, bei m\u00f6glichen Anliegen oder Bed\u00fcrfnissen unterst\u00fctzen kann.<\/p>\n<\/div><\/section><\/div>\n<\/div><\/div>\n<\/div>\n","protected":false},"excerpt":{"rendered":"","protected":false},"author":1,"featured_media":0,"parent":0,"menu_order":0,"comment_status":"closed","ping_status":"closed","template":"","meta":{"footnotes":""},"_links":{"self":[{"href":"https:\/\/www.medivoucher.com\/DE\/wp-json\/wp\/v2\/pages\/991"}],"collection":[{"href":"https:\/\/www.medivoucher.com\/DE\/wp-json\/wp\/v2\/pages"}],"about":[{"href":"https:\/\/www.medivoucher.com\/DE\/wp-json\/wp\/v2\/types\/page"}],"author":[{"embeddable":true,"href":"https:\/\/www.medivoucher.com\/DE\/wp-json\/wp\/v2\/users\/1"}],"replies":[{"embeddable":true,"href":"https:\/\/www.medivoucher.com\/DE\/wp-json\/wp\/v2\/comments?post=991"}],"version-history":[{"count":7,"href":"https:\/\/www.medivoucher.com\/DE\/wp-json\/wp\/v2\/pages\/991\/revisions"}],"predecessor-version":[{"id":1647,"href":"https:\/\/www.medivoucher.com\/DE\/wp-json\/wp\/v2\/pages\/991\/revisions\/1647"}],"wp:attachment":[{"href":"https:\/\/www.medivoucher.com\/DE\/wp-json\/wp\/v2\/media?parent=991"}],"curies":[{"name":"wp","href":"https:\/\/api.w.org\/{rel}","templated":true}]}}