{"id":980,"date":"2020-01-15T19:20:53","date_gmt":"2020-01-15T19:20:53","guid":{"rendered":"http:\/\/medivoucher.com\/?page_id=980"},"modified":"2023-11-21T14:41:31","modified_gmt":"2023-11-21T11:41:31","slug":"visa-information","status":"publish","type":"page","link":"https:\/\/www.medivoucher.com\/DE\/visa-information\/","title":{"rendered":"Informationen \u00fcber Visum"},"content":{"rendered":"\n<style type=\"text\/css\" data-created_by=\"avia_inline_auto\" id=\"style-css-av-k5f0bhjg-5d94983c22256dcf4e05fae31eee000a\">\n.avia-section.av-k5f0bhjg-5d94983c22256dcf4e05fae31eee000a{\nbackground-repeat:no-repeat;\nbackground-image:url(https:\/\/www.medivoucher.com\/DE\/wp-content\/uploads\/2020\/01\/1-1.jpg);\nbackground-position:50% 50%;\nbackground-attachment:fixed;\n}\n.avia-section.av-k5f0bhjg-5d94983c22256dcf4e05fae31eee000a .av-section-color-overlay{\nopacity:0.5;\nbackground-color:#7bb0e7;\nbackground-image:url(https:\/\/www.medivoucher.com\/DE\/wp-content\/themes\/enfold\/enfold\/images\/background-images\/dots-for-light-background.png);\nbackground-repeat:repeat;\n}\n<\/style>\n<div id='av_section_1'  class='avia-section av-k5f0bhjg-5d94983c22256dcf4e05fae31eee000a main_color avia-section-default avia-shadow  avia-builder-el-0  el_before_av_layout_row  avia-builder-el-first  avia-full-stretch avia-bg-style-fixed av-section-color-overlay-active av-minimum-height av-minimum-height-custom  container_wrap fullsize'  data-section-bg-repeat='stretch'><div class=\"av-section-color-overlay-wrap\"><div class=\"av-section-color-overlay\"><\/div><a href='#next-section' title='' class='scroll-down-link ' aria-hidden='true' data-av_icon='\ue877' data-av_iconfont='entypo-fontello'><\/a><div class='container av-section-cont-open' style='height:400px'><main  role=\"main\" itemprop=\"mainContentOfPage\"  class='template-page content  av-content-full alpha units'><div class='post-entry post-entry-type-page post-entry-980'><div class='entry-content-wrapper clearfix'>\n\n<style type=\"text\/css\" data-created_by=\"avia_inline_auto\" id=\"style-css-av-k5xvkcrv-50f61d19f55836054810dd0922138373\">\n#top .av-special-heading.av-k5xvkcrv-50f61d19f55836054810dd0922138373{\npadding-bottom:10px;\ncolor:#ffffff;\nfont-size:35px;\n}\nbody .av-special-heading.av-k5xvkcrv-50f61d19f55836054810dd0922138373 .av-special-heading-tag .heading-char{\nfont-size:25px;\n}\n#top #wrap_all .av-special-heading.av-k5xvkcrv-50f61d19f55836054810dd0922138373 .av-special-heading-tag{\nfont-size:35px;\n}\n.av-special-heading.av-k5xvkcrv-50f61d19f55836054810dd0922138373 .special-heading-inner-border{\nborder-color:#ffffff;\n}\n.av-special-heading.av-k5xvkcrv-50f61d19f55836054810dd0922138373 .av-subheading{\nfont-size:15px;\n}\n<\/style>\n<div  class='av-special-heading av-k5xvkcrv-50f61d19f55836054810dd0922138373 av-special-heading-h2 custom-color-heading blockquote modern-quote modern-centered  avia-builder-el-1  avia-builder-el-no-sibling  av-inherit-size av-linked-heading'><h2 class='av-special-heading-tag'  itemprop=\"headline\"  >Informationen \u00fcber Visum<\/h2><div class=\"special-heading-border\"><div class=\"special-heading-inner-border\"><\/div><\/div><\/div>\n<\/div><\/div><\/main><!-- close content main element --><\/div><\/div><\/div><div id='sirket'  class='av-layout-grid-container av-k5f0wqi2-956288f907f8e5a0fbb75643733e1eb7 entry-content-wrapper main_color av-flex-cells  avia-builder-el-2  el_after_av_section  el_before_av_layout_row  grid-row-not-first  container_wrap fullsize'  >\n\n<style type=\"text\/css\" data-created_by=\"avia_inline_auto\" id=\"style-css-av-k5f10rcl-6c84e31bc0dbc10c5c4b8f1f057e11b7\">\n.flex_cell.av-k5f10rcl-6c84e31bc0dbc10c5c4b8f1f057e11b7{\nvertical-align:middle;\nheight:500px;\nmin-height:500px;\npadding:30px 30px 30px 30px;\n}\n<\/style>\n<div class='flex_cell av_one_half av-k5f10rcl-6c84e31bc0dbc10c5c4b8f1f057e11b7 no_margin  avia-builder-el-3  el_before_av_cell_one_half  avia-builder-el-first ' ><div class='flex_cell_inner'>\n<style type=\"text\/css\" data-created_by=\"avia_inline_auto\" id=\"style-css-av-k5for34q-bc4fda29ccd383c270d3206e792f9667\">\n.flex_column.av-k5for34q-bc4fda29ccd383c270d3206e792f9667{\nborder-radius:0px 0px 0px 0px;\n-webkit-border-radius:0px 0px 0px 0px;\n-moz-border-radius:0px 0px 0px 0px;\n}\n<\/style>\n<div class='flex_column av-k5for34q-bc4fda29ccd383c270d3206e792f9667 av_one_full  avia-builder-el-4  avia-builder-el-no-sibling  first flex_column_div  av-animated-generic left-to-right av-zero-column-padding '   ><section  class='av_textblock_section av-k5f0cozc-f49f9f4294a4ac62d60b06d5d9b2771a'  itemscope=\"itemscope\" itemtype=\"https:\/\/schema.org\/CreativeWork\" ><div class='avia_textblock'  itemprop=\"text\" ><p>Wir m\u00f6chten Sie dar\u00fcber informieren, dass es f\u00fcr die Reise in unser Land besonders wichtig ist, dass ausl\u00e4ndische Patienten und ihre Angeh\u00f6rigen ihr Visum vor dem Termin ihrer Behandlung in der T\u00fcrkei, erhalten haben m\u00fcssen.<\/p>\n<p>Um die notwendigen Informationen f\u00fcr das Visumverfahren zu erhalten, klicken Sie bitte auf den unten angegebenen Link.<\/p>\n<p><a href=\"http:\/\/www.mfa.gov.tr\/consular-info.en.mfa\">http:\/\/www.mfa.gov.tr\/consular-info.en.mfa<\/a><\/p>\n<\/div><\/section><\/div>\n<\/div><\/div>\n<style type=\"text\/css\" data-created_by=\"avia_inline_auto\" id=\"style-css-av-k5f0sol0-50f6c8e220cb4735e7c024b41a1feab8\">\n.flex_cell.av-k5f0sol0-50f6c8e220cb4735e7c024b41a1feab8{\nvertical-align:top;\nheight:500px;\nmin-height:500px;\npadding:30px 30px 30px 30px;\nbackground:url(https:\/\/www.medivoucher.com\/DE\/wp-content\/uploads\/2020\/01\/Vize-Bilgisi1.jpg) 50% 50% no-repeat scroll ;\n}\n<\/style>\n<div class='flex_cell av_one_half av-k5f0sol0-50f6c8e220cb4735e7c024b41a1feab8 no_margin  avia-builder-el-6  el_after_av_cell_one_half  avia-builder-el-last  avia-full-stretch' ><div class='flex_cell_inner'><\/div><\/div>\n<\/div><\/p>\n<div id='kurumsal'  class='av-layout-grid-container av-k5f0wwfl-40c053c253512f23c7c216a43a087f65 entry-content-wrapper main_color av-flex-cells  avia-builder-el-7  el_after_av_layout_row  el_before_av_one_full  grid-row-not-first  container_wrap fullsize'  >\n\n<style type=\"text\/css\" data-created_by=\"avia_inline_auto\" id=\"style-css-av-k5f0t9fj-5442b34f6cfee8a19359faa36310036d\">\n.flex_cell.av-k5f0t9fj-5442b34f6cfee8a19359faa36310036d{\nvertical-align:middle;\nheight:500px;\nmin-height:500px;\npadding:30px 30px 30px 30px;\nbackground:url(https:\/\/www.medivoucher.com\/DE\/wp-content\/uploads\/2020\/01\/Vize-Bilgisi2.jpg) 50% 50% no-repeat scroll ;\n}\n<\/style>\n<div class='flex_cell av_one_half av-k5f0t9fj-5442b34f6cfee8a19359faa36310036d no_margin  avia-builder-el-8  el_before_av_cell_one_half  avia-builder-el-first  avia-full-stretch' ><div class='flex_cell_inner'><\/div><\/div>\n<style type=\"text\/css\" data-created_by=\"avia_inline_auto\" id=\"style-css-av-k5f0ti2g-582786707ff135205b7fb5e515bba196\">\n.flex_cell.av-k5f0ti2g-582786707ff135205b7fb5e515bba196{\nvertical-align:middle;\nheight:500px;\nmin-height:500px;\npadding:30px 30px 30px 30px;\n}\n<\/style>\n<div class='flex_cell av_one_half av-k5f0ti2g-582786707ff135205b7fb5e515bba196 no_margin  avia-builder-el-9  el_after_av_cell_one_half  avia-builder-el-last ' ><div class='flex_cell_inner'>\n<style type=\"text\/css\" data-created_by=\"avia_inline_auto\" id=\"style-css-av-k5formpj-399f3f05d281bdfb315329f0d30c66f6\">\n.flex_column.av-k5formpj-399f3f05d281bdfb315329f0d30c66f6{\nborder-radius:0px 0px 0px 0px;\n-webkit-border-radius:0px 0px 0px 0px;\n-moz-border-radius:0px 0px 0px 0px;\n}\n<\/style>\n<div class='flex_column av-k5formpj-399f3f05d281bdfb315329f0d30c66f6 av_one_full  avia-builder-el-10  avia-builder-el-no-sibling  first flex_column_div  av-animated-generic right-to-left av-zero-column-padding '   ><section  class='av_textblock_section av-k5f0cozc-61aac31885fac8330c5c565f06c23d66'  itemscope=\"itemscope\" itemtype=\"https:\/\/schema.org\/CreativeWork\" ><div class='avia_textblock'  itemprop=\"text\" ><p>Damit Ihre Reise reibungslos und planm\u00e4\u00dfig ablaufen kann, muss Ihr Visumsantrag mindestens einen Monat vor dem geplanten Reisedatum gestellt werden und Sie m\u00fcssen ein\/en Reisedokument\/Reisepass verf\u00fcgen, das ab dem Reisedatum noch mindestens 6 Monate g\u00fcltig ist.<\/p>\n<\/div><\/section><\/div>\n<\/div><\/div>\n<\/div><div id='after_grid_row_2'  class='main_color av_default_container_wrap container_wrap fullsize'  ><div class='container av-section-cont-open' ><div class='template-page content  av-content-full alpha units'><div class='post-entry post-entry-type-page post-entry-980'><div class='entry-content-wrapper clearfix'>\n\n<style type=\"text\/css\" data-created_by=\"avia_inline_auto\" id=\"style-css-av-k5formpj-399f3f05d281bdfb315329f0d30c66f6\">\n.flex_column.av-k5formpj-399f3f05d281bdfb315329f0d30c66f6{\nborder-radius:0px 0px 0px 0px;\n-webkit-border-radius:0px 0px 0px 0px;\n-moz-border-radius:0px 0px 0px 0px;\n}\n<\/style>\n<div class='flex_column av-k5formpj-399f3f05d281bdfb315329f0d30c66f6 av_one_full  avia-builder-el-12  el_after_av_layout_row  avia-builder-el-no-sibling  first flex_column_div  av-animated-generic right-to-left av-zero-column-padding '   ><section  class='av_textblock_section av-k5f0cozc-61aac31885fac8330c5c565f06c23d66'  itemscope=\"itemscope\" itemtype=\"https:\/\/schema.org\/CreativeWork\" ><div class='avia_textblock'  itemprop=\"text\" ><p><strong>Staatsangeh\u00f6rige der folgenden L\u00e4nder k\u00f6nnen mit einem Personalausweis in unser Land einreisen.<\/strong><\/p>\n<table width=\"464\">\n<tbody>\n<tr>\n<td width=\"150\">1- <span style=\"font-weight: 400;\">Deutschland <\/span><\/td>\n<td width=\"150\">6- <span style=\"font-weight: 400;\">Spanien <\/span><\/td>\n<td width=\"150\">11- <span style=\"font-weight: 400;\">Luxemburg<\/span><\/td>\n<\/tr>\n<tr>\n<td>2- <span style=\"font-weight: 400;\">Belgien <\/span><\/td>\n<td>7- <span style=\"font-weight: 400;\">Schweiz <\/span><\/td>\n<td>12- <span style=\"font-weight: 400;\">Malta<\/span><\/td>\n<\/tr>\n<tr>\n<td>3- <span style=\"font-weight: 400;\">Frankreich <\/span><\/td>\n<td>8- <span style=\"font-weight: 400;\">Italien <\/span><\/td>\n<td>13- <span style=\"font-weight: 400;\">Portugal<\/span><\/td>\n<\/tr>\n<tr>\n<td>4- <span style=\"font-weight: 400;\">Georgien <\/span><\/td>\n<td>9- <span style=\"font-weight: 400;\">Nordzypern <\/span><\/td>\n<td>14- <span style=\"font-weight: 400;\">Ukraine<\/span><\/td>\n<\/tr>\n<tr>\n<td>5- <span style=\"font-weight: 400;\">Niederlande <\/span><\/td>\n<td>10- <span style=\"font-weight: 400;\">Liechtenstein <\/span><\/td>\n<td>15- <span style=\"font-weight: 400;\">Griechenland<\/span><\/td>\n<\/tr>\n<\/tbody>\n<\/table>\n<p>Wichtiger Hinweis: Ab dem 1. Januar 2015 gem\u00e4\u00df dem Artikel 7 und Absatz (b) des \u201eGesetzes \u00fcber Ausl\u00e4nder und internationalen Schutz\u201c m\u00fcssen Ausl\u00e4nder, die in die T\u00fcrkei einreisen m\u00f6chten, ein Reisedokument (Reisepass) verf\u00fcgen, das ab dem Visumende oder nach dem Ablauf der Visumsbefreiung oder nach dem Ablauf der Aufenthaltserlaubnis noch mindestens 60 Tage g\u00fcltig ist.<\/p>\n<p>Um weitere Informationen zu diesem Gesetz zu erhalten, wenden Sie sich bitte an Antlink Turizm Ticaret A.S., indem Sie eine Mail an folgende E-Mail Adressen senden: info@antlink.com.tr oder appointment@medivoucher.com.<\/p>\n<\/div><\/section><\/div>\n","protected":false},"excerpt":{"rendered":"","protected":false},"author":1,"featured_media":0,"parent":0,"menu_order":0,"comment_status":"closed","ping_status":"closed","template":"","meta":{"footnotes":""},"_links":{"self":[{"href":"https:\/\/www.medivoucher.com\/DE\/wp-json\/wp\/v2\/pages\/980"}],"collection":[{"href":"https:\/\/www.medivoucher.com\/DE\/wp-json\/wp\/v2\/pages"}],"about":[{"href":"https:\/\/www.medivoucher.com\/DE\/wp-json\/wp\/v2\/types\/page"}],"author":[{"embeddable":true,"href":"https:\/\/www.medivoucher.com\/DE\/wp-json\/wp\/v2\/users\/1"}],"replies":[{"embeddable":true,"href":"https:\/\/www.medivoucher.com\/DE\/wp-json\/wp\/v2\/comments?post=980"}],"version-history":[{"count":15,"href":"https:\/\/www.medivoucher.com\/DE\/wp-json\/wp\/v2\/pages\/980\/revisions"}],"predecessor-version":[{"id":1645,"href":"https:\/\/www.medivoucher.com\/DE\/wp-json\/wp\/v2\/pages\/980\/revisions\/1645"}],"wp:attachment":[{"href":"https:\/\/www.medivoucher.com\/DE\/wp-json\/wp\/v2\/media?parent=980"}],"curies":[{"name":"wp","href":"https:\/\/api.w.org\/{rel}","templated":true}]}}