{"id":931,"date":"2020-01-15T07:54:58","date_gmt":"2020-01-15T07:54:58","guid":{"rendered":"http:\/\/medivoucher.com\/?page_id=931"},"modified":"2023-11-20T10:36:18","modified_gmt":"2023-11-20T07:36:18","slug":"unternehmen","status":"publish","type":"page","link":"https:\/\/www.medivoucher.com\/DE\/unternehmen\/","title":{"rendered":"Unternehmen"},"content":{"rendered":"\n<style type=\"text\/css\" data-created_by=\"avia_inline_auto\" id=\"style-css-av-k5f0bhjg-081e9dd879d281b453abcd426235b68a\">\n.avia-section.av-k5f0bhjg-081e9dd879d281b453abcd426235b68a{\nbackground-repeat:no-repeat;\nbackground-image:url(https:\/\/www.medivoucher.com\/DE\/wp-content\/uploads\/2020\/01\/1-1.jpg);\nbackground-position:50% 50%;\nbackground-attachment:fixed;\n}\n.avia-section.av-k5f0bhjg-081e9dd879d281b453abcd426235b68a .av-section-color-overlay{\nopacity:0.5;\nbackground-color:#7bb0e7;\nbackground-image:url(https:\/\/www.medivoucher.com\/DE\/wp-content\/themes\/enfold\/enfold\/images\/background-images\/dots-for-light-background.png);\nbackground-repeat:repeat;\n}\n<\/style>\n<div id='av_section_1'  class='avia-section av-k5f0bhjg-081e9dd879d281b453abcd426235b68a main_color avia-section-default avia-shadow  avia-builder-el-0  el_before_av_layout_row  avia-builder-el-first  avia-full-stretch avia-bg-style-fixed av-section-color-overlay-active av-minimum-height av-minimum-height-custom  container_wrap fullsize'  data-section-bg-repeat='stretch'><div class=\"av-section-color-overlay-wrap\"><div class=\"av-section-color-overlay\"><\/div><a href='#next-section' title='' class='scroll-down-link ' aria-hidden='true' data-av_icon='\ue877' data-av_iconfont='entypo-fontello'><\/a><div class='container av-section-cont-open' style='height:400px'><main  role=\"main\" itemprop=\"mainContentOfPage\"  class='template-page content  av-content-full alpha units'><div class='post-entry post-entry-type-page post-entry-931'><div class='entry-content-wrapper clearfix'>\n\n<style type=\"text\/css\" data-created_by=\"avia_inline_auto\" id=\"style-css-av-k5f0cuz5-2c5b7ff53a7d11484a2d647237ad2ee4\">\n#top .av-special-heading.av-k5f0cuz5-2c5b7ff53a7d11484a2d647237ad2ee4{\npadding-bottom:10px;\ncolor:#ffffff;\nfont-size:35px;\n}\nbody .av-special-heading.av-k5f0cuz5-2c5b7ff53a7d11484a2d647237ad2ee4 .av-special-heading-tag .heading-char{\nfont-size:25px;\n}\n#top #wrap_all .av-special-heading.av-k5f0cuz5-2c5b7ff53a7d11484a2d647237ad2ee4 .av-special-heading-tag{\nfont-size:35px;\n}\n.av-special-heading.av-k5f0cuz5-2c5b7ff53a7d11484a2d647237ad2ee4 .special-heading-inner-border{\nborder-color:#ffffff;\n}\n.av-special-heading.av-k5f0cuz5-2c5b7ff53a7d11484a2d647237ad2ee4 .av-subheading{\nfont-size:15px;\n}\n<\/style>\n<div  class='av-special-heading av-k5f0cuz5-2c5b7ff53a7d11484a2d647237ad2ee4 av-special-heading-h2 custom-color-heading blockquote modern-quote modern-centered  avia-builder-el-1  avia-builder-el-no-sibling  av-inherit-size av-linked-heading'><h2 class='av-special-heading-tag'  itemprop=\"headline\"  >\u00dcBER UNS<\/h2><div class=\"special-heading-border\"><div class=\"special-heading-inner-border\"><\/div><\/div><\/div>\n<\/div><\/div><\/main><!-- close content main element --><\/div><\/div><\/div><div id='sirket'  class='av-layout-grid-container av-k5f0wqi2-956288f907f8e5a0fbb75643733e1eb7 entry-content-wrapper main_color av-flex-cells  avia-builder-el-2  el_after_av_section  el_before_av_layout_row  grid-row-not-first  container_wrap fullsize'  >\n\n<style type=\"text\/css\" data-created_by=\"avia_inline_auto\" id=\"style-css-av-k5f10rcl-6c84e31bc0dbc10c5c4b8f1f057e11b7\">\n.flex_cell.av-k5f10rcl-6c84e31bc0dbc10c5c4b8f1f057e11b7{\nvertical-align:middle;\nheight:500px;\nmin-height:500px;\npadding:30px 30px 30px 30px;\n}\n<\/style>\n<div class='flex_cell av_one_half av-k5f10rcl-6c84e31bc0dbc10c5c4b8f1f057e11b7 no_margin  avia-builder-el-3  el_before_av_cell_one_half  avia-builder-el-first ' ><div class='flex_cell_inner'>\n<style type=\"text\/css\" data-created_by=\"avia_inline_auto\" id=\"style-css-av-k5for34q-bc4fda29ccd383c270d3206e792f9667\">\n.flex_column.av-k5for34q-bc4fda29ccd383c270d3206e792f9667{\nborder-radius:0px 0px 0px 0px;\n-webkit-border-radius:0px 0px 0px 0px;\n-moz-border-radius:0px 0px 0px 0px;\n}\n<\/style>\n<div class='flex_column av-k5for34q-bc4fda29ccd383c270d3206e792f9667 av_one_full  avia-builder-el-4  avia-builder-el-no-sibling  first flex_column_div  av-animated-generic left-to-right av-zero-column-padding '   ><p>\n<style type=\"text\/css\" data-created_by=\"avia_inline_auto\" id=\"style-css-av-7mbpv-1fd690a1d7071bed0bc4af0aa5d7ea7e\">\n#top .av-special-heading.av-7mbpv-1fd690a1d7071bed0bc4af0aa5d7ea7e{\npadding-bottom:10px;\ncolor:#007da5;\n}\nbody .av-special-heading.av-7mbpv-1fd690a1d7071bed0bc4af0aa5d7ea7e .av-special-heading-tag .heading-char{\nfont-size:25px;\n}\n.av-special-heading.av-7mbpv-1fd690a1d7071bed0bc4af0aa5d7ea7e .special-heading-inner-border{\nborder-color:#007da5;\n}\n.av-special-heading.av-7mbpv-1fd690a1d7071bed0bc4af0aa5d7ea7e .av-subheading{\nfont-size:15px;\n}\n<\/style>\n<div  class='av-special-heading av-7mbpv-1fd690a1d7071bed0bc4af0aa5d7ea7e av-special-heading-h3 custom-color-heading  avia-builder-el-5  el_before_av_textblock  avia-builder-el-first  av-linked-heading'><h3 class='av-special-heading-tag'  itemprop=\"headline\"  >Unternehmen<\/h3><div class=\"special-heading-border\"><div class=\"special-heading-inner-border\"><\/div><\/div><\/div><br \/>\n<section  class='av_textblock_section av-k5f0cozc-f49f9f4294a4ac62d60b06d5d9b2771a'  itemscope=\"itemscope\" itemtype=\"https:\/\/schema.org\/CreativeWork\" ><div class='avia_textblock'  itemprop=\"text\" ><p><span style=\"font-weight: 400;\">Um zur Entwicklung des Tourismus beizutragen und die Dienstleistungsbereiche des Tourismus in der T\u00fcrkei zu erweitern, wurde im M\u00e4rz 2019 die Antlink Turizm Ticaret A.S. mit der Kategorie Reiseb\u00fcro gegr\u00fcndet.\u00a0<\/span><\/p>\n<p><span style=\"font-weight: 400;\">Neben der TURSAB-Mitgliedschaft verf\u00fcgt die Antlink Turizm Ticaret A.S. ein Autorisierungszertifikat f\u00fcr Vermittlungsunternehmen, von dem Gesundheitsministerium der<\/span> <span style=\"font-weight: 400;\">T\u00fcrkischen Republik, im Rahmen des Gesundheitstourismus und ein Zertifikat f\u00fcr Gesundheitstourismusmanagement, von der Universit\u00e4t Akdeniz (Mittelmeer).\u00a0\u00a0<\/span><\/p>\n<\/div><\/section><\/p><\/div>\n<\/div><\/div>\n<style type=\"text\/css\" data-created_by=\"avia_inline_auto\" id=\"style-css-av-k5f0sol0-6101c92510ef470f2b82f35d4fbc2f62\">\n.flex_cell.av-k5f0sol0-6101c92510ef470f2b82f35d4fbc2f62{\nvertical-align:top;\nheight:500px;\nmin-height:500px;\npadding:30px 30px 30px 30px;\nbackground:url(https:\/\/www.medivoucher.com\/DE\/wp-content\/uploads\/2020\/01\/sirket-1.jpg) 50% 50% no-repeat scroll ;\n}\n<\/style>\n<div class='flex_cell av_one_half av-k5f0sol0-6101c92510ef470f2b82f35d4fbc2f62 no_margin  avia-builder-el-7  el_after_av_cell_one_half  avia-builder-el-last  avia-full-stretch' ><div class='flex_cell_inner'><\/div><\/div><\/div><div id='kurumsal'  class='av-layout-grid-container av-k5f0wwfl-40c053c253512f23c7c216a43a087f65 entry-content-wrapper main_color av-flex-cells  avia-builder-el-8  el_after_av_layout_row  avia-builder-el-last  grid-row-not-first  container_wrap fullsize'  >\n\n<style type=\"text\/css\" data-created_by=\"avia_inline_auto\" id=\"style-css-av-k5f0t9fj-b8cd9e4d78bf007b8dd1825151bb4661\">\n.flex_cell.av-k5f0t9fj-b8cd9e4d78bf007b8dd1825151bb4661{\nvertical-align:middle;\nheight:500px;\nmin-height:500px;\npadding:30px 30px 30px 30px;\nbackground:url(https:\/\/www.medivoucher.com\/DE\/wp-content\/uploads\/2020\/01\/MediVoucher.jpg) 50% 50% no-repeat scroll ;\n}\n<\/style>\n<div class='flex_cell av_one_half av-k5f0t9fj-b8cd9e4d78bf007b8dd1825151bb4661 no_margin  avia-builder-el-9  el_before_av_cell_one_half  avia-builder-el-first  avia-full-stretch' ><div class='flex_cell_inner'><\/div><\/div>\n<style type=\"text\/css\" data-created_by=\"avia_inline_auto\" id=\"style-css-av-k5f0ti2g-582786707ff135205b7fb5e515bba196\">\n.flex_cell.av-k5f0ti2g-582786707ff135205b7fb5e515bba196{\nvertical-align:middle;\nheight:500px;\nmin-height:500px;\npadding:30px 30px 30px 30px;\n}\n<\/style>\n<div class='flex_cell av_one_half av-k5f0ti2g-582786707ff135205b7fb5e515bba196 no_margin  avia-builder-el-10  el_after_av_cell_one_half  avia-builder-el-last ' ><div class='flex_cell_inner'>\n<style type=\"text\/css\" data-created_by=\"avia_inline_auto\" id=\"style-css-av-k5formpj-399f3f05d281bdfb315329f0d30c66f6\">\n.flex_column.av-k5formpj-399f3f05d281bdfb315329f0d30c66f6{\nborder-radius:0px 0px 0px 0px;\n-webkit-border-radius:0px 0px 0px 0px;\n-moz-border-radius:0px 0px 0px 0px;\n}\n<\/style>\n<div class='flex_column av-k5formpj-399f3f05d281bdfb315329f0d30c66f6 av_one_full  avia-builder-el-11  avia-builder-el-no-sibling  first flex_column_div  av-animated-generic right-to-left av-zero-column-padding '   ><p>\n<style type=\"text\/css\" data-created_by=\"avia_inline_auto\" id=\"style-css-av-8sc2b-8c4d99ca79c2dd35839369b153dd5397\">\n#top .av-special-heading.av-8sc2b-8c4d99ca79c2dd35839369b153dd5397{\npadding-bottom:10px;\ncolor:#007da5;\n}\nbody .av-special-heading.av-8sc2b-8c4d99ca79c2dd35839369b153dd5397 .av-special-heading-tag .heading-char{\nfont-size:25px;\n}\n.av-special-heading.av-8sc2b-8c4d99ca79c2dd35839369b153dd5397 .special-heading-inner-border{\nborder-color:#007da5;\n}\n.av-special-heading.av-8sc2b-8c4d99ca79c2dd35839369b153dd5397 .av-subheading{\nfont-size:15px;\n}\n<\/style>\n<div  class='av-special-heading av-8sc2b-8c4d99ca79c2dd35839369b153dd5397 av-special-heading-h3 custom-color-heading  avia-builder-el-12  el_before_av_textblock  avia-builder-el-first  av-linked-heading'><h3 class='av-special-heading-tag'  itemprop=\"headline\"  >MediVoucher<\/h3><div class=\"special-heading-border\"><div class=\"special-heading-inner-border\"><\/div><\/div><\/div><br \/>\n<section  class='av_textblock_section av-k5f0cozc-61aac31885fac8330c5c565f06c23d66'  itemscope=\"itemscope\" itemtype=\"https:\/\/schema.org\/CreativeWork\" ><div class='avia_textblock'  itemprop=\"text\" ><p><span style=\"font-weight: 400;\">MediVoucher.com, ist ein Gesundheitsreiseportal, das Anfang 2020 von Antlink Turizm Ticaret A.S ver\u00f6ffentlicht wurde. MediVoucher ist das erste und einzige seiner Art und erm\u00f6glicht, denjenigen, die international f\u00fcr Gesundheitstourismus reisen m\u00f6chten, einfach, schnell und zuverl\u00e4ssig einen Termin zu vereinbaren.<\/span><\/p>\n<p><span style=\"font-weight: 400;\">Aufgrund der mehrsprachigen Infrastruktur k\u00f6nnen die Daten der Gesundheitstourismuseinrichtungen in der T\u00fcrkei, an internationale Reisende weitergeben werden. Die Dienstleistungen werden in den Sprachen Englisch, Russisch und T\u00fcrkisch erbracht und alle Terminvereinbarungen sind kostenlos.<\/span><\/p>\n<\/div><\/section><\/p><\/div>\n<\/div><\/div><\/div><\/p>\n","protected":false},"excerpt":{"rendered":"","protected":false},"author":1,"featured_media":0,"parent":0,"menu_order":0,"comment_status":"closed","ping_status":"closed","template":"","meta":{"footnotes":""},"_links":{"self":[{"href":"https:\/\/www.medivoucher.com\/DE\/wp-json\/wp\/v2\/pages\/931"}],"collection":[{"href":"https:\/\/www.medivoucher.com\/DE\/wp-json\/wp\/v2\/pages"}],"about":[{"href":"https:\/\/www.medivoucher.com\/DE\/wp-json\/wp\/v2\/types\/page"}],"author":[{"embeddable":true,"href":"https:\/\/www.medivoucher.com\/DE\/wp-json\/wp\/v2\/users\/1"}],"replies":[{"embeddable":true,"href":"https:\/\/www.medivoucher.com\/DE\/wp-json\/wp\/v2\/comments?post=931"}],"version-history":[{"count":36,"href":"https:\/\/www.medivoucher.com\/DE\/wp-json\/wp\/v2\/pages\/931\/revisions"}],"predecessor-version":[{"id":1678,"href":"https:\/\/www.medivoucher.com\/DE\/wp-json\/wp\/v2\/pages\/931\/revisions\/1678"}],"wp:attachment":[{"href":"https:\/\/www.medivoucher.com\/DE\/wp-json\/wp\/v2\/media?parent=931"}],"curies":[{"name":"wp","href":"https:\/\/api.w.org\/{rel}","templated":true}]}}