{"id":1105,"date":"2020-01-17T12:17:03","date_gmt":"2020-01-17T12:17:03","guid":{"rendered":"http:\/\/medivoucher.com\/?page_id=1105"},"modified":"2023-11-20T11:18:15","modified_gmt":"2023-11-20T08:18:15","slug":"gizlilik-politikasi","status":"publish","type":"page","link":"https:\/\/www.medivoucher.com\/DE\/gizlilik-politikasi\/","title":{"rendered":"Datenschutzbestimmungen"},"content":{"rendered":"\n<style type=\"text\/css\" data-created_by=\"avia_inline_auto\" id=\"style-css-av-k5f0bhjg-081e9dd879d281b453abcd426235b68a\">\n.avia-section.av-k5f0bhjg-081e9dd879d281b453abcd426235b68a{\nbackground-repeat:no-repeat;\nbackground-image:url(https:\/\/www.medivoucher.com\/DE\/wp-content\/uploads\/2020\/01\/1-1.jpg);\nbackground-position:50% 50%;\nbackground-attachment:fixed;\n}\n.avia-section.av-k5f0bhjg-081e9dd879d281b453abcd426235b68a .av-section-color-overlay{\nopacity:0.5;\nbackground-color:#7bb0e7;\nbackground-image:url(https:\/\/www.medivoucher.com\/DE\/wp-content\/themes\/enfold\/enfold\/images\/background-images\/dots-for-light-background.png);\nbackground-repeat:repeat;\n}\n<\/style>\n<div id='av_section_1'  class='avia-section av-k5f0bhjg-081e9dd879d281b453abcd426235b68a main_color avia-section-default avia-shadow  avia-builder-el-0  el_before_av_layout_row  avia-builder-el-first  avia-full-stretch avia-bg-style-fixed av-section-color-overlay-active av-minimum-height av-minimum-height-custom  container_wrap fullsize'  data-section-bg-repeat='stretch'><div class=\"av-section-color-overlay-wrap\"><div class=\"av-section-color-overlay\"><\/div><a href='#next-section' title='' class='scroll-down-link ' aria-hidden='true' data-av_icon='\ue877' data-av_iconfont='entypo-fontello'><\/a><div class='container av-section-cont-open' style='height:400px'><main  role=\"main\" itemprop=\"mainContentOfPage\"  class='template-page content  av-content-full alpha units'><div class='post-entry post-entry-type-page post-entry-1105'><div class='entry-content-wrapper clearfix'>\n\n<style type=\"text\/css\" data-created_by=\"avia_inline_auto\" id=\"style-css-av-k5i4nfqj-0f8d7090e5356a5f4bb7815d78291680\">\n#top .av-special-heading.av-k5i4nfqj-0f8d7090e5356a5f4bb7815d78291680{\npadding-bottom:10px;\ncolor:#ffffff;\nfont-size:35px;\n}\nbody .av-special-heading.av-k5i4nfqj-0f8d7090e5356a5f4bb7815d78291680 .av-special-heading-tag .heading-char{\nfont-size:25px;\n}\n#top #wrap_all .av-special-heading.av-k5i4nfqj-0f8d7090e5356a5f4bb7815d78291680 .av-special-heading-tag{\nfont-size:35px;\n}\n.av-special-heading.av-k5i4nfqj-0f8d7090e5356a5f4bb7815d78291680 .special-heading-inner-border{\nborder-color:#ffffff;\n}\n.av-special-heading.av-k5i4nfqj-0f8d7090e5356a5f4bb7815d78291680 .av-subheading{\nfont-size:15px;\n}\n<\/style>\n<div  class='av-special-heading av-k5i4nfqj-0f8d7090e5356a5f4bb7815d78291680 av-special-heading-h2 custom-color-heading blockquote modern-quote modern-centered  avia-builder-el-1  avia-builder-el-no-sibling  av-inherit-size av-linked-heading'><h2 class='av-special-heading-tag'  itemprop=\"headline\"  >Datenschutzbestimmungen<\/h2><div class=\"special-heading-border\"><div class=\"special-heading-inner-border\"><\/div><\/div><\/div>\n<\/div><\/div><\/main><!-- close content main element --><\/div><\/div><\/div><div id='sirket'  class='av-layout-grid-container av-k5f0wqi2-956288f907f8e5a0fbb75643733e1eb7 entry-content-wrapper main_color av-flex-cells  avia-builder-el-2  el_after_av_section  avia-builder-el-last  grid-row-not-first  container_wrap fullsize'  >\n\n<style type=\"text\/css\" data-created_by=\"avia_inline_auto\" id=\"style-css-av-k5f10rcl-6c84e31bc0dbc10c5c4b8f1f057e11b7\">\n.flex_cell.av-k5f10rcl-6c84e31bc0dbc10c5c4b8f1f057e11b7{\nvertical-align:middle;\nheight:500px;\nmin-height:500px;\npadding:30px 30px 30px 30px;\n}\n<\/style>\n<div class='flex_cell av_one_full av-k5f10rcl-6c84e31bc0dbc10c5c4b8f1f057e11b7 no_margin  avia-builder-el-3  avia-builder-el-no-sibling ' ><div class='flex_cell_inner'>\n<style type=\"text\/css\" data-created_by=\"avia_inline_auto\" id=\"style-css-av-k5for34q-bc4fda29ccd383c270d3206e792f9667\">\n.flex_column.av-k5for34q-bc4fda29ccd383c270d3206e792f9667{\nborder-radius:0px 0px 0px 0px;\n-webkit-border-radius:0px 0px 0px 0px;\n-moz-border-radius:0px 0px 0px 0px;\n}\n<\/style>\n<div class='flex_column av-k5for34q-bc4fda29ccd383c270d3206e792f9667 av_one_full  avia-builder-el-4  avia-builder-el-no-sibling  first flex_column_div  av-animated-generic left-to-right av-zero-column-padding '   ><section  class='av_textblock_section av-k5f0cozc-f49f9f4294a4ac62d60b06d5d9b2771a'  itemscope=\"itemscope\" itemtype=\"https:\/\/schema.org\/CreativeWork\" ><div class='avia_textblock'  itemprop=\"text\" ><div>\n<p>DATENSCHUTZ- UND NUTZUNGSBEDINGUNGEN<\/p>\n<p>Die personenbezogenen Daten, die w\u00e4hrend Ihres Besuches auf dieser Webseite angegeben werden und weitere Daten, die bei Ihrer Nutzung, der angebotenen Dienste von dieser Website verwendet werden, werden bez\u00fcglich der Bedingungen der \u201eDatenschutzerkl\u00e4rung\u201c verwaltet und gesch\u00fctzt. Indem Sie diese Website besuchen und die angebotenen Dienste \u00fcber diese Website nutzen, stimmen Sie die Bedingungen der \u201eDatenschutzerkl\u00e4rung\u201c zu.<\/p>\n<p>Nutzung und Schutz von den personenbezogenen Daten<\/p>\n<p>Antlink Turizm ve Ticaret A.S, ben\u00f6tigt einige Ihrer personenbezogenen Daten (Vorname, Nachname, Alter, E-Mail, Telefon usw.), um seinen Patienten einen besseren Service anbieten zu k\u00f6nnen.<\/p>\n<p>Die statistischen Daten (Browsertyp, geografischer Standort, Alter, Geschlecht usw.), die aus den personenbezogenen Daten erfasst werden, werden im Rahmen regelm\u00e4\u00dfiger Kampagnenstudien, bei E-Newsletter, bei speziellen Werbeaktivit\u00e4ten f\u00fcr Patientenprofile und bei Kunden-&#8220;Klassifizierung&#8221;-Studien zur Verhinderung von unerw\u00fcnschten E-Mails von Antlink Turizm ve Ticaret A.S. verwendet.<\/p>\n<p>Antlink Turizm ve Ticaret A.S. verpflichtet sich, die personenbezogenen Daten, die in den Mitgliedsformularen hervorgehen, wenn keine weitere Anweisung vorhanden ist, ohne die Erlaubnis des Mitglieds nicht an Dritte weiterzugeben und nicht f\u00fcr andere Zwecke zu verwenden oder nicht zu verkaufen.<\/p>\n<p>Antlink Turizm ve Ticaret A.S. analysiert und bewertet die Besucherbewegungen, die w\u00e4hrend der Nutzung der Website erfasst werden, sowie die E-Mail-Adressen und die personenbezogenen Daten, die von den Patienteninformationsformularen erhalten werden.<br \/>\nDiese statistischen Daten, die keine personenbezogenen Daten enthalten, werden verwendet, um ein spezielles und effektives Gesundheitspaket bereitzustellen.<\/p>\n<p>Wenn Sie sich von der E-Newsletter-Liste von Antlink abmelden m\u00f6chten, klicken Sie bitte unten in dem Bereich E-Newsletter auf \u201eWenn Sie diesen Newsletter nicht erneut erhalten m\u00f6chten, klicken Sie bitte hier\u201c.<\/p>\n<p>Die personenbezogenen Patientendaten, k\u00f6nnen an die offiziellen Beh\u00f6rden nur weitergeleitet werden, wenn der Antrag von der zust\u00e4ndigen Beh\u00f6rde gestellt wird und k\u00f6nnen nur offengelegt werden, wenn eine Verpflichtung gem\u00e4\u00df den Bestimmungen der geltenden zwingenden Rechtsvorschriften, f\u00fcr eine Erkl\u00e4rung gegen\u00fcber den offiziellen Beh\u00f6rden vorliegt.<\/p>\n<p>Den Zugriff, auf alle personenbezogenen Daten, die in das System von dem Patienten eingetragen oder ge\u00e4ndert werden kann, hat nur der Patient selber. Es ist einer anderen Person nicht m\u00f6glich, auf die personenbezogenen Daten zuzugreifen und sie zu \u00e4ndern.<\/p>\n<p>Bez\u00fcglich der Struktur des Internets, k\u00f6nnen die personenbezogenen Daten, trotz angemessener Sicherheitsma\u00dfnahmen im Internet verbreitet und von Unbefugten erfasst und genutzt werden. Antlink Turizm ve Ticaret A.S. ist f\u00fcr diese Nutzung und den Schaden nicht verantwortlich.<\/p>\n<p>Die erfassten personenbezogenen Daten, werden sicher gespeichert und sind nicht f\u00fcr die \u00f6ffentliche Nutzung zug\u00e4nglich.<br \/>\nLinks zu Webseiten Dritter<\/p>\n<p>Antlink Turizm ve Ticaret A.S. \u00fcbernimmt keine Verantwortung oder Haftung f\u00fcr die Datenschutzerkl\u00e4rungen von Webseiten Dritter, auf die Sie \u00fcber die Links von der Webseite zugreifen. Aus diesem Grund empfehlen wir Ihnen, die Datenschutzrichtlinien der Webseiten, auf denen Sie sich anmelden, zu pr\u00fcfen, bevor Sie Ihre personenbezogene Daten angeben.<\/p>\n<p>NUTZUNGSBEDINGUNGEN<\/p>\n<p>Diese Website wird von Antlink Turizm ve Ticaret A.S. gem\u00e4\u00df den Vorschriften der Gesetzen der Republik T\u00fcrkei ver\u00f6ffentlicht. Wir best\u00e4tigen und verpflichten uns, dass die Vertraulichkeit Ihrer pers\u00f6nlichen Daten f\u00fcr uns von wesentlicher Bedeutung hat und dass diese nicht an Dritte, Institutionen oder Organisationen weitergegeben werden, au\u00dfer an denen, die hierzu gesetzlich berechtigt sind. Antlink Turizm ve Ticaret A.S verpflichtet sich, die Patienten- und Dokumentinformationen gem\u00e4\u00df dem Datenschutzgesetz zum Schutz der personenbezogener Daten vom 24.03.2016 und mit der Nr. 6698 zu sch\u00fctzen und aufzubewahren.<br \/>\nDie Verantwortung, von Besuchen von Webseiten Dritter, auf die Sie \u00fcber die Links von der Webseite zugreifen, tragen Sie selber. Die Datenschutzrichtlinien dieser Webseiten werden durch die eigenen Bestimmungen bestimmt. Antlink Turizm ve Ticaret A.S \u00fcbernimmt keine Verantwortung oder Haftung \u00fcber die Probleme, die aufgrund dieser Verbindungen auftreten k\u00f6nnen.<\/p>\n<p>Diese Datenschutzbedingungen, werden durch jeden Besucher, der diese Website besucht und auf der Website aktiv ist, automatisch akzeptiert.<\/p>\n<\/div>\n<div><\/div>\n<\/div><\/section><\/div>\n<\/div><\/div><\/div><\/p>\n","protected":false},"excerpt":{"rendered":"","protected":false},"author":1,"featured_media":0,"parent":0,"menu_order":0,"comment_status":"closed","ping_status":"closed","template":"","meta":{"footnotes":""},"_links":{"self":[{"href":"https:\/\/www.medivoucher.com\/DE\/wp-json\/wp\/v2\/pages\/1105"}],"collection":[{"href":"https:\/\/www.medivoucher.com\/DE\/wp-json\/wp\/v2\/pages"}],"about":[{"href":"https:\/\/www.medivoucher.com\/DE\/wp-json\/wp\/v2\/types\/page"}],"author":[{"embeddable":true,"href":"https:\/\/www.medivoucher.com\/DE\/wp-json\/wp\/v2\/users\/1"}],"replies":[{"embeddable":true,"href":"https:\/\/www.medivoucher.com\/DE\/wp-json\/wp\/v2\/comments?post=1105"}],"version-history":[{"count":5,"href":"https:\/\/www.medivoucher.com\/DE\/wp-json\/wp\/v2\/pages\/1105\/revisions"}],"predecessor-version":[{"id":1674,"href":"https:\/\/www.medivoucher.com\/DE\/wp-json\/wp\/v2\/pages\/1105\/revisions\/1674"}],"wp:attachment":[{"href":"https:\/\/www.medivoucher.com\/DE\/wp-json\/wp\/v2\/media?parent=1105"}],"curies":[{"name":"wp","href":"https:\/\/api.w.org\/{rel}","templated":true}]}}