{"id":1104,"date":"2020-01-17T12:16:18","date_gmt":"2020-01-17T12:16:18","guid":{"rendered":"http:\/\/medivoucher.com\/?page_id=1104"},"modified":"2023-11-20T11:14:31","modified_gmt":"2023-11-20T08:14:31","slug":"haufig-gestellte-fragen","status":"publish","type":"page","link":"https:\/\/www.medivoucher.com\/DE\/haufig-gestellte-fragen\/","title":{"rendered":"H\u00e4ufig gestellte Fragen"},"content":{"rendered":"\n<style type=\"text\/css\" data-created_by=\"avia_inline_auto\" id=\"style-css-av-k5f0bhjg-081e9dd879d281b453abcd426235b68a\">\n.avia-section.av-k5f0bhjg-081e9dd879d281b453abcd426235b68a{\nbackground-repeat:no-repeat;\nbackground-image:url(https:\/\/www.medivoucher.com\/DE\/wp-content\/uploads\/2020\/01\/1-1.jpg);\nbackground-position:50% 50%;\nbackground-attachment:fixed;\n}\n.avia-section.av-k5f0bhjg-081e9dd879d281b453abcd426235b68a .av-section-color-overlay{\nopacity:0.5;\nbackground-color:#7bb0e7;\nbackground-image:url(https:\/\/www.medivoucher.com\/DE\/wp-content\/themes\/enfold\/enfold\/images\/background-images\/dots-for-light-background.png);\nbackground-repeat:repeat;\n}\n<\/style>\n<div id='av_section_1'  class='avia-section av-k5f0bhjg-081e9dd879d281b453abcd426235b68a main_color avia-section-default avia-shadow  avia-builder-el-0  el_before_av_layout_row  avia-builder-el-first  avia-full-stretch avia-bg-style-fixed av-section-color-overlay-active av-minimum-height av-minimum-height-custom  container_wrap fullsize'  data-section-bg-repeat='stretch'><div class=\"av-section-color-overlay-wrap\"><div class=\"av-section-color-overlay\"><\/div><a href='#next-section' title='' class='scroll-down-link ' aria-hidden='true' data-av_icon='\ue877' data-av_iconfont='entypo-fontello'><\/a><div class='container av-section-cont-open' style='height:400px'><main  role=\"main\" itemprop=\"mainContentOfPage\"  class='template-page content  av-content-full alpha units'><div class='post-entry post-entry-type-page post-entry-1104'><div class='entry-content-wrapper clearfix'>\n\n<style type=\"text\/css\" data-created_by=\"avia_inline_auto\" id=\"style-css-av-k5i4lsh5-e0e7fa872c204b06ac7d1828d598676e\">\n#top .av-special-heading.av-k5i4lsh5-e0e7fa872c204b06ac7d1828d598676e{\npadding-bottom:10px;\ncolor:#ffffff;\nfont-size:35px;\n}\nbody .av-special-heading.av-k5i4lsh5-e0e7fa872c204b06ac7d1828d598676e .av-special-heading-tag .heading-char{\nfont-size:25px;\n}\n#top #wrap_all .av-special-heading.av-k5i4lsh5-e0e7fa872c204b06ac7d1828d598676e .av-special-heading-tag{\nfont-size:35px;\n}\n.av-special-heading.av-k5i4lsh5-e0e7fa872c204b06ac7d1828d598676e .special-heading-inner-border{\nborder-color:#ffffff;\n}\n.av-special-heading.av-k5i4lsh5-e0e7fa872c204b06ac7d1828d598676e .av-subheading{\nfont-size:15px;\n}\n<\/style>\n<div  class='av-special-heading av-k5i4lsh5-e0e7fa872c204b06ac7d1828d598676e av-special-heading-h2 custom-color-heading blockquote modern-quote modern-centered  avia-builder-el-1  avia-builder-el-no-sibling  av-inherit-size av-linked-heading'><h2 class='av-special-heading-tag'  itemprop=\"headline\"  >H\u00e4ufig gestellte Fragen (FAQ)<\/h2><div class=\"special-heading-border\"><div class=\"special-heading-inner-border\"><\/div><\/div><\/div>\n<\/div><\/div><\/main><!-- close content main element --><\/div><\/div><\/div><div id='sirket'  class='av-layout-grid-container av-k5f0wqi2-956288f907f8e5a0fbb75643733e1eb7 entry-content-wrapper main_color av-flex-cells  avia-builder-el-2  el_after_av_section  avia-builder-el-last  grid-row-not-first  container_wrap fullsize'  >\n\n<style type=\"text\/css\" data-created_by=\"avia_inline_auto\" id=\"style-css-av-k5f10rcl-6c84e31bc0dbc10c5c4b8f1f057e11b7\">\n.flex_cell.av-k5f10rcl-6c84e31bc0dbc10c5c4b8f1f057e11b7{\nvertical-align:middle;\nheight:500px;\nmin-height:500px;\npadding:30px 30px 30px 30px;\n}\n<\/style>\n<div class='flex_cell av_one_full av-k5f10rcl-6c84e31bc0dbc10c5c4b8f1f057e11b7 no_margin  avia-builder-el-3  avia-builder-el-no-sibling ' ><div class='flex_cell_inner'>\n<style type=\"text\/css\" data-created_by=\"avia_inline_auto\" id=\"style-css-av-k5for34q-bc4fda29ccd383c270d3206e792f9667\">\n.flex_column.av-k5for34q-bc4fda29ccd383c270d3206e792f9667{\nborder-radius:0px 0px 0px 0px;\n-webkit-border-radius:0px 0px 0px 0px;\n-moz-border-radius:0px 0px 0px 0px;\n}\n<\/style>\n<div class='flex_column av-k5for34q-bc4fda29ccd383c270d3206e792f9667 av_one_full  avia-builder-el-4  avia-builder-el-no-sibling  first flex_column_div  av-animated-generic left-to-right av-zero-column-padding '   ><p><section  class='av_textblock_section av-k5i7mb08-ea375b7ed97ba9b1cb8c892a070fbc6b'  itemscope=\"itemscope\" itemtype=\"https:\/\/schema.org\/CreativeWork\" ><div class='avia_textblock'  itemprop=\"text\" ><p>In diesem Abschnitt finden Sie die h\u00e4ufig gestellten und beantworteten Fragen. Bei weiteren Fragen oder Anliegen k\u00f6nnen Sie unser Callcenter anrufen. Um Ihnen von Anfang bis Ende Ihrer Reise oder Behandlung den besten Service zu geben, steht das MediVoucher-Team jederzeit bereit, Ihnen die notwendigen Informationen und Antworten zu geben. Bitte z\u00f6gern Sie nicht, uns zu kontaktieren.<\/p>\n<\/div><\/section><br \/>\n\n<style type=\"text\/css\" data-created_by=\"avia_inline_auto\" id=\"style-css-av-k5i4n22u-65bd6c23dfd122fe9ebd45fedb8fd669\">\n#top .togglecontainer.av-k5i4n22u-65bd6c23dfd122fe9ebd45fedb8fd669 p.toggler.activeTitle{\ncolor:#007ca5;\nborder-color:#007ca5;\nbackground-color:#ffffff;\nbackground:linear-gradient( to bottom, #ffffff, #ededed );\n}\n#top .togglecontainer.av-k5i4n22u-65bd6c23dfd122fe9ebd45fedb8fd669 p.toggler:not(.activeTitle):hover{\ncolor:#ffffff;\nbackground-color:#007ca5;\n}\n#top .togglecontainer.av-k5i4n22u-65bd6c23dfd122fe9ebd45fedb8fd669 p.toggler:not(.activeTitle):hover .toggle_icon, #top .togglecontainer.av-k5i4n22u-65bd6c23dfd122fe9ebd45fedb8fd669 p.toggler:not(.activeTitle):hover .toggle_icon *{\nborder-color:#ffffff !important;\n}\n<\/style>\n<div  class='togglecontainer av-k5i4n22u-65bd6c23dfd122fe9ebd45fedb8fd669  avia-builder-el-6  el_after_av_textblock  avia-builder-el-last  toggle_close_all hasCurrentStyle' >\n<section class='av_toggle_section av-hf4yww-a91af75ddfcf0baeed2d6c91ef9637af'  itemscope=\"itemscope\" itemtype=\"https:\/\/schema.org\/CreativeWork\" ><div role=\"tablist\" class=\"single_toggle\" data-tags=\"{T\u00fcm\u00fc} \"  ><p data-fake-id='#toggle-id-1' class='toggler  activeTitle '  itemprop=\"headline\"  role='tab' tabindex='0' aria-controls='toggle-id-1'>Was ist MediVoucher ?<span class=\"toggle_icon\"><span class=\"vert_icon\"><\/span><span class=\"hor_icon\"><\/span><\/span><\/p><div id='toggle-id-1' class='toggle_wrap  active_tc' style='display:block;' ><div class='toggle_content invers-color '  itemprop=\"text\" ><p>MediVoucher Sa\u011fl\u0131k Turizmi i\u00e7in bir muayene\/ tedavi randevu sistemidir. Bu sistem T\u00fcrkiye&#8217;de sadece hastal\u0131\u011f\u0131n\u0131z\u0131 tedavi etmek i\u00e7in de\u011fildir. T\u00fcrkiye&#8217;ye seyahatiniz sa\u00e7 ekimi, di\u015f tedavisi, plastik cerrahi, obezite sorunlar\u0131 i\u00e7in operasyon vb. gibi her t\u00fcrl\u00fc sa\u011fl\u0131k prosed\u00fcr\u00fc i\u00e7in olabilir. MediVoucher, bizimle ileti\u015fime ge\u00e7ti\u011finizde sa\u011fl\u0131k sorunlar\u0131n\u0131z i\u00e7in gerekli t\u00fcm d\u00fczenlemeleri (konaklama, transferler ve tedaviniz i\u00e7in en iyi se\u00e7enek) size en h\u0131zl\u0131 \u015fekilde sunacakt\u0131r.<\/p>\n<\/div><\/div><\/div><\/section>\n<section class='av_toggle_section av-f7g3lc-22719b71f8e0383545cad9233997438b'  itemscope=\"itemscope\" itemtype=\"https:\/\/schema.org\/CreativeWork\" ><div role=\"tablist\" class=\"single_toggle\" data-tags=\"{T\u00fcm\u00fc} \"  ><p data-fake-id='#toggle-id-2' class='toggler   '  itemprop=\"headline\"  role='tab' tabindex='0' aria-controls='toggle-id-2'>Welche M\u00f6glichkeiten bieten Sie meiner Begleitperson an, mit der ich zu meiner Behandlung in die T\u00fcrkei reisen m\u00f6chte?<span class=\"toggle_icon\"><span class=\"vert_icon\"><\/span><span class=\"hor_icon\"><\/span><\/span><\/p><div id='toggle-id-2' class='toggle_wrap  '  ><div class='toggle_content invers-color '  itemprop=\"text\" ><p>MediVoucher unterst\u00fctzt Sie und Ihre Begleitperson stets w\u00e4hrend der Behandlung bei allen m\u00f6glichen Bed\u00fcrfnissen. Ab der Beantragung des Visums k\u00fcmmern wir uns bei Bedarf um die Flugtickets und um die Flughafentransporte sowie um die Unterbringung Ihrer Angeh\u00f6rigen im ausgew\u00e4hlten Hotel. Wir k\u00f6nnen Ihrer Begleitperson den notwendigen Transfer anbieten, wenn man Sie besuchen m\u00f6chte. Wir k\u00f6nnen ihnen auch einen Internetzugang zur Verf\u00fcgung stellen, damit Sie bei Bedarf Kontakt zu Ihren Verwandten in Ihrem Heimatland aufnehmen k\u00f6nnen. Sie k\u00f6nnen sicher sein, dass wir alle Dienstleistungen gew\u00e4hrleisten und daf\u00fcr sorgen werden, dass Sie und Ihre Begleitpersonen sich wohl und sicher f\u00fchlen.<\/p>\n<\/div><\/div><\/div><\/section>\n<section class='av_toggle_section av-el5mpc-746e9104045c90df1620cc09c6bf4c38'  itemscope=\"itemscope\" itemtype=\"https:\/\/schema.org\/CreativeWork\" ><div role=\"tablist\" class=\"single_toggle\" data-tags=\"{T\u00fcm\u00fc} \"  ><p data-fake-id='#toggle-id-3' class='toggler   '  itemprop=\"headline\"  role='tab' tabindex='0' aria-controls='toggle-id-3'>Wie lange dauert meine Behandlung?<span class=\"toggle_icon\"><span class=\"vert_icon\"><\/span><span class=\"hor_icon\"><\/span><\/span><\/p><div id='toggle-id-3' class='toggle_wrap  '  ><div class='toggle_content invers-color '  itemprop=\"text\" ><p>Nachdem die \u00c4rzte Ihre medizinischen Unterlagen und Berichte \u00fcberpr\u00fcft haben, wird Ihr Arzt Ihnen \u00fcber unser MediVoucher-Team so schnell wie m\u00f6glich die notwendigen Informationen zukommen lassen. Unser Team sendet Ihnen den notwendigen Behandlungsplan zu. Jede Behandlung hat einen anderen Heilungsprozess. Wir m\u00f6chten hinweisen, dass der Heilungsverlauf je nach Person unterschiedlich sein kann.<\/p>\n<\/div><\/div><\/div><\/section>\n<section class='av_toggle_section av-cfhuk0-bbb2c882f7edabc7eb484eb17d0b38e9'  itemscope=\"itemscope\" itemtype=\"https:\/\/schema.org\/CreativeWork\" ><div role=\"tablist\" class=\"single_toggle\" data-tags=\"{T\u00fcm\u00fc} \"  ><p data-fake-id='#toggle-id-4' class='toggler   '  itemprop=\"headline\"  role='tab' tabindex='0' aria-controls='toggle-id-4'>Wann soll ich meine Reise machen?<span class=\"toggle_icon\"><span class=\"vert_icon\"><\/span><span class=\"hor_icon\"><\/span><\/span><\/p><div id='toggle-id-4' class='toggle_wrap  '  ><div class='toggle_content invers-color '  itemprop=\"text\" ><p>Durumunuz acil de\u011filse, seyahatiniz i\u00e7in en uygun zaman\u0131 planlayabilmemiz i\u00e7in MediVoucher Ekibi ile ileti\u015fime ge\u00e7melisiniz. T\u00fcrkiye&#8217;nin co\u011frafi konumu nedeniyle d\u00f6rt mevsimi vard\u0131r. Turistik cazibe merkezleri nedeniyle, yaz mevsimi T\u00fcrkiye&#8217;de turizm i\u00e7in y\u00fcksek mevsimdir. Avrupa \u00fclkeleri ile kar\u015f\u0131la\u015ft\u0131r\u0131ld\u0131\u011f\u0131nda T\u00fcrkiye\u2019nin k\u0131\u015f mevsiminde de bahar havas\u0131 avantajlar\u0131 vard\u0131r, \u00f6zellikle Antalya&#8217;da 18-20 santigrat derecede ya\u015fayabilirsiniz. Seyahatinizden \u00f6nce doktorunuzla ve MediVoucher Ekibi ile g\u00f6r\u00fc\u015fmenizi \u00f6nemle tavsiye ederiz.<\/p>\n<\/div><\/div><\/div><\/section>\n<section class='av_toggle_section av-apbza8-fc1c1d0cd9f6429753270cf651e15bcc'  itemscope=\"itemscope\" itemtype=\"https:\/\/schema.org\/CreativeWork\" ><div role=\"tablist\" class=\"single_toggle\" data-tags=\"{T\u00fcm\u00fc} \"  ><p data-fake-id='#toggle-id-5' class='toggler   '  itemprop=\"headline\"  role='tab' tabindex='0' aria-controls='toggle-id-5'>Sollte ich mich vor der Reise untersuchen lassen?<span class=\"toggle_icon\"><span class=\"vert_icon\"><\/span><span class=\"hor_icon\"><\/span><\/span><\/p><div id='toggle-id-5' class='toggle_wrap  '  ><div class='toggle_content invers-color '  itemprop=\"text\" ><p>M\u00f6glicherweise ben\u00f6tigt Ihr Arzt vor Ihrer Reise einige Tests, um die bestm\u00f6gliche Behandlung f\u00fcr Sie zu ermitteln. Bei Bedarf, kann man im Voraus, Ihre alten\/neuen Labortestergebnisse, Ihre R\u00f6ntgenbilder, Ihre medizinischen Berichte oder andere erforderlichen Dokumente von Ihnen per E-Mail anfordern.<\/p>\n<\/div><\/div><\/div><\/section>\n<section class='av_toggle_section av-vxxgg-c3fe2e3f33b3cfe9b98dcbb91840e915'  itemscope=\"itemscope\" itemtype=\"https:\/\/schema.org\/CreativeWork\" ><div role=\"tablist\" class=\"single_toggle\" data-tags=\"{T\u00fcm\u00fc} \"  ><p data-fake-id='#toggle-id-6' class='toggler   '  itemprop=\"headline\"  role='tab' tabindex='0' aria-controls='toggle-id-6'>Kann ich vor der Behandlung mit meinem Arzt sprechen?<span class=\"toggle_icon\"><span class=\"vert_icon\"><\/span><span class=\"hor_icon\"><\/span><\/span><\/p><div id='toggle-id-6' class='toggle_wrap  '  ><div class='toggle_content invers-color '  itemprop=\"text\" ><p>Ja, wir k\u00f6nnen vor der Behandlung ein Treffen mit Ihrem Arzt vereinbaren. Sie k\u00f6nnen mit Ihrem Arzt auch \u00fcber Skype oder WhatsApp kommunizieren.<\/p>\n<\/div><\/div><\/div><\/section>\n<section class='av_toggle_section av-p7368-89b643bb5794edb2500eb1658c650eb2'  itemscope=\"itemscope\" itemtype=\"https:\/\/schema.org\/CreativeWork\" ><div role=\"tablist\" class=\"single_toggle\" data-tags=\"{T\u00fcm\u00fc} \"  ><p data-fake-id='#toggle-id-7' class='toggler   '  itemprop=\"headline\"  role='tab' tabindex='0' aria-controls='toggle-id-7'>Was ist der Vorteil, meiner Behandlung in der T\u00fcrkei?<span class=\"toggle_icon\"><span class=\"vert_icon\"><\/span><span class=\"hor_icon\"><\/span><\/span><\/p><div id='toggle-id-7' class='toggle_wrap  '  ><div class='toggle_content invers-color '  itemprop=\"text\" ><p>Erstens k\u00f6nnen Sie viel Geld sparen, da viele unserer Krankenh\u00e4user im Vergleich zu anderen im Ausland qualitative und hochwertigere Dienstleistungen anbieten. Die Kosten f\u00fcr medizinische Behandlungen und Verfahren in unserem Land sind deutlich niedriger als in europ\u00e4ischen oder amerikanischen Regionen und liegen auf einem angemessenen Niveau.<\/p>\n<\/div><\/div><\/div><\/section>\n<section class='av_toggle_section av-5um43k-c4250d4b1bdc4955aecd540ce62edf4a'  itemscope=\"itemscope\" itemtype=\"https:\/\/schema.org\/CreativeWork\" ><div role=\"tablist\" class=\"single_toggle\" data-tags=\"{T\u00fcm\u00fc} \"  ><p data-fake-id='#toggle-id-8' class='toggler   '  itemprop=\"headline\"  role='tab' tabindex='0' aria-controls='toggle-id-8'>Wie wird meine Behandlung sein?<span class=\"toggle_icon\"><span class=\"vert_icon\"><\/span><span class=\"hor_icon\"><\/span><\/span><\/p><div id='toggle-id-8' class='toggle_wrap  '  ><div class='toggle_content invers-color '  itemprop=\"text\" ><p>Alle Bed\u00fcrfnisse und die erforderlichen Leistungen w\u00e4hrend Ihrer Behandlung wird von dem MediVoucher-Team erbracht.<br \/>\nM\u00f6gliche Dienstleistungen, die von dem MediVoucher erbracht werden;<br \/>\n\u2022 Regelm\u00e4\u00dfige Kommunikation mit Ihrem Arzt,<br \/>\n\u2022 Entsprechend Ihrem Gesundheitszustand, regelm\u00e4\u00dfige Besuche Ihrer Begleitperson,<br \/>\n\u2022 Koordination mit dem medizinischen Gesundheitszentrum,<br \/>\n\u2022 \u00dcbersetzungsdienste bei Bedarf,<br \/>\n\u2022 n\u00f6tige Transporte,<br \/>\n\u2022 Unterbringung und zus\u00e4tzliche au\u00dferklinische Pflege,<br \/>\nDadurch brauchen Sie sich um nichts anderes zu k\u00fcmmern, als um Ihre baldige Genesung. W\u00e4hrend Ihrer Behandlung werden Ihnen alle Untersuchungsergebnisse und Berichte zur Verf\u00fcgung gestellt.<\/p>\n<\/div><\/div><\/div><\/section>\n<section class='av_toggle_section av-47bc8w-5441f2afc34fbbf70c7119ea7f54d1ac'  itemscope=\"itemscope\" itemtype=\"https:\/\/schema.org\/CreativeWork\" ><div role=\"tablist\" class=\"single_toggle\" data-tags=\"{T\u00fcm\u00fc} \"  ><p data-fake-id='#toggle-id-9' class='toggler   '  itemprop=\"headline\"  role='tab' tabindex='0' aria-controls='toggle-id-9'>K\u00f6nnen die \u00c4rzte Deutsch sprechen?<span class=\"toggle_icon\"><span class=\"vert_icon\"><\/span><span class=\"hor_icon\"><\/span><\/span><\/p><div id='toggle-id-9' class='toggle_wrap  '  ><div class='toggle_content invers-color '  itemprop=\"text\" ><p>Die meisten \u00c4rzte, in den Vertragskrankenh\u00e4usern sprechen aktiv Englisch. Aufgrund ihrer Ausbildung und den internationalen Verbindungen sprechen einige \u00c4rzte auch andere internationale Sprachen. Die Krankenh\u00e4user verf\u00fcgen \u00fcber professionelle \u00dcbersetzungsdienste, die jederzeit zur Verf\u00fcgung gestellt werden, um Sie und Ihre Angeh\u00f6rigen durch die \u00dcbersetzer zu informieren.<\/p>\n<\/div><\/div><\/div><\/section>\n<section class='av_toggle_section av-1zk41s-7e846f41af7d3faec29ab18332dbda5a'  itemscope=\"itemscope\" itemtype=\"https:\/\/schema.org\/CreativeWork\" ><div role=\"tablist\" class=\"single_toggle\" data-tags=\"{T\u00fcm\u00fc} \"  ><p data-fake-id='#toggle-id-10' class='toggler   '  itemprop=\"headline\"  role='tab' tabindex='0' aria-controls='toggle-id-10'>\u00dcbernimmt meine Versicherung meine Behandlungskosten in der T\u00fcrkei?<span class=\"toggle_icon\"><span class=\"vert_icon\"><\/span><span class=\"hor_icon\"><\/span><\/span><\/p><div id='toggle-id-10' class='toggle_wrap  '  ><div class='toggle_content invers-color '  itemprop=\"text\" ><p>Wir empfehlen Ihnen, sich diesbez\u00fcglich an Ihre Versicherung zu wenden. Wir m\u00f6chten Sie daran erinnern, dass die meisten Versicherungen unterschiedliche Regelungen je nach Behandlung haben.<\/p>\n<\/div><\/div><\/div><\/section>\n<\/div><\/p><\/div>\n<\/div><\/div><\/div><\/p>\n","protected":false},"excerpt":{"rendered":"","protected":false},"author":1,"featured_media":0,"parent":0,"menu_order":0,"comment_status":"closed","ping_status":"closed","template":"","meta":{"footnotes":""},"_links":{"self":[{"href":"https:\/\/www.medivoucher.com\/DE\/wp-json\/wp\/v2\/pages\/1104"}],"collection":[{"href":"https:\/\/www.medivoucher.com\/DE\/wp-json\/wp\/v2\/pages"}],"about":[{"href":"https:\/\/www.medivoucher.com\/DE\/wp-json\/wp\/v2\/types\/page"}],"author":[{"embeddable":true,"href":"https:\/\/www.medivoucher.com\/DE\/wp-json\/wp\/v2\/users\/1"}],"replies":[{"embeddable":true,"href":"https:\/\/www.medivoucher.com\/DE\/wp-json\/wp\/v2\/comments?post=1104"}],"version-history":[{"count":9,"href":"https:\/\/www.medivoucher.com\/DE\/wp-json\/wp\/v2\/pages\/1104\/revisions"}],"predecessor-version":[{"id":1615,"href":"https:\/\/www.medivoucher.com\/DE\/wp-json\/wp\/v2\/pages\/1104\/revisions\/1615"}],"wp:attachment":[{"href":"https:\/\/www.medivoucher.com\/DE\/wp-json\/wp\/v2\/media?parent=1104"}],"curies":[{"name":"wp","href":"https:\/\/api.w.org\/{rel}","templated":true}]}}